{"id":235384,"date":"2025-03-21T14:37:57","date_gmt":"2025-03-21T14:37:57","guid":{"rendered":"https:\/\/aromasentia.com\/product\/body-cross-bag-natural-cotton-blue-white\/"},"modified":"2025-06-23T19:00:02","modified_gmt":"2025-06-23T19:00:02","slug":"sac-a-bandouliere-en-coton-naturel-bleu-blanc","status":"publish","type":"product","link":"https:\/\/aromasentia.com\/fr\/sac-a-bandouliere-en-coton-naturel-bleu-blanc\/","title":{"rendered":"Sac \u00e0 Bandouli\u00e8re en Coton Naturel &#8211; Bleu &#038; Blanc"},"content":{"rendered":"<p>D\u00e9couvrez notre <strong>Sac crois\u00e9 \u00e0 bandouli\u00e8re en coton naturel bleu et blanc<\/strong> : \u00e9l\u00e9gant, durable et fonctionnel.&nbsp;<\/p>\n<p>Fabriqu\u00e9 en coton naturel fin, il est dot\u00e9 de bretelles r\u00e9glables et de poches s\u00e9curis\u00e9es.&nbsp;<\/p>\n<p>Parfaits pour toutes les occasions, ces sacs \u00e9cologiques sont indispensables !&nbsp;<\/p>\n<p><strong>Mati\u00e8re :<\/strong> Coton naturel&nbsp;<\/p>\n<p><strong>Dimensions : <\/strong>34 x 18 x 5 cm (13,5 cm)&nbsp;<\/p>\n<p><strong>Longueur de la sangle : <\/strong>r\u00e9glable 51 &#8211; 96 cm (20.1 x 37.8 inch)&nbsp;<\/p>\n<p><strong>Fermeture r\u00e9glable : <\/strong>deux poches zipp\u00e9es, une fermeture \u00e0 bouton pression&nbsp;<\/p>\n<p><strong>Conseils d&rsquo;entretien : <\/strong>Lavage \u00e0 la main uniquement recommand\u00e9<\/p>\n","protected":false},"excerpt":{"rendered":"<p>D\u00e9couvrez notre Sac crois\u00e9 \u00e0 bandouli\u00e8re en coton naturel bleu et blanc : \u00e9l\u00e9gant, durable et fonctionnel.&nbsp; Fabriqu\u00e9 en coton naturel fin, il est dot\u00e9 de bretelles r\u00e9glables et de poches s\u00e9curis\u00e9es.&nbsp; Parfaits pour toutes les occasions, ces sacs \u00e9cologiques sont indispensables !&nbsp; Mati\u00e8re : Coton naturel&nbsp; Dimensions : 34 x 18 x 5 cm [&hellip;]<\/p>\n","protected":false},"featured_media":318330,"comment_status":"closed","ping_status":"open","template":"","meta":{"_angie_page":false},"product_brand":[],"product_cat":[19652,19651],"product_tag":[],"class_list":{"0":"post-235384","1":"product","2":"type-product","3":"status-publish","4":"has-post-thumbnail","6":"product_cat-sacs-sacs-a-dos","7":"product_cat-sacs-ecologiques","8":"pa_collection-natural-cotton-cross-body-bags-fr","9":"pa_made-in-inde","11":"first","12":"instock","13":"purchasable","14":"product-type-simple"},"supplier_id":null,"supplier_sku":"BCrB-06","barcode":null,"atum_controlled":true,"out_stock_date":null,"out_stock_threshold":null,"inheritable":false,"inbound_stock":null,"stock_on_hold":0,"sold_today":0,"sales_last_days":0,"reserved_stock":null,"customer_returns":null,"warehouse_damage":null,"lost_in_post":null,"other_logs":null,"out_stock_days":0,"lost_sales":0,"has_location":null,"update_date":"2026-04-27T06:54:36","atum_locations":[],"atum_stock_status":"instock","restock_status":false,"low_stock_amount":"","sales_update_date":"2026-01-30T01:26:00","calc_backorders":null,"_links":{"self":[{"href":"https:\/\/aromasentia.com\/fr\/wp-json\/wp\/v2\/product\/235384","targetHints":{"allow":["GET"]}}],"collection":[{"href":"https:\/\/aromasentia.com\/fr\/wp-json\/wp\/v2\/product"}],"about":[{"href":"https:\/\/aromasentia.com\/fr\/wp-json\/wp\/v2\/types\/product"}],"replies":[{"embeddable":true,"href":"https:\/\/aromasentia.com\/fr\/wp-json\/wp\/v2\/comments?post=235384"}],"version-history":[{"count":0,"href":"https:\/\/aromasentia.com\/fr\/wp-json\/wp\/v2\/product\/235384\/revisions"}],"wp:featuredmedia":[{"embeddable":true,"href":"https:\/\/aromasentia.com\/fr\/wp-json\/wp\/v2\/media\/318330"}],"wp:attachment":[{"href":"https:\/\/aromasentia.com\/fr\/wp-json\/wp\/v2\/media?parent=235384"}],"wp:term":[{"taxonomy":"product_brand","embeddable":true,"href":"https:\/\/aromasentia.com\/fr\/wp-json\/wp\/v2\/product_brand?post=235384"},{"taxonomy":"product_cat","embeddable":true,"href":"https:\/\/aromasentia.com\/fr\/wp-json\/wp\/v2\/product_cat?post=235384"},{"taxonomy":"product_tag","embeddable":true,"href":"https:\/\/aromasentia.com\/fr\/wp-json\/wp\/v2\/product_tag?post=235384"}],"curies":[{"name":"wp","href":"https:\/\/api.w.org\/{rel}","templated":true}]}}