{"id":235328,"date":"2025-03-21T14:38:01","date_gmt":"2025-03-21T14:38:01","guid":{"rendered":"https:\/\/aromasentia.com\/product\/big-cotton-shopping-bag-38x42cm-forest-life-10oz\/"},"modified":"2025-06-23T18:59:52","modified_gmt":"2025-06-23T18:59:52","slug":"grand-cabas-en-coton-38x42cm-vie-forestiere-10oz","status":"publish","type":"product","link":"https:\/\/aromasentia.com\/fr\/grand-cabas-en-coton-38x42cm-vie-forestiere-10oz\/","title":{"rendered":"Grand Cabas en coton &#8211; 38x42cm &#8211; Vie Foresti\u00e8re &#8211; 10oz"},"content":{"rendered":"<p>Ancient Wisdom propose une vaste gamme de sacs en coton \u00e9cologique, qui sont disponibles dans le style classique en toile de coton ou imprim\u00e9s.<\/p>\n<p><strong><span style=\"color: rgb(75, 80, 88);\">Grand sac \u00e0 provisions en coton &#8211; Vie Foresti\u00e8re<\/span><\/strong> est imprim\u00e9 avec un beau motif forestier.&nbsp;<\/p>\n<p>Les sacs en coton deviennent rapidement l&rsquo;un de nos meilleurs vendeurs, ils sont id\u00e9aux pour les campagnes, les \u00e9v\u00e9nements, les magasins de ferme et les \u00e9piceries.&nbsp;<\/p>\n<p>Ils sont solides et pratiques et pr\u00e9sent\u00e9s en diff\u00e9rentes tailles pour r\u00e9pondre aux besoins de vos clients, nos sacs sont con&ccedil;us pour durer.<\/p>\n<p><em>&nbsp;Taille : 38&#215;42 cm<\/em><\/p>\n","protected":false},"excerpt":{"rendered":"<p>Ancient Wisdom propose une vaste gamme de sacs en coton \u00e9cologique, qui sont disponibles dans le style classique en toile de coton ou imprim\u00e9s. Grand sac \u00e0 provisions en coton &#8211; Vie Foresti\u00e8re est imprim\u00e9 avec un beau motif forestier.&nbsp; Les sacs en coton deviennent rapidement l&rsquo;un de nos meilleurs vendeurs, ils sont id\u00e9aux pour [&hellip;]<\/p>\n","protected":false},"featured_media":319132,"comment_status":"closed","ping_status":"open","template":"","meta":{"_angie_page":false},"product_brand":[],"product_cat":[19652,19651],"product_tag":[],"class_list":{"0":"post-235328","1":"product","2":"type-product","3":"status-publish","4":"has-post-thumbnail","6":"product_cat-sacs-sacs-a-dos","7":"product_cat-sacs-ecologiques","8":"pa_collection-very-simple-eco-cotton-bags-fr","9":"pa_made-in-inde","11":"first","12":"instock","13":"purchasable","14":"product-type-simple"},"supplier_id":null,"supplier_sku":"COTT-10A","barcode":null,"atum_controlled":true,"out_stock_date":null,"out_stock_threshold":null,"inheritable":false,"inbound_stock":null,"stock_on_hold":0,"sold_today":0,"sales_last_days":0,"reserved_stock":null,"customer_returns":null,"warehouse_damage":null,"lost_in_post":null,"other_logs":null,"out_stock_days":0,"lost_sales":0,"has_location":null,"update_date":"2026-04-27T06:58:16","atum_locations":[],"atum_stock_status":"instock","restock_status":false,"low_stock_amount":"","sales_update_date":"2026-01-20T05:13:15","calc_backorders":null,"_links":{"self":[{"href":"https:\/\/aromasentia.com\/fr\/wp-json\/wp\/v2\/product\/235328","targetHints":{"allow":["GET"]}}],"collection":[{"href":"https:\/\/aromasentia.com\/fr\/wp-json\/wp\/v2\/product"}],"about":[{"href":"https:\/\/aromasentia.com\/fr\/wp-json\/wp\/v2\/types\/product"}],"replies":[{"embeddable":true,"href":"https:\/\/aromasentia.com\/fr\/wp-json\/wp\/v2\/comments?post=235328"}],"version-history":[{"count":0,"href":"https:\/\/aromasentia.com\/fr\/wp-json\/wp\/v2\/product\/235328\/revisions"}],"wp:featuredmedia":[{"embeddable":true,"href":"https:\/\/aromasentia.com\/fr\/wp-json\/wp\/v2\/media\/319132"}],"wp:attachment":[{"href":"https:\/\/aromasentia.com\/fr\/wp-json\/wp\/v2\/media?parent=235328"}],"wp:term":[{"taxonomy":"product_brand","embeddable":true,"href":"https:\/\/aromasentia.com\/fr\/wp-json\/wp\/v2\/product_brand?post=235328"},{"taxonomy":"product_cat","embeddable":true,"href":"https:\/\/aromasentia.com\/fr\/wp-json\/wp\/v2\/product_cat?post=235328"},{"taxonomy":"product_tag","embeddable":true,"href":"https:\/\/aromasentia.com\/fr\/wp-json\/wp\/v2\/product_tag?post=235328"}],"curies":[{"name":"wp","href":"https:\/\/api.w.org\/{rel}","templated":true}]}}