{"id":235324,"date":"2025-03-21T14:38:01","date_gmt":"2025-03-21T14:38:01","guid":{"rendered":"https:\/\/aromasentia.com\/product\/two-tone-cotton-bag-38x42x12cm-grey-black-10oz\/"},"modified":"2025-06-23T18:59:52","modified_gmt":"2025-06-23T18:59:52","slug":"sac-en-coton-bicolore-38x42x12cm-gris-noir-10oz","status":"publish","type":"product","link":"https:\/\/aromasentia.com\/fr\/sac-en-coton-bicolore-38x42x12cm-gris-noir-10oz\/","title":{"rendered":"Sac en Coton Bicolore &#8211; 38x42x12cm &#8211; Gris &#038; Noir &#8211; 10oz"},"content":{"rendered":"<p><strong><span style=\"color: rgb(75, 80, 88);\">Sac en coton deux tons Ancient Wisdom &#8211; Gris et noir<\/span><\/strong>&nbsp;<\/p>\n<p>Les sacs en coton deviennent rapidement l&rsquo;un de nos meilleurs vendeurs, ils sont id\u00e9aux pour les campagnes, les \u00e9v\u00e9nements, les magasins de ferme et les \u00e9piceries.&nbsp;<\/p>\n<p>En outre, ces sacs ont une zone d&rsquo;impression parfaite \u00e0 des fins promotionnelles, peuvent \u00eatre utilis\u00e9s pour imprimer des logos d&rsquo;entreprise, par exemple, ils sont solides et pratiques et pr\u00e9sent\u00e9s en diff\u00e9rentes tailles pour r\u00e9pondre aux besoins de vos clients, nos sacs sont con&ccedil;us pour durer.<\/p>\n<p><em>Taille : 38&#215;42 cm<\/em> <\/p>\n<p><strong><span style=\"color: rgb(141, 186, 216);\">Ancient Wisdom propose une vaste gamme de sacs en coton \u00e9cologique, qui sont disponibles dans le style classique en toile de coton ou imprim\u00e9s.<\/span><\/strong><\/p>\n","protected":false},"excerpt":{"rendered":"<p>Sac en coton deux tons Ancient Wisdom &#8211; Gris et noir&nbsp; Les sacs en coton deviennent rapidement l&rsquo;un de nos meilleurs vendeurs, ils sont id\u00e9aux pour les campagnes, les \u00e9v\u00e9nements, les magasins de ferme et les \u00e9piceries.&nbsp; En outre, ces sacs ont une zone d&rsquo;impression parfaite \u00e0 des fins promotionnelles, peuvent \u00eatre utilis\u00e9s pour imprimer [&hellip;]<\/p>\n","protected":false},"featured_media":319099,"comment_status":"closed","ping_status":"open","template":"","meta":[],"product_brand":[],"product_cat":[19652,19651,19722],"product_tag":[],"class_list":{"0":"post-235324","1":"product","2":"type-product","3":"status-publish","4":"has-post-thumbnail","6":"product_cat-sacs-sacs-a-dos","7":"product_cat-sacs-ecologiques","8":"product_cat-sacs-ethno-nepalais-et-sacs-bandouliere","9":"pa_collection-very-simple-eco-cotton-bags-fr","10":"pa_made-in-inde","12":"first","13":"instock","14":"purchasable","15":"product-type-simple"},"supplier_id":null,"supplier_sku":"COTT-15","barcode":null,"atum_controlled":true,"out_stock_date":null,"out_stock_threshold":null,"inheritable":false,"inbound_stock":null,"stock_on_hold":0,"sold_today":0,"sales_last_days":0,"reserved_stock":null,"customer_returns":null,"warehouse_damage":null,"lost_in_post":null,"other_logs":null,"out_stock_days":0,"lost_sales":0,"has_location":null,"update_date":"2026-01-30T01:25:43","atum_locations":[],"atum_stock_status":"instock","restock_status":false,"low_stock_amount":"","sales_update_date":"2026-01-30T01:25:43","calc_backorders":null,"_links":{"self":[{"href":"https:\/\/aromasentia.com\/fr\/wp-json\/wp\/v2\/product\/235324","targetHints":{"allow":["GET"]}}],"collection":[{"href":"https:\/\/aromasentia.com\/fr\/wp-json\/wp\/v2\/product"}],"about":[{"href":"https:\/\/aromasentia.com\/fr\/wp-json\/wp\/v2\/types\/product"}],"replies":[{"embeddable":true,"href":"https:\/\/aromasentia.com\/fr\/wp-json\/wp\/v2\/comments?post=235324"}],"version-history":[{"count":0,"href":"https:\/\/aromasentia.com\/fr\/wp-json\/wp\/v2\/product\/235324\/revisions"}],"wp:featuredmedia":[{"embeddable":true,"href":"https:\/\/aromasentia.com\/fr\/wp-json\/wp\/v2\/media\/319099"}],"wp:attachment":[{"href":"https:\/\/aromasentia.com\/fr\/wp-json\/wp\/v2\/media?parent=235324"}],"wp:term":[{"taxonomy":"product_brand","embeddable":true,"href":"https:\/\/aromasentia.com\/fr\/wp-json\/wp\/v2\/product_brand?post=235324"},{"taxonomy":"product_cat","embeddable":true,"href":"https:\/\/aromasentia.com\/fr\/wp-json\/wp\/v2\/product_cat?post=235324"},{"taxonomy":"product_tag","embeddable":true,"href":"https:\/\/aromasentia.com\/fr\/wp-json\/wp\/v2\/product_tag?post=235324"}],"curies":[{"name":"wp","href":"https:\/\/api.w.org\/{rel}","templated":true}]}}