{"id":235288,"date":"2025-03-21T14:38:01","date_gmt":"2025-03-21T14:38:01","guid":{"rendered":"https:\/\/aromasentia.com\/product\/med-natural-6oz-cotton-bag-35x30cm\/"},"modified":"2025-06-23T18:59:48","modified_gmt":"2025-06-23T18:59:48","slug":"sacs-coton-naturel-moyen-170g-35x30cm","status":"publish","type":"product","link":"https:\/\/aromasentia.com\/fr\/sacs-coton-naturel-moyen-170g-35x30cm\/","title":{"rendered":"Sacs coton Naturel Moyen 170g 35x30cm"},"content":{"rendered":"<p>Vente en gros de <strong><span style=\"color: rgb(75, 80, 88);\">Sacs en coton Naturel Moyen<\/span><\/strong> pour vous aider \u00e0 remplacer les sacs en plastique nocifs pour notre plan\u00e8te. Les sacs en coton deviennent rapidement l&rsquo;un de nos meilleurs vendeurs, ils sont id\u00e9aux pour les campagnes, les \u00e9v\u00e9nements, les magasins de ferme et les \u00e9piceries.&nbsp;<\/p>\n<p>En outre, ces sacs ont une zone d&rsquo;impression parfaite \u00e0 des fins promotionnelles, peuvent \u00eatre utilis\u00e9s pour imprimer des logos d&rsquo;entreprise, par exemple, ils sont solides et pratiques et pr\u00e9sent\u00e9s dans diff\u00e9rentes tailles et couleurs pour r\u00e9pondre aux besoins de vos clients, les sacs en coton Ancient Wisdom sont con&ccedil;us pour durer. et peut \u00eatre utilis\u00e9 maintes et maintes fois.&nbsp;<\/p>\n<p>Imaginez le bien que vous ferez \u00e0 notre plan\u00e8te en rempla&ccedil;ant les sacs plastiques par ces sacs en coton.&nbsp;<\/p>\n<p><strong><span style=\"color: rgb(141, 186, 216);\">Commandez aujourd&rsquo;hui et r\u00e9alisez des b\u00e9n\u00e9fices suppl\u00e9mentaires <\/span><\/strong><\/p>\n<p>Taille du sac : Largeur : 30cm, Hauteur 35cm, Longueur des bretelles : 63cm, Poids 80g<\/p>\n","protected":false},"excerpt":{"rendered":"<p>Vente en gros de Sacs en coton Naturel Moyen pour vous aider \u00e0 remplacer les sacs en plastique nocifs pour notre plan\u00e8te. Les sacs en coton deviennent rapidement l&rsquo;un de nos meilleurs vendeurs, ils sont id\u00e9aux pour les campagnes, les \u00e9v\u00e9nements, les magasins de ferme et les \u00e9piceries.&nbsp; En outre, ces sacs ont une zone [&hellip;]<\/p>\n","protected":false},"featured_media":318850,"comment_status":"closed","ping_status":"open","template":"","meta":{"_angie_page":false},"product_brand":[],"product_cat":[19652,19651,19722],"product_tag":[],"class_list":{"0":"post-235288","1":"product","2":"type-product","3":"status-publish","4":"has-post-thumbnail","6":"product_cat-sacs-sacs-a-dos","7":"product_cat-sacs-ecologiques","8":"product_cat-sacs-ethno-nepalais-et-sacs-bandouliere","9":"pa_collection-cotton-tote-bags-100-natural-cotton-fr","10":"pa_made-in-inde","12":"first","13":"instock","14":"purchasable","15":"product-type-simple"},"supplier_id":null,"supplier_sku":"CCOTT-14","barcode":null,"atum_controlled":true,"out_stock_date":null,"out_stock_threshold":null,"inheritable":false,"inbound_stock":null,"stock_on_hold":0,"sold_today":0,"sales_last_days":0,"reserved_stock":null,"customer_returns":null,"warehouse_damage":null,"lost_in_post":null,"other_logs":null,"out_stock_days":0,"lost_sales":0,"has_location":null,"update_date":"2026-05-08T05:06:08","atum_locations":[],"atum_stock_status":"instock","restock_status":false,"low_stock_amount":"","sales_update_date":"2026-01-30T01:26:11","calc_backorders":null,"_links":{"self":[{"href":"https:\/\/aromasentia.com\/fr\/wp-json\/wp\/v2\/product\/235288","targetHints":{"allow":["GET"]}}],"collection":[{"href":"https:\/\/aromasentia.com\/fr\/wp-json\/wp\/v2\/product"}],"about":[{"href":"https:\/\/aromasentia.com\/fr\/wp-json\/wp\/v2\/types\/product"}],"replies":[{"embeddable":true,"href":"https:\/\/aromasentia.com\/fr\/wp-json\/wp\/v2\/comments?post=235288"}],"version-history":[{"count":0,"href":"https:\/\/aromasentia.com\/fr\/wp-json\/wp\/v2\/product\/235288\/revisions"}],"wp:featuredmedia":[{"embeddable":true,"href":"https:\/\/aromasentia.com\/fr\/wp-json\/wp\/v2\/media\/318850"}],"wp:attachment":[{"href":"https:\/\/aromasentia.com\/fr\/wp-json\/wp\/v2\/media?parent=235288"}],"wp:term":[{"taxonomy":"product_brand","embeddable":true,"href":"https:\/\/aromasentia.com\/fr\/wp-json\/wp\/v2\/product_brand?post=235288"},{"taxonomy":"product_cat","embeddable":true,"href":"https:\/\/aromasentia.com\/fr\/wp-json\/wp\/v2\/product_cat?post=235288"},{"taxonomy":"product_tag","embeddable":true,"href":"https:\/\/aromasentia.com\/fr\/wp-json\/wp\/v2\/product_tag?post=235288"}],"curies":[{"name":"wp","href":"https:\/\/api.w.org\/{rel}","templated":true}]}}