{"id":235240,"date":"2025-03-21T14:38:06","date_gmt":"2025-03-21T14:38:06","guid":{"rendered":"https:\/\/aromasentia.com\/product\/fab-fringe-bag-elephant-embroidery\/"},"modified":"2025-06-23T18:59:40","modified_gmt":"2025-06-23T18:59:40","slug":"sac-a-franges-brode-elephant","status":"publish","type":"product","link":"https:\/\/aromasentia.com\/fr\/sac-a-franges-brode-elephant\/","title":{"rendered":"Sac \u00e0 Franges Brod\u00e9 &#8211; Elephant"},"content":{"rendered":"<p>Sacs naturels en Jute avec des motifs d\u00e9contract\u00e9s avec des imprim\u00e9s tendances et motifs brod\u00e9s. Cadeau id\u00e9al pour toutes occasions!<\/p>\n<p>&nbsp;Fini avec une sangle en effet cuir de qualit\u00e9 (PVC &#8211; 112 cm), vos clients peuvent vraiment les utiliser pour faire un affichage magnifique.&nbsp;<\/p>\n<p>Fabriqu\u00e9s \u00e0 Bali par une petite entreprise familiale.<\/p>\n<p><strong>Taille du sac: H:24cm x L:20cm Poids: 120g&nbsp;<\/strong><\/p>\n<p>Faites des affaires suppl\u00e9mentaires avec ces superbes sacs fashion!<\/p>\n","protected":false},"excerpt":{"rendered":"<p>Sacs naturels en Jute avec des motifs d\u00e9contract\u00e9s avec des imprim\u00e9s tendances et motifs brod\u00e9s. Cadeau id\u00e9al pour toutes occasions! &nbsp;Fini avec une sangle en effet cuir de qualit\u00e9 (PVC &#8211; 112 cm), vos clients peuvent vraiment les utiliser pour faire un affichage magnifique.&nbsp; Fabriqu\u00e9s \u00e0 Bali par une petite entreprise familiale. Taille du sac: [&hellip;]<\/p>\n","protected":false},"featured_media":319742,"comment_status":"closed","ping_status":"open","template":"","meta":{"_angie_page":false},"product_brand":[],"product_cat":[19652,19651],"product_tag":[],"class_list":{"0":"post-235240","1":"product","2":"type-product","3":"status-publish","4":"has-post-thumbnail","6":"product_cat-sacs-sacs-a-dos","7":"product_cat-sacs-ecologiques","8":"pa_collection-fab-fringe-bags-fr","9":"pa_made-in-indonesie","11":"first","12":"instock","13":"purchasable","14":"product-type-simple"},"supplier_id":null,"supplier_sku":"FFB-02","barcode":null,"atum_controlled":true,"out_stock_date":null,"out_stock_threshold":null,"inheritable":false,"inbound_stock":null,"stock_on_hold":0,"sold_today":0,"sales_last_days":0,"reserved_stock":null,"customer_returns":null,"warehouse_damage":null,"lost_in_post":null,"other_logs":null,"out_stock_days":0,"lost_sales":0,"has_location":null,"update_date":"2026-05-02T17:47:59","atum_locations":[],"atum_stock_status":"instock","restock_status":false,"low_stock_amount":"","sales_update_date":"2026-01-30T01:26:15","calc_backorders":null,"_links":{"self":[{"href":"https:\/\/aromasentia.com\/fr\/wp-json\/wp\/v2\/product\/235240","targetHints":{"allow":["GET"]}}],"collection":[{"href":"https:\/\/aromasentia.com\/fr\/wp-json\/wp\/v2\/product"}],"about":[{"href":"https:\/\/aromasentia.com\/fr\/wp-json\/wp\/v2\/types\/product"}],"replies":[{"embeddable":true,"href":"https:\/\/aromasentia.com\/fr\/wp-json\/wp\/v2\/comments?post=235240"}],"version-history":[{"count":0,"href":"https:\/\/aromasentia.com\/fr\/wp-json\/wp\/v2\/product\/235240\/revisions"}],"wp:featuredmedia":[{"embeddable":true,"href":"https:\/\/aromasentia.com\/fr\/wp-json\/wp\/v2\/media\/319742"}],"wp:attachment":[{"href":"https:\/\/aromasentia.com\/fr\/wp-json\/wp\/v2\/media?parent=235240"}],"wp:term":[{"taxonomy":"product_brand","embeddable":true,"href":"https:\/\/aromasentia.com\/fr\/wp-json\/wp\/v2\/product_brand?post=235240"},{"taxonomy":"product_cat","embeddable":true,"href":"https:\/\/aromasentia.com\/fr\/wp-json\/wp\/v2\/product_cat?post=235240"},{"taxonomy":"product_tag","embeddable":true,"href":"https:\/\/aromasentia.com\/fr\/wp-json\/wp\/v2\/product_tag?post=235240"}],"curies":[{"name":"wp","href":"https:\/\/api.w.org\/{rel}","templated":true}]}}