{"id":235088,"date":"2025-03-21T14:43:57","date_gmt":"2025-03-21T14:43:57","guid":{"rendered":"https:\/\/aromasentia.com\/product\/reusable-fashion-face-covering-awgifts-adult\/"},"modified":"2025-06-23T18:59:20","modified_gmt":"2025-06-23T18:59:20","slug":"masques-personnalises-en-tissu-adulte-awgifts","status":"publish","type":"product","link":"https:\/\/aromasentia.com\/fr\/masques-personnalises-en-tissu-adulte-awgifts\/","title":{"rendered":"Masques Personnalis\u00e9s en Tissu Adulte &#8211; AWGifts"},"content":{"rendered":"<p>Restez en s\u00e9curit\u00e9 et \u00e9l\u00e9gant avec ce couvre-visage r\u00e9utilisable de AWGifts pour adultes. Con\u00e7u pour \u00eatre port\u00e9 confortablement au quotidien, ce couvre-visage offre une alternative r\u00e9utilisable et lavable aux masques jetables. Bien que le design ne soit pas d\u00e9taill\u00e9, il vise \u00e0 apporter un \u00e9l\u00e9ment de mode \u00e0 vos v\u00eatements de protection. Con\u00e7u en taille adulte, il vous aide \u00e0 respecter les directives sanitaires tout en exprimant une touche de style personnel dans les espaces publics.<\/p>\n","protected":false},"excerpt":{"rendered":"<p>Restez en s\u00e9curit\u00e9 et \u00e9l\u00e9gant avec ce couvre-visage r\u00e9utilisable de AWGifts pour adultes. Con\u00e7u pour \u00eatre port\u00e9 confortablement au quotidien, ce couvre-visage offre une alternative r\u00e9utilisable et lavable aux masques jetables. Bien que le design ne soit pas d\u00e9taill\u00e9, il vise \u00e0 apporter un \u00e9l\u00e9ment de mode \u00e0 vos v\u00eatements de protection. Con\u00e7u en taille [&hellip;]<\/p>\n","protected":false},"featured_media":320904,"comment_status":"closed","ping_status":"open","template":"","meta":{"_angie_page":false},"product_brand":[],"product_cat":[25836],"product_tag":[],"class_list":{"0":"post-235088","1":"product","2":"type-product","3":"status-publish","4":"has-post-thumbnail","6":"product_cat-vetements","7":"pa_made-in-chine","9":"first","10":"instock","11":"purchasable","12":"product-type-simple"},"supplier_id":null,"supplier_sku":"FFM-39","barcode":null,"atum_controlled":true,"out_stock_date":null,"out_stock_threshold":null,"inheritable":false,"inbound_stock":null,"stock_on_hold":0,"sold_today":0,"sales_last_days":0,"reserved_stock":null,"customer_returns":null,"warehouse_damage":null,"lost_in_post":null,"other_logs":null,"out_stock_days":0,"lost_sales":0,"has_location":null,"update_date":"2026-02-11T18:08:25","atum_locations":[],"atum_stock_status":"instock","restock_status":false,"low_stock_amount":"","sales_update_date":"2025-09-05T00:22:52","calc_backorders":null,"_links":{"self":[{"href":"https:\/\/aromasentia.com\/fr\/wp-json\/wp\/v2\/product\/235088","targetHints":{"allow":["GET"]}}],"collection":[{"href":"https:\/\/aromasentia.com\/fr\/wp-json\/wp\/v2\/product"}],"about":[{"href":"https:\/\/aromasentia.com\/fr\/wp-json\/wp\/v2\/types\/product"}],"replies":[{"embeddable":true,"href":"https:\/\/aromasentia.com\/fr\/wp-json\/wp\/v2\/comments?post=235088"}],"version-history":[{"count":0,"href":"https:\/\/aromasentia.com\/fr\/wp-json\/wp\/v2\/product\/235088\/revisions"}],"wp:featuredmedia":[{"embeddable":true,"href":"https:\/\/aromasentia.com\/fr\/wp-json\/wp\/v2\/media\/320904"}],"wp:attachment":[{"href":"https:\/\/aromasentia.com\/fr\/wp-json\/wp\/v2\/media?parent=235088"}],"wp:term":[{"taxonomy":"product_brand","embeddable":true,"href":"https:\/\/aromasentia.com\/fr\/wp-json\/wp\/v2\/product_brand?post=235088"},{"taxonomy":"product_cat","embeddable":true,"href":"https:\/\/aromasentia.com\/fr\/wp-json\/wp\/v2\/product_cat?post=235088"},{"taxonomy":"product_tag","embeddable":true,"href":"https:\/\/aromasentia.com\/fr\/wp-json\/wp\/v2\/product_tag?post=235088"}],"curies":[{"name":"wp","href":"https:\/\/api.w.org\/{rel}","templated":true}]}}