{"id":234980,"date":"2025-03-21T14:44:03","date_gmt":"2025-03-21T14:44:03","guid":{"rendered":"https:\/\/aromasentia.com\/product\/body-cross-natural-hemp-cotton-travel-bag\/"},"modified":"2025-06-23T18:59:06","modified_gmt":"2025-06-23T18:59:06","slug":"sac-a-bandouliere-en-chanvre-et-cotton-sac-de-voyage","status":"publish","type":"product","link":"https:\/\/aromasentia.com\/fr\/sac-a-bandouliere-en-chanvre-et-cotton-sac-de-voyage\/","title":{"rendered":"Sac \u00e0 Bandouli\u00e8re en Chanvre et Cotton- Sac de Voyage"},"content":{"rendered":"<p><strong><span style=\"color: rgb(75, 80, 88);\">Fabriqu\u00e9s \u00e0 Katmandou, au N\u00e9pal, avec un m\u00e9lange de coton et de chanvre pur,<\/span><\/strong> ces sacs sont tendance, \u00e0 la mode, bien con&ccedil;us et&#8230; eh bien&#8230; totalement g\u00e9niaux.&nbsp;<\/p>\n<p>Ce qu&rsquo;il ne faut pas aimer, pratique et solide avec du chanvre et du coton \u00e9cologiques.&nbsp;<\/p>\n<p>Tous les sacs ont beaucoup de pochettes et de poches. Ils ont \u00e9t\u00e9 con&ccedil;us pour la vraie vie &#8211; vos clients vont adorer la qualit\u00e9 et le toucher. Ne vous inqui\u00e9tez pas, le chanvre ne vous fera pas planer, \u00e0 part peut-\u00eatre en haut d&rsquo;une montagne \ud83d\ude42 Ce qui pourrait bien \u00eatre \u00e9lev\u00e9, ce sont vos ventes.&nbsp;<\/p>\n<p><strong><span style=\"color: rgb(141, 186, 216);\">Faites le plein aujourd&rsquo;hui pour profiter du boom de tout ce qui concerne le chanvre.&nbsp;<\/span><\/strong><\/p>\n<p>Voir chaque page de produit individuelle pour les tailles et les poids.<\/p>\n","protected":false},"excerpt":{"rendered":"<p>Fabriqu\u00e9s \u00e0 Katmandou, au N\u00e9pal, avec un m\u00e9lange de coton et de chanvre pur, ces sacs sont tendance, \u00e0 la mode, bien con&ccedil;us et&#8230; eh bien&#8230; totalement g\u00e9niaux.&nbsp; Ce qu&rsquo;il ne faut pas aimer, pratique et solide avec du chanvre et du coton \u00e9cologiques.&nbsp; Tous les sacs ont beaucoup de pochettes et de poches. Ils [&hellip;]<\/p>\n","protected":false},"featured_media":321629,"comment_status":"closed","ping_status":"open","template":"","meta":{"_angie_page":false},"product_brand":[],"product_cat":[19652,19722],"product_tag":[],"class_list":{"0":"post-234980","1":"product","2":"type-product","3":"status-publish","4":"has-post-thumbnail","6":"product_cat-sacs-sacs-a-dos","7":"product_cat-sacs-ethno-nepalais-et-sacs-bandouliere","8":"pa_collection-pure-hemp-and-cotton-bags-fr","9":"pa_made-in-nepal","11":"first","12":"instock","13":"purchasable","14":"product-type-simple"},"supplier_id":null,"supplier_sku":"HempB-15","barcode":null,"atum_controlled":true,"out_stock_date":null,"out_stock_threshold":null,"inheritable":false,"inbound_stock":null,"stock_on_hold":0,"sold_today":0,"sales_last_days":0,"reserved_stock":null,"customer_returns":null,"warehouse_damage":null,"lost_in_post":null,"other_logs":null,"out_stock_days":0,"lost_sales":0,"has_location":null,"update_date":"2026-04-27T07:07:42","atum_locations":[],"atum_stock_status":"instock","restock_status":false,"low_stock_amount":"","sales_update_date":"2026-01-30T01:26:23","calc_backorders":null,"_links":{"self":[{"href":"https:\/\/aromasentia.com\/fr\/wp-json\/wp\/v2\/product\/234980","targetHints":{"allow":["GET"]}}],"collection":[{"href":"https:\/\/aromasentia.com\/fr\/wp-json\/wp\/v2\/product"}],"about":[{"href":"https:\/\/aromasentia.com\/fr\/wp-json\/wp\/v2\/types\/product"}],"replies":[{"embeddable":true,"href":"https:\/\/aromasentia.com\/fr\/wp-json\/wp\/v2\/comments?post=234980"}],"version-history":[{"count":0,"href":"https:\/\/aromasentia.com\/fr\/wp-json\/wp\/v2\/product\/234980\/revisions"}],"wp:featuredmedia":[{"embeddable":true,"href":"https:\/\/aromasentia.com\/fr\/wp-json\/wp\/v2\/media\/321629"}],"wp:attachment":[{"href":"https:\/\/aromasentia.com\/fr\/wp-json\/wp\/v2\/media?parent=234980"}],"wp:term":[{"taxonomy":"product_brand","embeddable":true,"href":"https:\/\/aromasentia.com\/fr\/wp-json\/wp\/v2\/product_brand?post=234980"},{"taxonomy":"product_cat","embeddable":true,"href":"https:\/\/aromasentia.com\/fr\/wp-json\/wp\/v2\/product_cat?post=234980"},{"taxonomy":"product_tag","embeddable":true,"href":"https:\/\/aromasentia.com\/fr\/wp-json\/wp\/v2\/product_tag?post=234980"}],"curies":[{"name":"wp","href":"https:\/\/api.w.org\/{rel}","templated":true}]}}