{"id":234944,"date":"2025-03-21T14:44:08","date_gmt":"2025-03-21T14:44:08","guid":{"rendered":"https:\/\/aromasentia.com\/product\/hemp-phone-tobacoo-anything-wrap-pouch-assorted\/"},"modified":"2025-06-23T18:59:00","modified_gmt":"2025-06-23T18:59:00","slug":"pochette-en-chanvre-pour-telephone-tabac-autres-assortie","status":"publish","type":"product","link":"https:\/\/aromasentia.com\/fr\/pochette-en-chanvre-pour-telephone-tabac-autres-assortie\/","title":{"rendered":"Pochette en Chanvre pour T\u00e9l\u00e9phone\/Tabac\/Autres (assortie)"},"content":{"rendered":"<p>Les <strong>Pochettes en Chanvre pour T\u00e9l\u00e9phone\/Tabac\/Autres (Assorties)&nbsp;<\/strong>sont des accessoires fonctionnels et styl\u00e9s, con&ccedil;us pour simplifier votre quotidien tout en \u00e9tant respectueux de l\u2019environnement. Fabriqu\u00e9es en coton &amp; chanvre naturel au N\u00e9pal, ces pochettes allient robustesse, praticit\u00e9 et design \u00e9coresponsable.&nbsp;<\/p>\n<p>Ce lot de quatre pochettes assorties est id\u00e9al pour ranger vos essentiels comme votre t\u00e9l\u00e9phone, des petits objets de tabac, ou d\u2019autres accessoires du quotidien.&nbsp;<\/p>\n<p><strong>Caract\u00e9ristiques principales&nbsp;<\/strong><\/p>\n<p>&#8211; Mat\u00e9riau : chanvre et coton naturel, une fibre r\u00e9sistante, durable et respectueuse de l\u2019environnement.&nbsp;<\/p>\n<p>&#8211; Fabrication : Confectionn\u00e9es \u00e0 la main au N\u00e9pal, ces pochettes soutiennent le commerce \u00e9quitable et les artisans locaux.&nbsp;<\/p>\n<p>&#8211; Dimensions : Taille compacte et pratique, parfaitement adapt\u00e9e pour un t\u00e9l\u00e9phone portable, du tabac, des cl\u00e9s, des cartes ou tout autre petit objet.&nbsp;<\/p>\n<p>&#8211; Design : Lot de quatre pochettes assorties, offrant des designs simples et \u00e9l\u00e9gants qui s\u2019adaptent \u00e0 diff\u00e9rents besoins.&nbsp;<\/p>\n<p>&#8211; Couleur : Assortiment de couleurs naturelles et sobres, faciles \u00e0 assortir avec tout style.&nbsp;<\/p>\n<p>Pourquoi choisir le chanvre ? Le chanvre est une mati\u00e8re naturellement r\u00e9sistante et \u00e9cologique, id\u00e9ale pour des accessoires du quotidien. Il est \u00e0 la fois l\u00e9ger, durable et offre une alternative responsable aux mat\u00e9riaux synth\u00e9tiques.&nbsp;<\/p>\n<p><strong>Ajoutez ces Pochettes en Chanvre pour T\u00e9l\u00e9phone\/Tabac\/Autres \u00e0 votre s\u00e9lection, et proposez \u00e0 vos clients une solution pratique et durable pour organiser leurs petits objets, tout en soutenant l\u2019artisanat \u00e9thique et respectueux de l\u2019environnement !<\/strong><\/p>\n","protected":false},"excerpt":{"rendered":"<p>Les Pochettes en Chanvre pour T\u00e9l\u00e9phone\/Tabac\/Autres (Assorties)&nbsp;sont des accessoires fonctionnels et styl\u00e9s, con&ccedil;us pour simplifier votre quotidien tout en \u00e9tant respectueux de l\u2019environnement. Fabriqu\u00e9es en coton &amp; chanvre naturel au N\u00e9pal, ces pochettes allient robustesse, praticit\u00e9 et design \u00e9coresponsable.&nbsp; Ce lot de quatre pochettes assorties est id\u00e9al pour ranger vos essentiels comme votre t\u00e9l\u00e9phone, des [&hellip;]<\/p>\n","protected":false},"featured_media":322876,"comment_status":"closed","ping_status":"open","template":"","meta":{"_angie_page":false},"product_brand":[],"product_cat":[19652,19722],"product_tag":[],"class_list":{"0":"post-234944","1":"product","2":"type-product","3":"status-publish","4":"has-post-thumbnail","6":"product_cat-sacs-sacs-a-dos","7":"product_cat-sacs-ethno-nepalais-et-sacs-bandouliere","8":"pa_collection-pure-hemp-and-cotton-bags-fr","9":"pa_made-in-nepal","11":"first","12":"instock","13":"purchasable","14":"product-type-simple"},"supplier_id":null,"supplier_sku":"HempB-45","barcode":null,"atum_controlled":true,"out_stock_date":null,"out_stock_threshold":null,"inheritable":false,"inbound_stock":null,"stock_on_hold":0,"sold_today":0,"sales_last_days":0,"reserved_stock":null,"customer_returns":null,"warehouse_damage":null,"lost_in_post":null,"other_logs":null,"out_stock_days":0,"lost_sales":0,"has_location":null,"update_date":"2026-04-27T07:07:04","atum_locations":[],"atum_stock_status":"instock","restock_status":false,"low_stock_amount":"","sales_update_date":"2026-01-30T01:25:56","calc_backorders":null,"_links":{"self":[{"href":"https:\/\/aromasentia.com\/fr\/wp-json\/wp\/v2\/product\/234944","targetHints":{"allow":["GET"]}}],"collection":[{"href":"https:\/\/aromasentia.com\/fr\/wp-json\/wp\/v2\/product"}],"about":[{"href":"https:\/\/aromasentia.com\/fr\/wp-json\/wp\/v2\/types\/product"}],"replies":[{"embeddable":true,"href":"https:\/\/aromasentia.com\/fr\/wp-json\/wp\/v2\/comments?post=234944"}],"version-history":[{"count":0,"href":"https:\/\/aromasentia.com\/fr\/wp-json\/wp\/v2\/product\/234944\/revisions"}],"wp:featuredmedia":[{"embeddable":true,"href":"https:\/\/aromasentia.com\/fr\/wp-json\/wp\/v2\/media\/322876"}],"wp:attachment":[{"href":"https:\/\/aromasentia.com\/fr\/wp-json\/wp\/v2\/media?parent=234944"}],"wp:term":[{"taxonomy":"product_brand","embeddable":true,"href":"https:\/\/aromasentia.com\/fr\/wp-json\/wp\/v2\/product_brand?post=234944"},{"taxonomy":"product_cat","embeddable":true,"href":"https:\/\/aromasentia.com\/fr\/wp-json\/wp\/v2\/product_cat?post=234944"},{"taxonomy":"product_tag","embeddable":true,"href":"https:\/\/aromasentia.com\/fr\/wp-json\/wp\/v2\/product_tag?post=234944"}],"curies":[{"name":"wp","href":"https:\/\/api.w.org\/{rel}","templated":true}]}}