{"id":234928,"date":"2025-03-21T14:44:08","date_gmt":"2025-03-21T14:44:08","guid":{"rendered":"https:\/\/aromasentia.com\/product\/hemp-laptop-messenger-bag-triangle\/"},"modified":"2025-06-23T18:58:58","modified_gmt":"2025-06-23T18:58:58","slug":"sac-messager-en-chanvre-pour-ordinateur-portable-triangle","status":"publish","type":"product","link":"https:\/\/aromasentia.com\/fr\/sac-messager-en-chanvre-pour-ordinateur-portable-triangle\/","title":{"rendered":"Sac Messager en Chanvre pour Ordinateur Portable &#8211; Triangle"},"content":{"rendered":"<p>Le <strong>Sac Messager en Chanvre pour Ordinateur Portable&nbsp;<\/strong>&#8211; Courbes est l\u2019accessoire parfait pour les professionnels et les \u00e9tudiants en qu\u00eate d\u2019\u00e9l\u00e9gance durable. Avec son design ergonomique inspir\u00e9 de courbes modernes et \u00e9pur\u00e9es, ce sac allie style, fonctionnalit\u00e9, et engagement \u00e9cologique. Fabriqu\u00e9 en chanvre naturel au N\u00e9pal, il soutient l\u2019artisanat local tout en offrant une solution \u00e9coresponsable pour transporter votre ordinateur portable en toute s\u00e9curit\u00e9.&nbsp;<\/p>\n<p><strong>Caract\u00e9ristiques principales&nbsp;<\/strong><\/p>\n<p>&#8211; Mat\u00e9riau : chanvre et coton naturel, durable et respectueux de l\u2019environnement, id\u00e9al pour un usage quotidien.&nbsp;<\/p>\n<p>&#8211; Fabrication : Fait main au N\u00e9pal, ce sac soutient l\u2019artisanat traditionnel et contribue \u00e0 l\u2019\u00e9conomie locale.&nbsp;<\/p>\n<p>&#8211; Design : Forme \u00e9l\u00e9gante avec des lignes courbes, offrant un look moderne et intemporel.&nbsp;<\/p>\n<p>&#8211; Fonctionnalit\u00e9 : Poche rembourr\u00e9e pour ordinateur portable, poches internes pour organiser les petits objets, et une bandouli\u00e8re ajustable et rembourr\u00e9e pour un confort optimal.&nbsp;<\/p>\n<p>&#8211; Couleur : Disponible dans des tons naturels qui s\u2019adaptent \u00e0 tous les styles.&nbsp;<\/p>\n<p><strong>Pourquoi le chanvre ?&nbsp;<\/strong><\/p>\n<p>En plus de sa robustesse, le chanvre est une fibre \u00e9cologique qui consomme peu d\u2019eau et de pesticides. Choisir un sac en chanvre, c\u2019est faire le choix d\u2019une consommation responsable et d\u2019un produit con&ccedil;u pour durer.&nbsp;<\/p>\n<p><strong>Int\u00e9grez ce Sac Messager en Chanvre pour Ordinateur Portable &#8211; Courbes dans votre offre, et proposez \u00e0 vos clients un accessoire fonctionnel, durable et \u00e9l\u00e9gant qui refl\u00e8te les valeurs de l\u2019\u00e9coresponsabilit\u00e9 !<\/strong><\/p>\n","protected":false},"excerpt":{"rendered":"<p>Le Sac Messager en Chanvre pour Ordinateur Portable&nbsp;&#8211; Courbes est l\u2019accessoire parfait pour les professionnels et les \u00e9tudiants en qu\u00eate d\u2019\u00e9l\u00e9gance durable. Avec son design ergonomique inspir\u00e9 de courbes modernes et \u00e9pur\u00e9es, ce sac allie style, fonctionnalit\u00e9, et engagement \u00e9cologique. Fabriqu\u00e9 en chanvre naturel au N\u00e9pal, il soutient l\u2019artisanat local tout en offrant une solution [&hellip;]<\/p>\n","protected":false},"featured_media":322768,"comment_status":"closed","ping_status":"open","template":"","meta":{"_angie_page":false},"product_brand":[],"product_cat":[19652,19722],"product_tag":[],"class_list":{"0":"post-234928","1":"product","2":"type-product","3":"status-publish","4":"has-post-thumbnail","6":"product_cat-sacs-sacs-a-dos","7":"product_cat-sacs-ethno-nepalais-et-sacs-bandouliere","8":"pa_collection-pure-hemp-and-cotton-bags-fr","9":"pa_made-in-nepal","11":"first","12":"instock","13":"purchasable","14":"product-type-simple"},"supplier_id":null,"supplier_sku":"HempB-41","barcode":null,"atum_controlled":true,"out_stock_date":null,"out_stock_threshold":null,"inheritable":false,"inbound_stock":null,"stock_on_hold":0,"sold_today":0,"sales_last_days":0,"reserved_stock":null,"customer_returns":null,"warehouse_damage":null,"lost_in_post":null,"other_logs":null,"out_stock_days":0,"lost_sales":0,"has_location":null,"update_date":"2026-04-27T07:07:04","atum_locations":[],"atum_stock_status":"instock","restock_status":false,"low_stock_amount":"","sales_update_date":"2026-01-30T01:24:55","calc_backorders":null,"_links":{"self":[{"href":"https:\/\/aromasentia.com\/fr\/wp-json\/wp\/v2\/product\/234928","targetHints":{"allow":["GET"]}}],"collection":[{"href":"https:\/\/aromasentia.com\/fr\/wp-json\/wp\/v2\/product"}],"about":[{"href":"https:\/\/aromasentia.com\/fr\/wp-json\/wp\/v2\/types\/product"}],"replies":[{"embeddable":true,"href":"https:\/\/aromasentia.com\/fr\/wp-json\/wp\/v2\/comments?post=234928"}],"version-history":[{"count":0,"href":"https:\/\/aromasentia.com\/fr\/wp-json\/wp\/v2\/product\/234928\/revisions"}],"wp:featuredmedia":[{"embeddable":true,"href":"https:\/\/aromasentia.com\/fr\/wp-json\/wp\/v2\/media\/322768"}],"wp:attachment":[{"href":"https:\/\/aromasentia.com\/fr\/wp-json\/wp\/v2\/media?parent=234928"}],"wp:term":[{"taxonomy":"product_brand","embeddable":true,"href":"https:\/\/aromasentia.com\/fr\/wp-json\/wp\/v2\/product_brand?post=234928"},{"taxonomy":"product_cat","embeddable":true,"href":"https:\/\/aromasentia.com\/fr\/wp-json\/wp\/v2\/product_cat?post=234928"},{"taxonomy":"product_tag","embeddable":true,"href":"https:\/\/aromasentia.com\/fr\/wp-json\/wp\/v2\/product_tag?post=234928"}],"curies":[{"name":"wp","href":"https:\/\/api.w.org\/{rel}","templated":true}]}}