{"id":234920,"date":"2025-03-21T14:44:08","date_gmt":"2025-03-21T14:44:08","guid":{"rendered":"https:\/\/aromasentia.com\/product\/hemp-trekking-rolling-backpack-sunset-orange\/"},"modified":"2025-06-23T18:58:57","modified_gmt":"2025-06-23T18:58:57","slug":"sac-a-dos-roule-de-randonnee-en-chanvre-sunset-orange","status":"publish","type":"product","link":"https:\/\/aromasentia.com\/fr\/sac-a-dos-roule-de-randonnee-en-chanvre-sunset-orange\/","title":{"rendered":"Sac \u00e0 Dos Roul\u00e9 de Randonn\u00e9e en Chanvre &#8211; Sunset Orange"},"content":{"rendered":"<p>Le <strong>Sac \u00e0 Dos Roul\u00e9 de Randonn\u00e9e en Chanvre &#8211; Sunset Orange<\/strong> est con&ccedil;u pour les aventuriers en qu\u00eate de style et de durabilit\u00e9. Avec sa teinte vibrante de sunset orange, il \u00e9voque les couleurs chaleureuses du coucher de soleil, tout en offrant un espace de rangement optimis\u00e9 pour les randonn\u00e9es ou les d\u00e9placements quotidiens. Fabriqu\u00e9 \u00e0 la main au N\u00e9pal en chanvre naturel, ce sac refl\u00e8te un engagement envers des pratiques artisanales et durables.&nbsp;<\/p>\n<p><strong>Caract\u00e9ristiques principales&nbsp;<\/strong><\/p>\n<p>&#8211; Mat\u00e9riau : chanvre et coton naturel, reconnu pour sa r\u00e9sistance et son faible impact environnemental.&nbsp;<\/p>\n<p>&#8211; Fabrication : R\u00e9alis\u00e9 artisanalement au N\u00e9pal, soutenant ainsi l\u2019\u00e9conomie locale et les artisans qualifi\u00e9s.&nbsp;<\/p>\n<p>&#8211; Dimensions : Format modulable gr\u00e2ce \u00e0 la fermeture roul\u00e9e, offrant un compartiment spacieux pour vos essentiels de randonn\u00e9e (v\u00eatements, bouteille d\u2019eau, appareils, etc.).&nbsp;<\/p>\n<p>&#8211; Couleur : Sunset orange, une couleur vive et audacieuse qui apporte une touche d\u2019\u00e9nergie et de style.&nbsp;<\/p>\n<p>&#8211; Fonctionnalit\u00e9 : Compartiment principal \u00e0 fermeture roul\u00e9e pour ajuster la capacit\u00e9, poches lat\u00e9rales pour un acc\u00e8s rapide aux petits objets et poches int\u00e9rieures pour une organisation optimale.&nbsp;<\/p>\n<p>&#8211; Confort : Bretelles rembourr\u00e9es et ajustables, parfaites pour des aventures prolong\u00e9es avec un confort maximal.&nbsp;<\/p>\n<p>Pourquoi opter pour le chanvre ? Le chanvre est une mati\u00e8re durable, \u00e9cologique et naturellement r\u00e9sistante. En choisissant ce sac, vous privil\u00e9giez un accessoire de qualit\u00e9, respectueux de la plan\u00e8te et id\u00e9al pour des utilisations vari\u00e9es.&nbsp;<\/p>\n<p><strong>Ajoutez le Sac \u00e0 Dos Roul\u00e9 de Randonn\u00e9e &#8211; Sunset Orange \u00e0 votre collection, et proposez \u00e0 vos clients un produit color\u00e9, \u00e9coresponsable et parfaitement adapt\u00e9 aux amoureux d\u2019aventure et de nature !<\/strong><\/p>\n","protected":false},"excerpt":{"rendered":"<p>Le Sac \u00e0 Dos Roul\u00e9 de Randonn\u00e9e en Chanvre &#8211; Sunset Orange est con&ccedil;u pour les aventuriers en qu\u00eate de style et de durabilit\u00e9. Avec sa teinte vibrante de sunset orange, il \u00e9voque les couleurs chaleureuses du coucher de soleil, tout en offrant un espace de rangement optimis\u00e9 pour les randonn\u00e9es ou les d\u00e9placements quotidiens. [&hellip;]<\/p>\n","protected":false},"featured_media":322694,"comment_status":"closed","ping_status":"open","template":"","meta":{"_angie_page":false},"product_brand":[],"product_cat":[19652,25825,19722],"product_tag":[],"class_list":{"0":"post-234920","1":"product","2":"type-product","3":"status-publish","4":"has-post-thumbnail","6":"product_cat-sacs-sacs-a-dos","7":"product_cat-sacs-a-dos","8":"product_cat-sacs-ethno-nepalais-et-sacs-bandouliere","9":"pa_collection-pure-hemp-and-cotton-bags-fr","10":"pa_made-in-nepal","12":"first","13":"instock","14":"purchasable","15":"product-type-simple"},"supplier_id":null,"supplier_sku":"HempB-39","barcode":null,"atum_controlled":true,"out_stock_date":null,"out_stock_threshold":null,"inheritable":false,"inbound_stock":null,"stock_on_hold":0,"sold_today":0,"sales_last_days":0,"reserved_stock":null,"customer_returns":null,"warehouse_damage":null,"lost_in_post":null,"other_logs":null,"out_stock_days":0,"lost_sales":0,"has_location":null,"update_date":"2026-04-27T07:07:04","atum_locations":[],"atum_stock_status":"instock","restock_status":false,"low_stock_amount":"","sales_update_date":"2026-01-30T01:24:52","calc_backorders":null,"_links":{"self":[{"href":"https:\/\/aromasentia.com\/fr\/wp-json\/wp\/v2\/product\/234920","targetHints":{"allow":["GET"]}}],"collection":[{"href":"https:\/\/aromasentia.com\/fr\/wp-json\/wp\/v2\/product"}],"about":[{"href":"https:\/\/aromasentia.com\/fr\/wp-json\/wp\/v2\/types\/product"}],"replies":[{"embeddable":true,"href":"https:\/\/aromasentia.com\/fr\/wp-json\/wp\/v2\/comments?post=234920"}],"version-history":[{"count":0,"href":"https:\/\/aromasentia.com\/fr\/wp-json\/wp\/v2\/product\/234920\/revisions"}],"wp:featuredmedia":[{"embeddable":true,"href":"https:\/\/aromasentia.com\/fr\/wp-json\/wp\/v2\/media\/322694"}],"wp:attachment":[{"href":"https:\/\/aromasentia.com\/fr\/wp-json\/wp\/v2\/media?parent=234920"}],"wp:term":[{"taxonomy":"product_brand","embeddable":true,"href":"https:\/\/aromasentia.com\/fr\/wp-json\/wp\/v2\/product_brand?post=234920"},{"taxonomy":"product_cat","embeddable":true,"href":"https:\/\/aromasentia.com\/fr\/wp-json\/wp\/v2\/product_cat?post=234920"},{"taxonomy":"product_tag","embeddable":true,"href":"https:\/\/aromasentia.com\/fr\/wp-json\/wp\/v2\/product_tag?post=234920"}],"curies":[{"name":"wp","href":"https:\/\/api.w.org\/{rel}","templated":true}]}}