{"id":234916,"date":"2025-03-21T14:44:08","date_gmt":"2025-03-21T14:44:08","guid":{"rendered":"https:\/\/aromasentia.com\/product\/hemp-trekking-rolling-backpack-sage\/"},"modified":"2025-06-23T18:58:56","modified_gmt":"2025-06-23T18:58:56","slug":"sac-a-dos-roule-de-randonnee-en-chanvre-vert-sauge","status":"publish","type":"product","link":"https:\/\/aromasentia.com\/fr\/sac-a-dos-roule-de-randonnee-en-chanvre-vert-sauge\/","title":{"rendered":"Sac \u00e0 Dos Roul\u00e9 de Randonn\u00e9e en Chanvre &#8211; Vert Sauge"},"content":{"rendered":"<p>Le<strong>&nbsp;Sac \u00e0 Dos Roul\u00e9 de Randonn\u00e9e en Chanvre &#8211; Vert Sauge<\/strong> est un compagnon id\u00e9al pour les amateurs de nature et d&rsquo;exploration. Avec son design pratique et sa teinte douce de vert sauge, il allie style et fonctionnalit\u00e9 pour vos randonn\u00e9es et d\u00e9placements quotidiens. Fabriqu\u00e9 au N\u00e9pal en chanvre naturel, ce sac \u00e0 dos \u00e9coresponsable t\u00e9moigne du savoir-faire artisanal tout en respectant des valeurs durables.&nbsp;<\/p>\n<p><strong>Caract\u00e9ristiques principales&nbsp;<\/strong><\/p>\n<p>&#8211; Mat\u00e9riau : chanvre et coton naturel, r\u00e9sistant et \u00e9cologique, parfait pour une utilisation en ext\u00e9rieur.&nbsp;<\/p>\n<p>&#8211; Fabrication : Con&ccedil;u artisanalement au N\u00e9pal, ce sac contribue au soutien de l\u2019\u00e9conomie locale et valorise les traditions artisanales.&nbsp;<\/p>\n<p>&#8211; Dimensions : Format spacieux avec un compartiment principal \u00e0 fermeture roul\u00e9e, permettant d\u2019ajuster la taille en fonction de vos besoins.&nbsp;<\/p>\n<p>&#8211; Couleur : Vert sauge, une teinte douce et apaisante qui se fond naturellement dans les paysages de randonn\u00e9e.&nbsp;<\/p>\n<p>&#8211; Fonctionnalit\u00e9 : Grand compartiment principal \u00e0 fermeture roul\u00e9e pour une s\u00e9curit\u00e9 optimale, poches lat\u00e9rales pour ranger les petits objets et compartiment interne pour mieux organiser votre \u00e9quipement.&nbsp;<\/p>\n<p>&#8211; Confort : Bretelles rembourr\u00e9es et ajustables pour un port confortable, m\u00eame sur de longues distances.&nbsp;<\/p>\n<p>Pourquoi le chanvre ? Le chanvre est une fibre \u00e9cologique, r\u00e9put\u00e9e pour sa durabilit\u00e9 et sa r\u00e9sistance. Choisir ce sac en chanvre, c&rsquo;est faire un geste pour l&rsquo;environnement tout en profitant d\u2019un accessoire solide et authentique.&nbsp;<\/p>\n<p><strong>Int\u00e9grez ce Sac \u00e0 Dos Roul\u00e9 de Randonn\u00e9e &#8211; Vert Sauge dans votre offre, et proposez \u00e0 vos clients un produit \u00e9l\u00e9gant et durable qui incarne les valeurs de l\u2019aventure et de l\u2019\u00e9coresponsabilit\u00e9 !<\/strong><\/p>\n","protected":false},"excerpt":{"rendered":"<p>Le&nbsp;Sac \u00e0 Dos Roul\u00e9 de Randonn\u00e9e en Chanvre &#8211; Vert Sauge est un compagnon id\u00e9al pour les amateurs de nature et d&rsquo;exploration. Avec son design pratique et sa teinte douce de vert sauge, il allie style et fonctionnalit\u00e9 pour vos randonn\u00e9es et d\u00e9placements quotidiens. Fabriqu\u00e9 au N\u00e9pal en chanvre naturel, ce sac \u00e0 dos \u00e9coresponsable [&hellip;]<\/p>\n","protected":false},"featured_media":322645,"comment_status":"closed","ping_status":"open","template":"","meta":{"_angie_page":false},"product_brand":[],"product_cat":[19652,25825,19722],"product_tag":[],"class_list":{"0":"post-234916","1":"product","2":"type-product","3":"status-publish","4":"has-post-thumbnail","6":"product_cat-sacs-sacs-a-dos","7":"product_cat-sacs-a-dos","8":"product_cat-sacs-ethno-nepalais-et-sacs-bandouliere","9":"pa_collection-pure-hemp-and-cotton-bags-fr","10":"pa_made-in-nepal","12":"first","13":"instock","14":"purchasable","15":"product-type-simple"},"supplier_id":null,"supplier_sku":"HempB-38","barcode":null,"atum_controlled":true,"out_stock_date":null,"out_stock_threshold":null,"inheritable":false,"inbound_stock":null,"stock_on_hold":0,"sold_today":0,"sales_last_days":0,"reserved_stock":null,"customer_returns":null,"warehouse_damage":null,"lost_in_post":null,"other_logs":null,"out_stock_days":0,"lost_sales":0,"has_location":null,"update_date":"2026-04-27T07:07:04","atum_locations":[],"atum_stock_status":"instock","restock_status":false,"low_stock_amount":"","sales_update_date":"2026-01-30T01:24:59","calc_backorders":null,"_links":{"self":[{"href":"https:\/\/aromasentia.com\/fr\/wp-json\/wp\/v2\/product\/234916","targetHints":{"allow":["GET"]}}],"collection":[{"href":"https:\/\/aromasentia.com\/fr\/wp-json\/wp\/v2\/product"}],"about":[{"href":"https:\/\/aromasentia.com\/fr\/wp-json\/wp\/v2\/types\/product"}],"replies":[{"embeddable":true,"href":"https:\/\/aromasentia.com\/fr\/wp-json\/wp\/v2\/comments?post=234916"}],"version-history":[{"count":0,"href":"https:\/\/aromasentia.com\/fr\/wp-json\/wp\/v2\/product\/234916\/revisions"}],"wp:featuredmedia":[{"embeddable":true,"href":"https:\/\/aromasentia.com\/fr\/wp-json\/wp\/v2\/media\/322645"}],"wp:attachment":[{"href":"https:\/\/aromasentia.com\/fr\/wp-json\/wp\/v2\/media?parent=234916"}],"wp:term":[{"taxonomy":"product_brand","embeddable":true,"href":"https:\/\/aromasentia.com\/fr\/wp-json\/wp\/v2\/product_brand?post=234916"},{"taxonomy":"product_cat","embeddable":true,"href":"https:\/\/aromasentia.com\/fr\/wp-json\/wp\/v2\/product_cat?post=234916"},{"taxonomy":"product_tag","embeddable":true,"href":"https:\/\/aromasentia.com\/fr\/wp-json\/wp\/v2\/product_tag?post=234916"}],"curies":[{"name":"wp","href":"https:\/\/api.w.org\/{rel}","templated":true}]}}