{"id":234912,"date":"2025-03-21T14:44:08","date_gmt":"2025-03-21T14:44:08","guid":{"rendered":"https:\/\/aromasentia.com\/product\/hemp-adventure-backpack-kathmandu\/"},"modified":"2025-06-23T18:58:56","modified_gmt":"2025-06-23T18:58:56","slug":"sac-a-dos-chanvre-aventure-katmandou","status":"publish","type":"product","link":"https:\/\/aromasentia.com\/fr\/sac-a-dos-chanvre-aventure-katmandou\/","title":{"rendered":"Sac \u00e0 Dos Chanvre Aventure &#8211; Katmandou"},"content":{"rendered":"<p>Le <strong>Sac \u00e0 Dos Chanvre Aventure &#8211; Katmandou<\/strong> incarne l\u2019essence de l\u2019artisanat n\u00e9palais avec un design robuste et authentique, id\u00e9al pour les explorateurs urbains et les aventuriers.&nbsp;<\/p>\n<p>Fabriqu\u00e9 au N\u00e9pal en chanvre naturel, ce sac \u00e9coresponsable est con&ccedil;u pour durer et r\u00e9pondre aux besoins de ceux qui recherchent un style \u00e0 la fois pratique et unique.&nbsp;<\/p>\n<p><strong>Caract\u00e9ristiques principales&nbsp;<\/strong><\/p>\n<p>&#8211; Mat\u00e9riau : chanvre et coton naturel, respectueux de l\u2019environnement et r\u00e9sistant aux usages quotidiens.&nbsp;<\/p>\n<p>&#8211; Fabrication : Confectionn\u00e9 artisanalement au N\u00e9pal, soutenant ainsi les artisans locaux et une \u00e9conomie responsable.&nbsp;<\/p>\n<p>&#8211; Dimensions : Format spacieux, parfait pour contenir des objets essentiels de voyage ou du quotidien (v\u00eatements, cahiers, ordinateurs, etc.).&nbsp;<\/p>\n<p>&#8211; Design : Inspir\u00e9 par l\u2019\u00e9nergie de Katmandou, avec des lignes intemporelles et une touche d\u2019authenticit\u00e9 n\u00e9palaise.&nbsp;<\/p>\n<p>&#8211; Compartiments : Un grand compartiment principal et des poches lat\u00e9rales pour une organisation optimale de vos affaires.&nbsp;<\/p>\n<p>&#8211; Confort : Bretelles rembourr\u00e9es et ajustables pour un confort optimal, m\u00eame lors de longues journ\u00e9es d\u2019exploration.&nbsp;<\/p>\n<p>Pourquoi choisir le chanvre ?&nbsp;<\/p>\n<p>Le chanvre est une fibre respectueuse de la plan\u00e8te, offrant r\u00e9sistance et durabilit\u00e9 naturelle. En choisissant un sac en chanvre fabriqu\u00e9 au N\u00e9pal, vous soutenez des pratiques \u00e9thiques et contribuez \u00e0 la pr\u00e9servation de l\u2019artisanat traditionnel.&nbsp;<\/p>\n<p><strong>Ajoutez le Sac \u00e0 Dos Aventure &#8211; Katmandou \u00e0 votre s\u00e9lection, et proposez \u00e0 vos clients un accessoire \u00e9coresponsable et authentique qui fera la diff\u00e9rence !<\/strong><\/p>\n","protected":false},"excerpt":{"rendered":"<p>Le Sac \u00e0 Dos Chanvre Aventure &#8211; Katmandou incarne l\u2019essence de l\u2019artisanat n\u00e9palais avec un design robuste et authentique, id\u00e9al pour les explorateurs urbains et les aventuriers.&nbsp; Fabriqu\u00e9 au N\u00e9pal en chanvre naturel, ce sac \u00e9coresponsable est con&ccedil;u pour durer et r\u00e9pondre aux besoins de ceux qui recherchent un style \u00e0 la fois pratique et [&hellip;]<\/p>\n","protected":false},"featured_media":322628,"comment_status":"closed","ping_status":"open","template":"","meta":{"_angie_page":false},"product_brand":[],"product_cat":[19652,25825,19722],"product_tag":[],"class_list":{"0":"post-234912","1":"product","2":"type-product","3":"status-publish","4":"has-post-thumbnail","6":"product_cat-sacs-sacs-a-dos","7":"product_cat-sacs-a-dos","8":"product_cat-sacs-ethno-nepalais-et-sacs-bandouliere","9":"pa_collection-pure-hemp-and-cotton-bags-fr","10":"pa_made-in-nepal","12":"first","13":"instock","14":"purchasable","15":"product-type-simple"},"supplier_id":null,"supplier_sku":"HempB-37","barcode":null,"atum_controlled":true,"out_stock_date":null,"out_stock_threshold":null,"inheritable":false,"inbound_stock":null,"stock_on_hold":0,"sold_today":0,"sales_last_days":0,"reserved_stock":null,"customer_returns":null,"warehouse_damage":null,"lost_in_post":null,"other_logs":null,"out_stock_days":0,"lost_sales":0,"has_location":null,"update_date":"2026-04-30T13:08:10","atum_locations":[],"atum_stock_status":"instock","restock_status":false,"low_stock_amount":"","sales_update_date":"2026-01-30T01:24:52","calc_backorders":null,"_links":{"self":[{"href":"https:\/\/aromasentia.com\/fr\/wp-json\/wp\/v2\/product\/234912","targetHints":{"allow":["GET"]}}],"collection":[{"href":"https:\/\/aromasentia.com\/fr\/wp-json\/wp\/v2\/product"}],"about":[{"href":"https:\/\/aromasentia.com\/fr\/wp-json\/wp\/v2\/types\/product"}],"replies":[{"embeddable":true,"href":"https:\/\/aromasentia.com\/fr\/wp-json\/wp\/v2\/comments?post=234912"}],"version-history":[{"count":0,"href":"https:\/\/aromasentia.com\/fr\/wp-json\/wp\/v2\/product\/234912\/revisions"}],"wp:featuredmedia":[{"embeddable":true,"href":"https:\/\/aromasentia.com\/fr\/wp-json\/wp\/v2\/media\/322628"}],"wp:attachment":[{"href":"https:\/\/aromasentia.com\/fr\/wp-json\/wp\/v2\/media?parent=234912"}],"wp:term":[{"taxonomy":"product_brand","embeddable":true,"href":"https:\/\/aromasentia.com\/fr\/wp-json\/wp\/v2\/product_brand?post=234912"},{"taxonomy":"product_cat","embeddable":true,"href":"https:\/\/aromasentia.com\/fr\/wp-json\/wp\/v2\/product_cat?post=234912"},{"taxonomy":"product_tag","embeddable":true,"href":"https:\/\/aromasentia.com\/fr\/wp-json\/wp\/v2\/product_tag?post=234912"}],"curies":[{"name":"wp","href":"https:\/\/api.w.org\/{rel}","templated":true}]}}