{"id":234908,"date":"2025-03-21T14:44:08","date_gmt":"2025-03-21T14:44:08","guid":{"rendered":"https:\/\/aromasentia.com\/product\/hemp-adventure-backpack-annapurna\/"},"modified":"2025-06-23T18:58:55","modified_gmt":"2025-06-23T18:58:55","slug":"sac-a-dos-chanvre-aventure-annapurna","status":"publish","type":"product","link":"https:\/\/aromasentia.com\/fr\/sac-a-dos-chanvre-aventure-annapurna\/","title":{"rendered":"Sac \u00e0 Dos Chanvre Aventure &#8211; Annapurna"},"content":{"rendered":"<p>Le <strong>Sac \u00e0 Dos Chanvre Aventure &#8211; Annapurna&nbsp;<\/strong>est un compagnon parfait pour les aventuriers et les amoureux de la nature, con&ccedil;u pour allier style, durabilit\u00e9 et respect de l&rsquo;environnement. Fabriqu\u00e9 artisanalement au N\u00e9pal, ce sac met en valeur le savoir-faire local tout en utilisant le chanvre, une fibre naturelle et \u00e9coresponsable. Id\u00e9al pour la vie urbaine ou les escapades en plein air, ce sac \u00e0 dos est pens\u00e9 pour ceux qui souhaitent conjuguer praticit\u00e9 et conscience \u00e9cologique.&nbsp;<\/p>\n<p><strong>Caract\u00e9ristiques principales<\/strong>&nbsp;<\/p>\n<p>&#8211; Mat\u00e9riau : chanvre et coton naturel, une mati\u00e8re durable et \u00e0 faible impact environnemental.&nbsp;<\/p>\n<p>&#8211; Fabrication : Con&ccedil;u par des artisans n\u00e9palais, ce sac \u00e0 dos soutient l\u2019artisanat traditionnel et l\u2019\u00e9conomie locale.&nbsp;<\/p>\n<p>&#8211; Dimensions : Taille pratique pour transporter facilement tous vos essentiels d\u2019aventure (bouteille d&rsquo;eau, veste, carnet, etc.).&nbsp;<\/p>\n<p>&#8211; Design : Look inspir\u00e9 des treks de l\u2019Annapurna, avec une touche d\u2019authenticit\u00e9 et un style intemporel.&nbsp;<\/p>\n<p>&#8211; Compartiments : Un grand compartiment principal pour une capacit\u00e9 de stockage optimale, avec des poches suppl\u00e9mentaires pour mieux organiser vos affaires.&nbsp;<\/p>\n<p>&#8211; Confort : Bretelles r\u00e9glables et rembourr\u00e9es pour un port confortable, m\u00eame lors de longues randonn\u00e9es.&nbsp;<\/p>\n<p><strong>Pourquoi choisir le chanvre ?&nbsp;<\/strong><\/p>\n<p>Le chanvre est non seulement robuste et r\u00e9sistant aux intemp\u00e9ries, mais aussi l&rsquo;une des fibres les plus \u00e9cologiques. En optant pour ce sac, vous encouragez une consommation plus responsable et durable.&nbsp;<\/p>\n<p><strong>Int\u00e9grez le Sac \u00e0 Dos Aventure &#8211; Annapurna \u00e0 votre offre, et proposez \u00e0 vos clients un produit unique, fonctionnel et engag\u00e9.<\/strong><\/p>\n","protected":false},"excerpt":{"rendered":"<p>Le Sac \u00e0 Dos Chanvre Aventure &#8211; Annapurna&nbsp;est un compagnon parfait pour les aventuriers et les amoureux de la nature, con&ccedil;u pour allier style, durabilit\u00e9 et respect de l&rsquo;environnement. Fabriqu\u00e9 artisanalement au N\u00e9pal, ce sac met en valeur le savoir-faire local tout en utilisant le chanvre, une fibre naturelle et \u00e9coresponsable. Id\u00e9al pour la vie [&hellip;]<\/p>\n","protected":false},"featured_media":322603,"comment_status":"closed","ping_status":"open","template":"","meta":{"_angie_page":false},"product_brand":[],"product_cat":[19652,25825,19722],"product_tag":[],"class_list":{"0":"post-234908","1":"product","2":"type-product","3":"status-publish","4":"has-post-thumbnail","6":"product_cat-sacs-sacs-a-dos","7":"product_cat-sacs-a-dos","8":"product_cat-sacs-ethno-nepalais-et-sacs-bandouliere","9":"pa_collection-pure-hemp-and-cotton-bags-fr","10":"pa_made-in-nepal","12":"first","13":"instock","14":"purchasable","15":"product-type-simple"},"supplier_id":null,"supplier_sku":"HempB-36","barcode":null,"atum_controlled":true,"out_stock_date":null,"out_stock_threshold":null,"inheritable":false,"inbound_stock":null,"stock_on_hold":0,"sold_today":0,"sales_last_days":0,"reserved_stock":null,"customer_returns":null,"warehouse_damage":null,"lost_in_post":null,"other_logs":null,"out_stock_days":0,"lost_sales":0,"has_location":null,"update_date":"2026-04-27T07:07:04","atum_locations":[],"atum_stock_status":"instock","restock_status":false,"low_stock_amount":"","sales_update_date":"2026-01-30T01:25:02","calc_backorders":null,"_links":{"self":[{"href":"https:\/\/aromasentia.com\/fr\/wp-json\/wp\/v2\/product\/234908","targetHints":{"allow":["GET"]}}],"collection":[{"href":"https:\/\/aromasentia.com\/fr\/wp-json\/wp\/v2\/product"}],"about":[{"href":"https:\/\/aromasentia.com\/fr\/wp-json\/wp\/v2\/types\/product"}],"replies":[{"embeddable":true,"href":"https:\/\/aromasentia.com\/fr\/wp-json\/wp\/v2\/comments?post=234908"}],"version-history":[{"count":0,"href":"https:\/\/aromasentia.com\/fr\/wp-json\/wp\/v2\/product\/234908\/revisions"}],"wp:featuredmedia":[{"embeddable":true,"href":"https:\/\/aromasentia.com\/fr\/wp-json\/wp\/v2\/media\/322603"}],"wp:attachment":[{"href":"https:\/\/aromasentia.com\/fr\/wp-json\/wp\/v2\/media?parent=234908"}],"wp:term":[{"taxonomy":"product_brand","embeddable":true,"href":"https:\/\/aromasentia.com\/fr\/wp-json\/wp\/v2\/product_brand?post=234908"},{"taxonomy":"product_cat","embeddable":true,"href":"https:\/\/aromasentia.com\/fr\/wp-json\/wp\/v2\/product_cat?post=234908"},{"taxonomy":"product_tag","embeddable":true,"href":"https:\/\/aromasentia.com\/fr\/wp-json\/wp\/v2\/product_tag?post=234908"}],"curies":[{"name":"wp","href":"https:\/\/api.w.org\/{rel}","templated":true}]}}