{"id":234864,"date":"2025-03-21T14:44:12","date_gmt":"2025-03-21T14:44:12","guid":{"rendered":"https:\/\/aromasentia.com\/product\/hop-hare-pouch-i-am-brave\/"},"modified":"2025-06-23T18:58:48","modified_gmt":"2025-06-23T18:58:48","slug":"pochette-hop-hare-i-am-brave","status":"publish","type":"product","link":"https:\/\/aromasentia.com\/fr\/pochette-hop-hare-i-am-brave\/","title":{"rendered":"Pochette Hop Hare &#8211;  I am Brave"},"content":{"rendered":"<h1>D\u00e9couvrez la pochette Hop Hare &#8211; I am Brave<\/h1>\n<p>Un accessoire pratique et inspirant pour votre entreprise.&nbsp;<\/p>\n<p>Fabriqu\u00e9e avec des mat\u00e9riaux de haute qualit\u00e9, cette pochette offre une solution de rangement robuste et durable pour vos articles essentiels.&nbsp;<\/p>\n<p>Dot\u00e9e d&rsquo;un design \u00e9l\u00e9gant et orn\u00e9e du message positif \u00ab\u00a0I am Brave\u00a0\u00bb, elle incarne la force et le courage.&nbsp;<\/p>\n<p>Parfaite pour les professionnels \u00e0 la recherche d&rsquo;un accessoire fonctionnel et motivant, cette pochette Hop Hare encourage \u00e0 affronter chaque d\u00e9fi avec d\u00e9termination.&nbsp;<\/p>\n<p>Offrez \u00e0 vos clients un produit qui va au-del\u00e0 de l&rsquo;utilitaire et les inspire \u00e0 aller de l&rsquo;avant avec confiance.&nbsp;<\/p>\n<p><strong><em>Dimensions: 19 x 12 x 4.5cm<\/em><\/strong><\/p>\n<p><strong><span style=\"color: rgb(141, 186, 216);\">Commandez d\u00e8s maintenant pour int\u00e9grer cette pochette unique dans votre assortiment de produits<\/span><\/strong><\/p>\n","protected":false},"excerpt":{"rendered":"<p>D\u00e9couvrez la pochette Hop Hare &#8211; I am Brave Un accessoire pratique et inspirant pour votre entreprise.&nbsp; Fabriqu\u00e9e avec des mat\u00e9riaux de haute qualit\u00e9, cette pochette offre une solution de rangement robuste et durable pour vos articles essentiels.&nbsp; Dot\u00e9e d&rsquo;un design \u00e9l\u00e9gant et orn\u00e9e du message positif \u00ab\u00a0I am Brave\u00a0\u00bb, elle incarne la force et [&hellip;]<\/p>\n","protected":false},"featured_media":323416,"comment_status":"closed","ping_status":"open","template":"","meta":{"_angie_page":false},"product_brand":[27113],"product_cat":[19652,19651],"product_tag":[],"class_list":{"0":"post-234864","1":"product","2":"type-product","3":"status-publish","4":"has-post-thumbnail","6":"product_brand-hop-hare","7":"product_cat-sacs-sacs-a-dos","8":"product_cat-sacs-ecologiques","9":"pa_collection-hop-hare-pouches-fr","10":"pa_made-in-inde","12":"first","13":"instock","14":"purchasable","15":"product-type-simple"},"supplier_id":null,"supplier_sku":"HHP-02","barcode":null,"atum_controlled":true,"out_stock_date":null,"out_stock_threshold":null,"inheritable":false,"inbound_stock":null,"stock_on_hold":0,"sold_today":0,"sales_last_days":0,"reserved_stock":null,"customer_returns":null,"warehouse_damage":null,"lost_in_post":null,"other_logs":null,"out_stock_days":0,"lost_sales":0,"has_location":null,"update_date":"2026-04-27T07:07:27","atum_locations":[],"atum_stock_status":"instock","restock_status":false,"low_stock_amount":"","sales_update_date":"2026-01-30T01:24:59","calc_backorders":null,"_links":{"self":[{"href":"https:\/\/aromasentia.com\/fr\/wp-json\/wp\/v2\/product\/234864","targetHints":{"allow":["GET"]}}],"collection":[{"href":"https:\/\/aromasentia.com\/fr\/wp-json\/wp\/v2\/product"}],"about":[{"href":"https:\/\/aromasentia.com\/fr\/wp-json\/wp\/v2\/types\/product"}],"replies":[{"embeddable":true,"href":"https:\/\/aromasentia.com\/fr\/wp-json\/wp\/v2\/comments?post=234864"}],"version-history":[{"count":0,"href":"https:\/\/aromasentia.com\/fr\/wp-json\/wp\/v2\/product\/234864\/revisions"}],"wp:featuredmedia":[{"embeddable":true,"href":"https:\/\/aromasentia.com\/fr\/wp-json\/wp\/v2\/media\/323416"}],"wp:attachment":[{"href":"https:\/\/aromasentia.com\/fr\/wp-json\/wp\/v2\/media?parent=234864"}],"wp:term":[{"taxonomy":"product_brand","embeddable":true,"href":"https:\/\/aromasentia.com\/fr\/wp-json\/wp\/v2\/product_brand?post=234864"},{"taxonomy":"product_cat","embeddable":true,"href":"https:\/\/aromasentia.com\/fr\/wp-json\/wp\/v2\/product_cat?post=234864"},{"taxonomy":"product_tag","embeddable":true,"href":"https:\/\/aromasentia.com\/fr\/wp-json\/wp\/v2\/product_tag?post=234864"}],"curies":[{"name":"wp","href":"https:\/\/api.w.org\/{rel}","templated":true}]}}