{"id":234820,"date":"2025-03-21T14:44:12","date_gmt":"2025-03-21T14:44:12","guid":{"rendered":"https:\/\/aromasentia.com\/product\/patched-hemp-cotton-boho-festival-hat-tiedye\/"},"modified":"2025-06-23T18:58:43","modified_gmt":"2025-06-23T18:58:43","slug":"chapeaux-de-festival-boho-en-chanvre-coton-rapiece-tie-and-dye-2","status":"publish","type":"product","link":"https:\/\/aromasentia.com\/fr\/chapeaux-de-festival-boho-en-chanvre-coton-rapiece-tie-and-dye-2\/","title":{"rendered":"Chapeaux de Festival Boho en Chanvre &#038; Coton Rapi\u00e9c\u00e9 &#8211; Tie and dye"},"content":{"rendered":"<p>D\u00e9couvrez notre fabuleuse collection de<strong><span style=\"color: rgb(75, 80, 88);\">&nbsp;Chapeaux Boho en Chanvre &amp; Coton<\/span><\/strong>, parfaits pour ajouter une touche estivale \u00e0 votre magasin !<\/p>\n<p>Rehaussez le style estival de vos clients avec ces chapeaux de festival Boho en chanvre et coton tricot\u00e9s \u00e0 la main en couleur naturelle. Chaque chapeau est une \u0153uvre d&rsquo;art unique, m\u00e9ticuleusement tricot\u00e9e \u00e0 la main pour atteindre la perfection.&nbsp;<\/p>\n<p>Adoptez la tendance tie-dye avec ces chapeaux de festival Boho en chanvre et coton.&nbsp;<\/p>\n<p>La combinaison ludique de couleurs et de motifs permet \u00e0 ces chapeaux de se d\u00e9marquer dans la foule. Id\u00e9ales pour les festivaliers et les esprits libres, ces chapeaux sont une pi\u00e8ce de choix qui ajoute une touche hippie chic \u00e0 n&rsquo;importe quelle tenue.&nbsp;<\/p>\n<p><strong><span style=\"color: rgb(141, 186, 216);\">Ils sont indispensables pour les clients qui souhaitent se d\u00e9marquer cet \u00e9t\u00e9.<\/span><\/strong><\/p>\n","protected":false},"excerpt":{"rendered":"<p>D\u00e9couvrez notre fabuleuse collection de&nbsp;Chapeaux Boho en Chanvre &amp; Coton, parfaits pour ajouter une touche estivale \u00e0 votre magasin ! Rehaussez le style estival de vos clients avec ces chapeaux de festival Boho en chanvre et coton tricot\u00e9s \u00e0 la main en couleur naturelle. Chaque chapeau est une \u0153uvre d&rsquo;art unique, m\u00e9ticuleusement tricot\u00e9e \u00e0 la [&hellip;]<\/p>\n","protected":false},"featured_media":323085,"comment_status":"closed","ping_status":"open","template":"","meta":{"_angie_page":false},"product_brand":[],"product_cat":[26608,25836],"product_tag":[],"class_list":{"0":"post-234820","1":"product","2":"type-product","3":"status-publish","4":"has-post-thumbnail","6":"product_cat-chapeaux-et-casquettes","7":"product_cat-vetements","8":"pa_collection-hemp-and-cotton-hats-fr","9":"pa_made-in-nepal","11":"first","12":"instock","13":"purchasable","14":"product-type-simple"},"supplier_id":null,"supplier_sku":"HempH-04","barcode":null,"atum_controlled":true,"out_stock_date":null,"out_stock_threshold":null,"inheritable":false,"inbound_stock":null,"stock_on_hold":0,"sold_today":0,"sales_last_days":0,"reserved_stock":null,"customer_returns":null,"warehouse_damage":null,"lost_in_post":null,"other_logs":null,"out_stock_days":0,"lost_sales":0,"has_location":null,"update_date":"2026-05-08T05:10:48","atum_locations":[],"atum_stock_status":"instock","restock_status":false,"low_stock_amount":"","sales_update_date":"2026-01-30T01:25:45","calc_backorders":null,"_links":{"self":[{"href":"https:\/\/aromasentia.com\/fr\/wp-json\/wp\/v2\/product\/234820","targetHints":{"allow":["GET"]}}],"collection":[{"href":"https:\/\/aromasentia.com\/fr\/wp-json\/wp\/v2\/product"}],"about":[{"href":"https:\/\/aromasentia.com\/fr\/wp-json\/wp\/v2\/types\/product"}],"replies":[{"embeddable":true,"href":"https:\/\/aromasentia.com\/fr\/wp-json\/wp\/v2\/comments?post=234820"}],"version-history":[{"count":0,"href":"https:\/\/aromasentia.com\/fr\/wp-json\/wp\/v2\/product\/234820\/revisions"}],"wp:featuredmedia":[{"embeddable":true,"href":"https:\/\/aromasentia.com\/fr\/wp-json\/wp\/v2\/media\/323085"}],"wp:attachment":[{"href":"https:\/\/aromasentia.com\/fr\/wp-json\/wp\/v2\/media?parent=234820"}],"wp:term":[{"taxonomy":"product_brand","embeddable":true,"href":"https:\/\/aromasentia.com\/fr\/wp-json\/wp\/v2\/product_brand?post=234820"},{"taxonomy":"product_cat","embeddable":true,"href":"https:\/\/aromasentia.com\/fr\/wp-json\/wp\/v2\/product_cat?post=234820"},{"taxonomy":"product_tag","embeddable":true,"href":"https:\/\/aromasentia.com\/fr\/wp-json\/wp\/v2\/product_tag?post=234820"}],"curies":[{"name":"wp","href":"https:\/\/api.w.org\/{rel}","templated":true}]}}