{"id":234792,"date":"2025-03-21T14:44:12","date_gmt":"2025-03-21T14:44:12","guid":{"rendered":"https:\/\/aromasentia.com\/product\/cotton-hemp-style-belt-or-fanny-bag-sage\/"},"modified":"2025-06-23T18:58:38","modified_gmt":"2025-06-23T18:58:38","slug":"sac-ceinture-ou-banane-chanvre-coton-sauge","status":"publish","type":"product","link":"https:\/\/aromasentia.com\/fr\/sac-ceinture-ou-banane-chanvre-coton-sauge\/","title":{"rendered":"Sac Ceinture (ou Banane) Chanvre &#038; Coton &#8211; Sauge"},"content":{"rendered":"<p>Le <strong>Sac Ceinture (ou Banane) en Chanvre &amp; Coton &#8211; Sauge&nbsp;<\/strong>est l\u2019accessoire pratique et styl\u00e9 id\u00e9al pour ceux qui recherchent une solution de rangement fonctionnelle tout en respectant l\u2019environnement. Fabriqu\u00e9 \u00e0 la main au N\u00e9pal, ce sac ceinture combine la robustesse du chanvre naturel et le confort du coton, pour un accessoire \u00e0 la fois l\u00e9ger, durable et \u00e9coresponsable.&nbsp;<\/p>\n<p><strong>Caract\u00e9ristiques principales<\/strong>&nbsp;<\/p>\n<p>&#8211; Mat\u00e9riau : M\u00e9lange de chanvre naturel et de coton, une combinaison parfaite de r\u00e9sistance, de l\u00e9g\u00e8ret\u00e9 et d&rsquo;\u00e9cologie.&nbsp;<\/p>\n<p>&#8211; Fabrication : Con&ccedil;u artisanalement au N\u00e9pal, chaque sac ceinture soutient les artisans locaux et respecte les principes du commerce \u00e9quitable.&nbsp;<\/p>\n<p>&#8211; Dimensions : Taille compacte, id\u00e9ale pour transporter l\u2019essentiel : cl\u00e9s, t\u00e9l\u00e9phone, portefeuille, billets, etc.&nbsp;<\/p>\n<p>&#8211; Design : Design simple et naturel qui s\u2019adapte facilement \u00e0 tous les styles, avec un look \u00e9pur\u00e9 qui se pr\u00eate aussi bien aux activit\u00e9s de plein air qu\u2019aux sorties urbaines.&nbsp;<\/p>\n<p>&#8211; Fonctionnalit\u00e9 : Poche principale avec fermeture \u00e9clair pour garder vos objets en s\u00e9curit\u00e9 et une ceinture ajustable pour un ajustement confortable autour de la taille.&nbsp;<\/p>\n<p>Pourquoi choisir le chanvre et le coton ?&nbsp;<\/p>\n<p>Le chanvre est une fibre durable, r\u00e9sistante et respectueuse de l\u2019environnement, tandis que le coton est doux et agr\u00e9able au toucher. Ensemble, ces mat\u00e9riaux offrent un sac pratique et \u00e9coresponsable qui durera dans le temps.&nbsp;<\/p>\n<p><strong>Ajoutez ce Sac Ceinture (ou Banane) en Chanvre &amp; Coton &#8211; Sauge \u00e0 votre offre, et proposez \u00e0 vos clients un accessoire pratique, durable et \u00e9thique, parfait pour les activit\u00e9s quotidiennes ou les escapades en plein air !<\/strong><\/p>\n","protected":false},"excerpt":{"rendered":"<p>Le Sac Ceinture (ou Banane) en Chanvre &amp; Coton &#8211; Sauge&nbsp;est l\u2019accessoire pratique et styl\u00e9 id\u00e9al pour ceux qui recherchent une solution de rangement fonctionnelle tout en respectant l\u2019environnement. Fabriqu\u00e9 \u00e0 la main au N\u00e9pal, ce sac ceinture combine la robustesse du chanvre naturel et le confort du coton, pour un accessoire \u00e0 la fois [&hellip;]<\/p>\n","protected":false},"featured_media":322926,"comment_status":"closed","ping_status":"open","template":"","meta":[],"product_brand":[],"product_cat":[19652,19722],"product_tag":[],"class_list":{"0":"post-234792","1":"product","2":"type-product","3":"status-publish","4":"has-post-thumbnail","6":"product_cat-sacs-sacs-a-dos","7":"product_cat-sacs-ethno-nepalais-et-sacs-bandouliere","8":"pa_collection-pure-hemp-and-cotton-bags-fr","9":"pa_made-in-nepal","11":"first","12":"instock","13":"purchasable","14":"product-type-simple"},"supplier_id":null,"supplier_sku":"HempB-47","barcode":null,"atum_controlled":true,"out_stock_date":null,"out_stock_threshold":null,"inheritable":false,"inbound_stock":null,"stock_on_hold":0,"sold_today":0,"sales_last_days":0,"reserved_stock":null,"customer_returns":null,"warehouse_damage":null,"lost_in_post":null,"other_logs":null,"out_stock_days":0,"lost_sales":0,"has_location":null,"update_date":"2026-02-05T22:33:37","atum_locations":[],"atum_stock_status":"instock","restock_status":false,"low_stock_amount":"","sales_update_date":"2026-01-30T01:24:48","calc_backorders":null,"_links":{"self":[{"href":"https:\/\/aromasentia.com\/fr\/wp-json\/wp\/v2\/product\/234792","targetHints":{"allow":["GET"]}}],"collection":[{"href":"https:\/\/aromasentia.com\/fr\/wp-json\/wp\/v2\/product"}],"about":[{"href":"https:\/\/aromasentia.com\/fr\/wp-json\/wp\/v2\/types\/product"}],"replies":[{"embeddable":true,"href":"https:\/\/aromasentia.com\/fr\/wp-json\/wp\/v2\/comments?post=234792"}],"version-history":[{"count":0,"href":"https:\/\/aromasentia.com\/fr\/wp-json\/wp\/v2\/product\/234792\/revisions"}],"wp:featuredmedia":[{"embeddable":true,"href":"https:\/\/aromasentia.com\/fr\/wp-json\/wp\/v2\/media\/322926"}],"wp:attachment":[{"href":"https:\/\/aromasentia.com\/fr\/wp-json\/wp\/v2\/media?parent=234792"}],"wp:term":[{"taxonomy":"product_brand","embeddable":true,"href":"https:\/\/aromasentia.com\/fr\/wp-json\/wp\/v2\/product_brand?post=234792"},{"taxonomy":"product_cat","embeddable":true,"href":"https:\/\/aromasentia.com\/fr\/wp-json\/wp\/v2\/product_cat?post=234792"},{"taxonomy":"product_tag","embeddable":true,"href":"https:\/\/aromasentia.com\/fr\/wp-json\/wp\/v2\/product_tag?post=234792"}],"curies":[{"name":"wp","href":"https:\/\/api.w.org\/{rel}","templated":true}]}}