{"id":234480,"date":"2025-03-21T14:44:35","date_gmt":"2025-03-21T14:44:35","guid":{"rendered":"https:\/\/aromasentia.com\/product\/teal-orange-mandela-sarong\/"},"modified":"2025-06-23T18:57:54","modified_gmt":"2025-06-23T18:57:54","slug":"pareos-mandala-sarcelle-orange","status":"publish","type":"product","link":"https:\/\/aromasentia.com\/fr\/pareos-mandala-sarcelle-orange\/","title":{"rendered":"Par\u00e9os Mandala &#8211; Sarcelle Orange"},"content":{"rendered":"<p><strong><span style=\"color: rgb(75, 80, 88);\">Les Par\u00e9os Mandala &#8211; Sarcelle Orange<\/span><\/strong> ont \u00e9t\u00e9 fabriqu\u00e9s dans une taille parfaite pour s&rsquo;enrouler autour de la taille.&nbsp;<\/p>\n<p>Peut \u00eatre \u00e0 la fois sportif et \u00e9l\u00e9gant, parfait pour \u00eatre port\u00e9 en toute occasion, notamment comme accessoire de plage. Ils sont l\u00e9gers, portables et \u00e0 la mode.&nbsp;<\/p>\n<p>Avec l&rsquo;\u00e9t\u00e9 qui approche et les soir\u00e9es fra\u00eeches, ces par\u00e9os vont certainement se vendre.&nbsp;<\/p>\n<p>Vos clients vont les adorer.&nbsp;<\/p>\n<p><strong><span style=\"color: rgb(75, 80, 88);\">Taille : Longueur 140cm, Largeur 100cm<\/span><\/strong> <\/p>\n","protected":false},"excerpt":{"rendered":"<p>Les Par\u00e9os Mandala &#8211; Sarcelle Orange ont \u00e9t\u00e9 fabriqu\u00e9s dans une taille parfaite pour s&rsquo;enrouler autour de la taille.&nbsp; Peut \u00eatre \u00e0 la fois sportif et \u00e9l\u00e9gant, parfait pour \u00eatre port\u00e9 en toute occasion, notamment comme accessoire de plage. Ils sont l\u00e9gers, portables et \u00e0 la mode.&nbsp; Avec l&rsquo;\u00e9t\u00e9 qui approche et les soir\u00e9es fra\u00eeches, [&hellip;]<\/p>\n","protected":false},"featured_media":325279,"comment_status":"closed","ping_status":"open","template":"","meta":{"_angie_page":false},"product_brand":[],"product_cat":[26611,25836],"product_tag":[],"class_list":{"0":"post-234480","1":"product","2":"type-product","3":"status-publish","4":"has-post-thumbnail","6":"product_cat-sarongs","7":"product_cat-vetements","8":"pa_collection-mandala-sarongs-fr","9":"pa_made-in-indonesie","11":"first","12":"instock","13":"purchasable","14":"product-type-simple"},"supplier_id":null,"supplier_sku":"MANT-03","barcode":null,"atum_controlled":true,"out_stock_date":null,"out_stock_threshold":null,"inheritable":false,"inbound_stock":null,"stock_on_hold":0,"sold_today":0,"sales_last_days":0,"reserved_stock":null,"customer_returns":null,"warehouse_damage":null,"lost_in_post":null,"other_logs":null,"out_stock_days":0,"lost_sales":0,"has_location":null,"update_date":"2026-05-11T01:56:47","atum_locations":[],"atum_stock_status":"instock","restock_status":false,"low_stock_amount":"","sales_update_date":"2025-09-05T00:23:19","calc_backorders":null,"_links":{"self":[{"href":"https:\/\/aromasentia.com\/fr\/wp-json\/wp\/v2\/product\/234480","targetHints":{"allow":["GET"]}}],"collection":[{"href":"https:\/\/aromasentia.com\/fr\/wp-json\/wp\/v2\/product"}],"about":[{"href":"https:\/\/aromasentia.com\/fr\/wp-json\/wp\/v2\/types\/product"}],"replies":[{"embeddable":true,"href":"https:\/\/aromasentia.com\/fr\/wp-json\/wp\/v2\/comments?post=234480"}],"version-history":[{"count":0,"href":"https:\/\/aromasentia.com\/fr\/wp-json\/wp\/v2\/product\/234480\/revisions"}],"wp:featuredmedia":[{"embeddable":true,"href":"https:\/\/aromasentia.com\/fr\/wp-json\/wp\/v2\/media\/325279"}],"wp:attachment":[{"href":"https:\/\/aromasentia.com\/fr\/wp-json\/wp\/v2\/media?parent=234480"}],"wp:term":[{"taxonomy":"product_brand","embeddable":true,"href":"https:\/\/aromasentia.com\/fr\/wp-json\/wp\/v2\/product_brand?post=234480"},{"taxonomy":"product_cat","embeddable":true,"href":"https:\/\/aromasentia.com\/fr\/wp-json\/wp\/v2\/product_cat?post=234480"},{"taxonomy":"product_tag","embeddable":true,"href":"https:\/\/aromasentia.com\/fr\/wp-json\/wp\/v2\/product_tag?post=234480"}],"curies":[{"name":"wp","href":"https:\/\/api.w.org\/{rel}","templated":true}]}}