{"id":234468,"date":"2025-03-21T14:44:41","date_gmt":"2025-03-21T14:44:41","guid":{"rendered":"https:\/\/aromasentia.com\/product\/lrg-nepal-sling-bag-adjustable-strap-mountain-granite\/"},"modified":"2025-06-23T18:57:53","modified_gmt":"2025-06-23T18:57:53","slug":"sac-a-bandouliere-nepal-lrg-sangle-reglable-granit-de-montagne","status":"publish","type":"product","link":"https:\/\/aromasentia.com\/fr\/sac-a-bandouliere-nepal-lrg-sangle-reglable-granit-de-montagne\/","title":{"rendered":"Sac \u00e0 Bandouli\u00e8re N\u00e9pal Lrg (sangle r\u00e9glable) &#8211; Granit de montagne"},"content":{"rendered":"<p><strong>Sac \u00e0 Bandouli\u00e8re N\u00e9pal en gros &#8211; Granit de montagne&nbsp;<\/strong><\/p>\n<p>Ce sac est parfait pour un usage quotidien et il fera certainement tourner les t\u00eates partout o\u00f9vos clients vont.&nbsp;<\/p>\n<p>La <strong>bandouli\u00e8re r\u00e9glable le rend confortable<\/strong> \u00e0 porter et les multiples compartiments les maintiennent organis\u00e9s. La poche ext\u00e9rieure est parfaite pour ranger de petits objets auxquels vous devez acc\u00e9der rapidement, comme votre t\u00e9l\u00e9phone ou vos cl\u00e9s. Le compartiment principal est suffisamment grand pour contenir tous leurs essentiels, comme votre portefeuille et vos lunettes de soleil.&nbsp;<\/p>\n<p><strong>Couleur :<\/strong> Granit de montagne&nbsp;<\/p>\n<p><strong>Sangle r\u00e9glable :<\/strong> env. 60 cm &#8211; 118 cm Fermeture \u00e0 glissi\u00e8re Un compartiment principal Une poche ext\u00e9rieure&nbsp;<\/p>\n<p><strong>Dimensions :&nbsp;<\/strong>25 cm de largeur, 26 cm de hauteur et 7 cm de profondeur&nbsp;<\/p>\n<p>En stockant le Sac \u00e0 Bandouli\u00e8re N\u00e9pal Lrg (sangle r\u00e9glable) &#8211; Granit de montagne, vous pouvez offrir \u00e0 votre client un produit tendance et pratique. Son m\u00e9lange unique de style, de durabilit\u00e9 et de fonctionnalit\u00e9 en fait un ajout pr\u00e9cieux \u00e0 tout magasin cherchant \u00e0 garder une longueur d&rsquo;avance.&nbsp;<\/p>\n<p><strong>Origine : Inde &nbsp;&#8211;&nbsp;<\/strong><strong>Poids net 0,165Kg \/pi\u00e8ce&nbsp; &#8211;&nbsp;<\/strong><strong>Dimensions 25x26x7 (cm)<\/strong><\/p>\n","protected":false},"excerpt":{"rendered":"<p>Sac \u00e0 Bandouli\u00e8re N\u00e9pal en gros &#8211; Granit de montagne&nbsp; Ce sac est parfait pour un usage quotidien et il fera certainement tourner les t\u00eates partout o\u00f9vos clients vont.&nbsp; La bandouli\u00e8re r\u00e9glable le rend confortable \u00e0 porter et les multiples compartiments les maintiennent organis\u00e9s. La poche ext\u00e9rieure est parfaite pour ranger de petits objets auxquels [&hellip;]<\/p>\n","protected":false},"featured_media":326108,"comment_status":"closed","ping_status":"open","template":"","meta":{"_angie_page":false},"product_brand":[],"product_cat":[19652,19722,26075],"product_tag":[],"class_list":{"0":"post-234468","1":"product","2":"type-product","3":"status-publish","4":"has-post-thumbnail","6":"product_cat-sacs-sacs-a-dos","7":"product_cat-sacs-ethno-nepalais-et-sacs-bandouliere","8":"product_cat-sling-bags","9":"pa_collection-nepal-sling-bags-fr","10":"pa_made-in-inde","12":"first","13":"instock","14":"purchasable","15":"product-type-simple"},"supplier_id":null,"supplier_sku":"NSBag-16","barcode":null,"atum_controlled":true,"out_stock_date":null,"out_stock_threshold":null,"inheritable":false,"inbound_stock":null,"stock_on_hold":0,"sold_today":0,"sales_last_days":0,"reserved_stock":null,"customer_returns":null,"warehouse_damage":null,"lost_in_post":null,"other_logs":null,"out_stock_days":0,"lost_sales":0,"has_location":null,"update_date":"2026-04-27T07:15:48","atum_locations":[],"atum_stock_status":"instock","restock_status":false,"low_stock_amount":"","sales_update_date":"2026-01-30T01:26:12","calc_backorders":null,"_links":{"self":[{"href":"https:\/\/aromasentia.com\/fr\/wp-json\/wp\/v2\/product\/234468","targetHints":{"allow":["GET"]}}],"collection":[{"href":"https:\/\/aromasentia.com\/fr\/wp-json\/wp\/v2\/product"}],"about":[{"href":"https:\/\/aromasentia.com\/fr\/wp-json\/wp\/v2\/types\/product"}],"replies":[{"embeddable":true,"href":"https:\/\/aromasentia.com\/fr\/wp-json\/wp\/v2\/comments?post=234468"}],"version-history":[{"count":0,"href":"https:\/\/aromasentia.com\/fr\/wp-json\/wp\/v2\/product\/234468\/revisions"}],"wp:featuredmedia":[{"embeddable":true,"href":"https:\/\/aromasentia.com\/fr\/wp-json\/wp\/v2\/media\/326108"}],"wp:attachment":[{"href":"https:\/\/aromasentia.com\/fr\/wp-json\/wp\/v2\/media?parent=234468"}],"wp:term":[{"taxonomy":"product_brand","embeddable":true,"href":"https:\/\/aromasentia.com\/fr\/wp-json\/wp\/v2\/product_brand?post=234468"},{"taxonomy":"product_cat","embeddable":true,"href":"https:\/\/aromasentia.com\/fr\/wp-json\/wp\/v2\/product_cat?post=234468"},{"taxonomy":"product_tag","embeddable":true,"href":"https:\/\/aromasentia.com\/fr\/wp-json\/wp\/v2\/product_tag?post=234468"}],"curies":[{"name":"wp","href":"https:\/\/api.w.org\/{rel}","templated":true}]}}