{"id":234460,"date":"2025-03-21T14:44:41","date_gmt":"2025-03-21T14:44:41","guid":{"rendered":"https:\/\/aromasentia.com\/product\/lrg-nepal-sling-bag-adjustable-strap-sunrise-orange\/"},"modified":"2025-06-23T18:57:52","modified_gmt":"2025-06-23T18:57:52","slug":"sac-a-bandouliere-nepal-en-gros-lever-du-soleil-orange","status":"publish","type":"product","link":"https:\/\/aromasentia.com\/fr\/sac-a-bandouliere-nepal-en-gros-lever-du-soleil-orange\/","title":{"rendered":"Sac \u00e0 bandouli\u00e8re N\u00e9pal en gros &#8211; Lever du Soleil Orange"},"content":{"rendered":"<p><strong>Sac \u00e0 bandouli\u00e8re N\u00e9pal en gros &#8211; Lever du Soleil Orange<\/strong> Ce sac est parfait pour un usage quotidien et il fera certainement tourner les t\u00eates partout o\u00f9vos clients vont.&nbsp;<\/p>\n<p>La bandouli\u00e8re r\u00e9glable le rend confortable \u00e0 porter et les multiples compartiments les maintiennent organis\u00e9s. La poche ext\u00e9rieure est parfaite pour ranger de petits objets auxquels vous devez acc\u00e9der rapidement, comme votre t\u00e9l\u00e9phone ou vos cl\u00e9s.&nbsp;<\/p>\n<p>Le compartiment principal est suffisamment grand pour contenir tous leurs essentiels, comme votre portefeuille et vos lunettes de soleil.&nbsp;<\/p>\n<p><strong>Couleur:<\/strong> Orange lever du soleil&nbsp;<\/p>\n<p><strong>Sangle r\u00e9glable : <\/strong>env. 60 cm &#8211; 118 cm Fermeture \u00e0 glissi\u00e8re Un compartiment principal Une poche ext\u00e9rieure&nbsp;<\/p>\n<p><strong>Dimensions : <\/strong>25 cm de largeur, 26 cm de hauteur et 7 cm de profondeur&nbsp;<\/p>\n<p>En stockant le Sac \u00e0 bandouli\u00e8re N\u00e9pal en gros &#8211; Lever du Soleil Orange, vous pouvez offrir \u00e0 votre client un produit tendance et pratique.&nbsp;<\/p>\n<p>Son m\u00e9lange unique de style, de durabilit\u00e9 et de fonctionnalit\u00e9 en fait un ajout pr\u00e9cieux \u00e0 tout magasin cherchant \u00e0 garder une longueur d&rsquo;avance.<\/p>\n","protected":false},"excerpt":{"rendered":"<p>Sac \u00e0 bandouli\u00e8re N\u00e9pal en gros &#8211; Lever du Soleil Orange Ce sac est parfait pour un usage quotidien et il fera certainement tourner les t\u00eates partout o\u00f9vos clients vont.&nbsp; La bandouli\u00e8re r\u00e9glable le rend confortable \u00e0 porter et les multiples compartiments les maintiennent organis\u00e9s. La poche ext\u00e9rieure est parfaite pour ranger de petits objets [&hellip;]<\/p>\n","protected":false},"featured_media":326074,"comment_status":"closed","ping_status":"open","template":"","meta":{"_angie_page":false},"product_brand":[],"product_cat":[19652,19722,26075],"product_tag":[],"class_list":{"0":"post-234460","1":"product","2":"type-product","3":"status-publish","4":"has-post-thumbnail","6":"product_cat-sacs-sacs-a-dos","7":"product_cat-sacs-ethno-nepalais-et-sacs-bandouliere","8":"product_cat-sling-bags","9":"pa_collection-nepal-sling-bags-fr","10":"pa_made-in-inde","12":"first","13":"instock","14":"purchasable","15":"product-type-simple"},"supplier_id":null,"supplier_sku":"NSBag-14","barcode":null,"atum_controlled":true,"out_stock_date":null,"out_stock_threshold":null,"inheritable":false,"inbound_stock":null,"stock_on_hold":0,"sold_today":0,"sales_last_days":0,"reserved_stock":null,"customer_returns":null,"warehouse_damage":null,"lost_in_post":null,"other_logs":null,"out_stock_days":0,"lost_sales":0,"has_location":null,"update_date":"2026-04-27T07:15:48","atum_locations":[],"atum_stock_status":"instock","restock_status":false,"low_stock_amount":"","sales_update_date":"2026-01-30T01:26:16","calc_backorders":null,"_links":{"self":[{"href":"https:\/\/aromasentia.com\/fr\/wp-json\/wp\/v2\/product\/234460","targetHints":{"allow":["GET"]}}],"collection":[{"href":"https:\/\/aromasentia.com\/fr\/wp-json\/wp\/v2\/product"}],"about":[{"href":"https:\/\/aromasentia.com\/fr\/wp-json\/wp\/v2\/types\/product"}],"replies":[{"embeddable":true,"href":"https:\/\/aromasentia.com\/fr\/wp-json\/wp\/v2\/comments?post=234460"}],"version-history":[{"count":0,"href":"https:\/\/aromasentia.com\/fr\/wp-json\/wp\/v2\/product\/234460\/revisions"}],"wp:featuredmedia":[{"embeddable":true,"href":"https:\/\/aromasentia.com\/fr\/wp-json\/wp\/v2\/media\/326074"}],"wp:attachment":[{"href":"https:\/\/aromasentia.com\/fr\/wp-json\/wp\/v2\/media?parent=234460"}],"wp:term":[{"taxonomy":"product_brand","embeddable":true,"href":"https:\/\/aromasentia.com\/fr\/wp-json\/wp\/v2\/product_brand?post=234460"},{"taxonomy":"product_cat","embeddable":true,"href":"https:\/\/aromasentia.com\/fr\/wp-json\/wp\/v2\/product_cat?post=234460"},{"taxonomy":"product_tag","embeddable":true,"href":"https:\/\/aromasentia.com\/fr\/wp-json\/wp\/v2\/product_tag?post=234460"}],"curies":[{"name":"wp","href":"https:\/\/api.w.org\/{rel}","templated":true}]}}