{"id":234404,"date":"2025-03-21T14:44:41","date_gmt":"2025-03-21T14:44:41","guid":{"rendered":"https:\/\/aromasentia.com\/product\/mini-shopping-basket-16x10x12cm-olive\/"},"modified":"2025-06-23T18:57:43","modified_gmt":"2025-06-23T18:57:43","slug":"mini-panier-16x10x12cm-olive","status":"publish","type":"product","link":"https:\/\/aromasentia.com\/fr\/mini-panier-16x10x12cm-olive\/","title":{"rendered":"Mini Panier &#8211; 16x10x12cm &#8211; Olive"},"content":{"rendered":"<p>Enfin, vous pouvez retirer ces m\u00e9chants paniers en plastique et les remplacer par ces <strong><span style=\"color: rgb(75, 80, 88);\">P<\/span><\/strong><strong><span style=\"color: rgb(75, 80, 88);\">aniers en jute et coton Olive<\/span><\/strong>.&nbsp;<\/p>\n<p>Empilable, vous pouvez donc cr\u00e9er une pile \u00e0 l&rsquo;entr\u00e9e de votre magasin, choisir une couleur assortie \u00e0 votre design et vous pouvez les personnaliser avec votre logo &#8211; tamponnez-le ou cousez-le. Poign\u00e9es solides et douces, doubl\u00e9es de coton, couleurs assorties.&nbsp;<\/p>\n<p>Ce qu&rsquo;il ne faut pas aimer, moins cher que le plastique, plus doux, plus doux et entre les mains de votre client, il d\u00e9pensera plus.&nbsp;<\/p>\n<p>Les Mini sont parfaits pour les magasins de cosm\u00e9tiques \/ aromath\u00e9rapie, ils peuvent m\u00eame \u00eatre utilis\u00e9s pour des paniers-cadeaux pr\u00eats \u00e0 l&#8217;emploi remplis de friandises.&nbsp;<\/p>\n<p><strong><span style=\"color: rgb(141, 186, 216);\">Donnez \u00e0 vos clients une raison de vous aimer, optez pour le naturel aujourd&rsquo;hui.<\/span><\/strong><\/p>\n","protected":false},"excerpt":{"rendered":"<p>Enfin, vous pouvez retirer ces m\u00e9chants paniers en plastique et les remplacer par ces Paniers en jute et coton Olive.&nbsp; Empilable, vous pouvez donc cr\u00e9er une pile \u00e0 l&rsquo;entr\u00e9e de votre magasin, choisir une couleur assortie \u00e0 votre design et vous pouvez les personnaliser avec votre logo &#8211; tamponnez-le ou cousez-le. Poign\u00e9es solides et douces, [&hellip;]<\/p>\n","protected":false},"featured_media":325828,"comment_status":"closed","ping_status":"open","template":"","meta":{"_angie_page":false},"product_brand":[],"product_cat":[19690,19652],"product_tag":[],"class_list":{"0":"post-234404","1":"product","2":"type-product","3":"status-publish","4":"has-post-thumbnail","6":"product_cat-sacs-et-paniers-jute","7":"product_cat-sacs-sacs-a-dos","8":"pa_collection-stacking-natural-jute-shopping-baskets-fr","9":"pa_made-in-inde","11":"first","12":"instock","13":"purchasable","14":"product-type-simple"},"supplier_id":null,"supplier_sku":"NATSB-10","barcode":null,"atum_controlled":true,"out_stock_date":null,"out_stock_threshold":null,"inheritable":false,"inbound_stock":null,"stock_on_hold":0,"sold_today":0,"sales_last_days":0,"reserved_stock":null,"customer_returns":null,"warehouse_damage":null,"lost_in_post":null,"other_logs":null,"out_stock_days":0,"lost_sales":0,"has_location":null,"update_date":"2026-04-27T07:14:44","atum_locations":[],"atum_stock_status":"instock","restock_status":false,"low_stock_amount":"","sales_update_date":"2026-02-06T00:00:47","calc_backorders":null,"_links":{"self":[{"href":"https:\/\/aromasentia.com\/fr\/wp-json\/wp\/v2\/product\/234404","targetHints":{"allow":["GET"]}}],"collection":[{"href":"https:\/\/aromasentia.com\/fr\/wp-json\/wp\/v2\/product"}],"about":[{"href":"https:\/\/aromasentia.com\/fr\/wp-json\/wp\/v2\/types\/product"}],"replies":[{"embeddable":true,"href":"https:\/\/aromasentia.com\/fr\/wp-json\/wp\/v2\/comments?post=234404"}],"version-history":[{"count":0,"href":"https:\/\/aromasentia.com\/fr\/wp-json\/wp\/v2\/product\/234404\/revisions"}],"wp:featuredmedia":[{"embeddable":true,"href":"https:\/\/aromasentia.com\/fr\/wp-json\/wp\/v2\/media\/325828"}],"wp:attachment":[{"href":"https:\/\/aromasentia.com\/fr\/wp-json\/wp\/v2\/media?parent=234404"}],"wp:term":[{"taxonomy":"product_brand","embeddable":true,"href":"https:\/\/aromasentia.com\/fr\/wp-json\/wp\/v2\/product_brand?post=234404"},{"taxonomy":"product_cat","embeddable":true,"href":"https:\/\/aromasentia.com\/fr\/wp-json\/wp\/v2\/product_cat?post=234404"},{"taxonomy":"product_tag","embeddable":true,"href":"https:\/\/aromasentia.com\/fr\/wp-json\/wp\/v2\/product_tag?post=234404"}],"curies":[{"name":"wp","href":"https:\/\/api.w.org\/{rel}","templated":true}]}}