{"id":234316,"date":"2025-03-21T14:44:48","date_gmt":"2025-03-21T14:44:48","guid":{"rendered":"https:\/\/aromasentia.com\/product\/lrg-nepal-sling-bag-adjustable-strap-spring-meadows-green-blue\/"},"modified":"2025-06-23T18:57:30","modified_gmt":"2025-06-23T18:57:30","slug":"lrg-nepal-sling-bag-adjustable-strap-spring-meadows-green-blue","status":"publish","type":"product","link":"https:\/\/aromasentia.com\/fr\/lrg-nepal-sling-bag-adjustable-strap-spring-meadows-green-blue\/","title":{"rendered":"Lrg Nepal Sling Bag  (Adjustable Strap) &#8211;  Spring Meadows Green &#038; Blue"},"content":{"rendered":"<\/p>\n<p>Am\u00e9liorez votre inventaire avec le <strong>Wholesale Large Nepal Sling Bag &#8211; Spring Meadows Green &#038;amp ; Blue<\/strong> ! Ce sac \u00e0 bandouli\u00e8re spacieux et \u00e9l\u00e9gant, fabriqu\u00e9 en Inde, est un compagnon id\u00e9al pour les aventures quotidiennes et garanti d&rsquo;\u00eatre un succ\u00e8s aupr\u00e8s de vos clients.<\/p>\n<p><strong>Voici ce qui fait du Lrg Nepal Sling Bag un choix exceptionnel pour les d\u00e9taillants:<\/strong><\/p>\n<p><strong>Compartiment spacieux:<\/strong> Ce grand compartiment principal dot\u00e9 d&rsquo;une fermeture \u00e0 glissi\u00e8re s\u00e9curis\u00e9e peut contenir confortablement les articles essentiels de tous les jours comme un portefeuille, un t\u00e9l\u00e9phone, une bouteille d&rsquo;eau, et bien plus encore.<\/p>\n<p><strong>Multiples poches pour l&rsquo;organisation:&nbsp;<\/strong>Maintenez les petits articles organis\u00e9s et facilement accessibles gr\u00e2ce \u00e0 une poche arri\u00e8re pratique et \u00e0 des poches avant suppl\u00e9mentaires avec fermeture \u00e0 glissi\u00e8re.<\/p>\n<p><strong>Confort r\u00e9glable:&nbsp;<\/strong>La large sangle r\u00e9glable (60-118 cm) s&rsquo;adapte \u00e0 toutes les morphologies et r\u00e9partit le poids uniform\u00e9ment pour un transport sans effort.<\/p>\n<p><strong>Design accrocheur:<\/strong>Les rayures verticales en alternance vert clair et bleu sarcelle cr\u00e9ent un look \u00e9l\u00e9gant et accrocheur qui s&rsquo;adapte \u00e0 toutes les tenues.<\/p>\n<p><strong>Soyez le premier \u00e0 proposer ce sac riche en fonctionnalit\u00e9s \u00e0 vos clients!<\/strong><\/p>\n<p>Les rayures verticales en alternance vert clair et bleu sarcelle cr\u00e9ent un look \u00e9l\u00e9gant et accrocheur qui s&rsquo;adapte \u00e0 toutes les tenues.<\/p>\n<p><strong>Soyez le premier \u00e0 proposer ce sac riche en fonctionnalit\u00e9s \u00e0 vos clients !<\/p>\n","protected":false},"excerpt":{"rendered":"<p>Am\u00e9liorez votre inventaire avec le Wholesale Large Nepal Sling Bag &#8211; Spring Meadows Green &#038;amp ; Blue ! Ce sac \u00e0 bandouli\u00e8re spacieux et \u00e9l\u00e9gant, fabriqu\u00e9 en Inde, est un compagnon id\u00e9al pour les aventures quotidiennes et garanti d&rsquo;\u00eatre un succ\u00e8s aupr\u00e8s de vos clients. Voici ce qui fait du Lrg Nepal Sling Bag un [&hellip;]<\/p>\n","protected":false},"featured_media":326125,"comment_status":"closed","ping_status":"open","template":"","meta":{"_angie_page":false},"product_brand":[],"product_cat":[19652,19722,26075],"product_tag":[],"class_list":{"0":"post-234316","1":"product","2":"type-product","3":"status-publish","4":"has-post-thumbnail","6":"product_cat-sacs-sacs-a-dos","7":"product_cat-sacs-ethno-nepalais-et-sacs-bandouliere","8":"product_cat-sling-bags","9":"pa_collection-nepal-sling-bags-fr","10":"pa_made-in-inde","12":"first","13":"instock","14":"purchasable","15":"product-type-simple"},"supplier_id":null,"supplier_sku":"NSBag-17","barcode":null,"atum_controlled":true,"out_stock_date":null,"out_stock_threshold":null,"inheritable":false,"inbound_stock":null,"stock_on_hold":0,"sold_today":0,"sales_last_days":0,"reserved_stock":null,"customer_returns":null,"warehouse_damage":null,"lost_in_post":null,"other_logs":null,"out_stock_days":0,"lost_sales":0,"has_location":null,"update_date":"2026-04-27T07:15:48","atum_locations":[],"atum_stock_status":"instock","restock_status":false,"low_stock_amount":"","sales_update_date":"2026-01-30T01:24:49","calc_backorders":null,"_links":{"self":[{"href":"https:\/\/aromasentia.com\/fr\/wp-json\/wp\/v2\/product\/234316","targetHints":{"allow":["GET"]}}],"collection":[{"href":"https:\/\/aromasentia.com\/fr\/wp-json\/wp\/v2\/product"}],"about":[{"href":"https:\/\/aromasentia.com\/fr\/wp-json\/wp\/v2\/types\/product"}],"replies":[{"embeddable":true,"href":"https:\/\/aromasentia.com\/fr\/wp-json\/wp\/v2\/comments?post=234316"}],"version-history":[{"count":0,"href":"https:\/\/aromasentia.com\/fr\/wp-json\/wp\/v2\/product\/234316\/revisions"}],"wp:featuredmedia":[{"embeddable":true,"href":"https:\/\/aromasentia.com\/fr\/wp-json\/wp\/v2\/media\/326125"}],"wp:attachment":[{"href":"https:\/\/aromasentia.com\/fr\/wp-json\/wp\/v2\/media?parent=234316"}],"wp:term":[{"taxonomy":"product_brand","embeddable":true,"href":"https:\/\/aromasentia.com\/fr\/wp-json\/wp\/v2\/product_brand?post=234316"},{"taxonomy":"product_cat","embeddable":true,"href":"https:\/\/aromasentia.com\/fr\/wp-json\/wp\/v2\/product_cat?post=234316"},{"taxonomy":"product_tag","embeddable":true,"href":"https:\/\/aromasentia.com\/fr\/wp-json\/wp\/v2\/product_tag?post=234316"}],"curies":[{"name":"wp","href":"https:\/\/api.w.org\/{rel}","templated":true}]}}