{"id":234224,"date":"2025-03-21T14:44:59","date_gmt":"2025-03-21T14:44:59","guid":{"rendered":"https:\/\/aromasentia.com\/product\/recycled-big-rug-bag-shades-of-dusk\/"},"modified":"2025-06-23T18:57:17","modified_gmt":"2025-06-23T18:57:17","slug":"grand-sac-tapis-recycle-nuances-du-crepuscule","status":"publish","type":"product","link":"https:\/\/aromasentia.com\/fr\/grand-sac-tapis-recycle-nuances-du-crepuscule\/","title":{"rendered":"Grand Sac Tapis Recycl\u00e9 &#8211; Nuances du Cr\u00e9puscule"},"content":{"rendered":"<p><strong>Grand Sac Tapis Recycl\u00e9 &#8211; Nuances du Cr\u00e9puscule<\/strong><\/p>\n<p>Offrez \u00e0 vos clients un accessoire \u00e0 la fois \u00e9l\u00e9gant et \u00e9coresponsable avec notre Grand Sac Tapis Recycl\u00e9 &#8211; Nuances du Cr\u00e9puscule. Ce sac pr\u00e9sente une palette de couleurs riches et profondes, inspir\u00e9es des teintes subtiles et envo\u00fbtantes d\u2019un coucher de soleil, entre le pourpre, l&rsquo;orange br\u00fbl\u00e9 et les touches de gris. Il incarne \u00e0 la fois la sophistication et l&rsquo;engagement durable.<\/p>\n<p><strong>Caract\u00e9ristiques principales :<\/strong><\/p>\n<ul>\n<li>Mat\u00e9riaux recycl\u00e9s : Fabriqu\u00e9 \u00e0 partir de tapis recycl\u00e9s, alliant style moderne et conscience \u00e9cologique.<\/li>\n<li>Palette cr\u00e9pusculaire : Des nuances chaudes et apaisantes qui \u00e9voquent les couleurs d\u2019un ciel au cr\u00e9puscule, parfaites pour toutes les saisons.<\/li>\n<li>Grande capacit\u00e9 : Id\u00e9al pour transporter tout ce dont vous avez besoin, que ce soit pour une journ\u00e9e de travail ou une sortie d\u00e9contract\u00e9e.<\/li>\n<li>Sangle robuste et confortable : Con&ccedil;u pour un port\u00e9 pratique \u00e0 l&rsquo;\u00e9paule ou \u00e0 la main, assurant un confort optimal.<\/li>\n<li>Artisanat soign\u00e9 : Chaque sac est fabriqu\u00e9 avec attention et soin, garantissant une durabilit\u00e9 et une finition irr\u00e9prochables.<\/li>\n<\/ul>\n<p>Pourquoi ce sac plaira \u00e0 vos clients ?_x000D_<br \/>\nAvec ses couleurs chaleureuses et son design \u00e9coresponsable, il s\u00e9duira ceux qui recherchent un produit \u00e9l\u00e9gant, fonctionnel et respectueux de l\u2019environnement.<\/p>\n<p>?<strong>&nbsp;Ajoutez-le \u00e0 votre collection d\u00e8s aujourd\u2019hui et proposez \u00e0 vos clients un sac aussi unique qu\u2019\u00e9cologique !<\/strong><\/p>\n","protected":false},"excerpt":{"rendered":"<p>Grand Sac Tapis Recycl\u00e9 &#8211; Nuances du Cr\u00e9puscule Offrez \u00e0 vos clients un accessoire \u00e0 la fois \u00e9l\u00e9gant et \u00e9coresponsable avec notre Grand Sac Tapis Recycl\u00e9 &#8211; Nuances du Cr\u00e9puscule. Ce sac pr\u00e9sente une palette de couleurs riches et profondes, inspir\u00e9es des teintes subtiles et envo\u00fbtantes d\u2019un coucher de soleil, entre le pourpre, l&rsquo;orange br\u00fbl\u00e9 [&hellip;]<\/p>\n","protected":false},"featured_media":328926,"comment_status":"closed","ping_status":"open","template":"","meta":{"_angie_page":false},"product_brand":[],"product_cat":[19652,19651],"product_tag":[],"class_list":{"0":"post-234224","1":"product","2":"type-product","3":"status-publish","4":"has-post-thumbnail","6":"product_cat-sacs-sacs-a-dos","7":"product_cat-sacs-ecologiques","8":"pa_collection-recycled-big-rug-bags-fr","9":"pa_made-in-inde","11":"first","12":"instock","13":"purchasable","14":"product-type-simple"},"supplier_id":null,"supplier_sku":"RRBag-04","barcode":null,"atum_controlled":true,"out_stock_date":null,"out_stock_threshold":null,"inheritable":false,"inbound_stock":null,"stock_on_hold":0,"sold_today":0,"sales_last_days":0,"reserved_stock":null,"customer_returns":null,"warehouse_damage":null,"lost_in_post":null,"other_logs":null,"out_stock_days":0,"lost_sales":0,"has_location":null,"update_date":"2026-04-27T07:19:52","atum_locations":[],"atum_stock_status":"instock","restock_status":false,"low_stock_amount":"","sales_update_date":"2026-02-06T00:01:16","calc_backorders":null,"_links":{"self":[{"href":"https:\/\/aromasentia.com\/fr\/wp-json\/wp\/v2\/product\/234224","targetHints":{"allow":["GET"]}}],"collection":[{"href":"https:\/\/aromasentia.com\/fr\/wp-json\/wp\/v2\/product"}],"about":[{"href":"https:\/\/aromasentia.com\/fr\/wp-json\/wp\/v2\/types\/product"}],"replies":[{"embeddable":true,"href":"https:\/\/aromasentia.com\/fr\/wp-json\/wp\/v2\/comments?post=234224"}],"version-history":[{"count":0,"href":"https:\/\/aromasentia.com\/fr\/wp-json\/wp\/v2\/product\/234224\/revisions"}],"wp:featuredmedia":[{"embeddable":true,"href":"https:\/\/aromasentia.com\/fr\/wp-json\/wp\/v2\/media\/328926"}],"wp:attachment":[{"href":"https:\/\/aromasentia.com\/fr\/wp-json\/wp\/v2\/media?parent=234224"}],"wp:term":[{"taxonomy":"product_brand","embeddable":true,"href":"https:\/\/aromasentia.com\/fr\/wp-json\/wp\/v2\/product_brand?post=234224"},{"taxonomy":"product_cat","embeddable":true,"href":"https:\/\/aromasentia.com\/fr\/wp-json\/wp\/v2\/product_cat?post=234224"},{"taxonomy":"product_tag","embeddable":true,"href":"https:\/\/aromasentia.com\/fr\/wp-json\/wp\/v2\/product_tag?post=234224"}],"curies":[{"name":"wp","href":"https:\/\/api.w.org\/{rel}","templated":true}]}}