{"id":234220,"date":"2025-03-21T14:44:59","date_gmt":"2025-03-21T14:44:59","guid":{"rendered":"https:\/\/aromasentia.com\/product\/recycled-big-rug-bag-shades-of-lavender\/"},"modified":"2025-06-23T18:57:17","modified_gmt":"2025-06-23T18:57:17","slug":"grand-sac-tapis-recycle-nuances-de-lavande","status":"publish","type":"product","link":"https:\/\/aromasentia.com\/fr\/grand-sac-tapis-recycle-nuances-de-lavande\/","title":{"rendered":"Grand Sac Tapis Recycl\u00e9 &#8211; Nuances de Lavande"},"content":{"rendered":"<p><strong>Grand Sac Tapis Recycl\u00e9 &#8211; Nuances de Lavande<\/strong><\/p>\n<p>Apportez une touche de fra\u00eecheur et de s\u00e9r\u00e9nit\u00e9 \u00e0 votre collection avec notre Grand Sac Tapis Recycl\u00e9 &#8211; Nuances de Lavande. Avec ses subtiles variations de lavande, du violet p\u00e2le au mauve doux, ce sac incarne l&rsquo;\u00e9l\u00e9gance et la l\u00e9g\u00e8ret\u00e9, tout en \u00e9tant un choix \u00e9coresponsable gr\u00e2ce \u00e0 l&rsquo;utilisation de mat\u00e9riaux recycl\u00e9s.<\/p>\n<p><strong>Caract\u00e9ristiques principales :<\/strong><\/p>\n<ul>\n<li>Mat\u00e9riaux recycl\u00e9s : Fabriqu\u00e9 \u00e0 partir de tapis recycl\u00e9s, ce sac allie design moderne et respect de l\u2019environnement.<\/li>\n<li>Palette de lavande apaisante : Des tons doux et apaisants qui ajoutent une touche de couleur subtile \u00e0 toutes les tenues.<\/li>\n<li>Grande capacit\u00e9 : Parfait pour transporter vos essentiels au quotidien, faire vos courses ou partir en week-end.<\/li>\n<li>Sangle confortable et r\u00e9sistante : Permet un port\u00e9 \u00e0 l\u2019\u00e9paule ou \u00e0 la main, id\u00e9al pour un usage pratique.<\/li>\n<li>Finition artisanale de qualit\u00e9 : Chaque sac est soigneusement con&ccedil;u pour garantir une longue dur\u00e9e de vie et une finition soign\u00e9e.<\/li>\n<\/ul>\n<p>Pourquoi ce sac s\u00e9duira vos clients ?_x000D_<br \/>\nSa couleur d\u00e9licate et son engagement \u00e9coresponsable r\u00e9pondront aux attentes d&rsquo;une client\u00e8le \u00e0 la recherche de style, de confort et de durabilit\u00e9.<\/p>\n<p>? <strong>Ajoutez-le \u00e0 votre catalogue d\u00e8s aujourd\u2019hui et offrez \u00e0 vos clients un produit \u00e9l\u00e9gant et respectueux de l\u2019environnement !<\/strong><\/p>\n","protected":false},"excerpt":{"rendered":"<p>Grand Sac Tapis Recycl\u00e9 &#8211; Nuances de Lavande Apportez une touche de fra\u00eecheur et de s\u00e9r\u00e9nit\u00e9 \u00e0 votre collection avec notre Grand Sac Tapis Recycl\u00e9 &#8211; Nuances de Lavande. Avec ses subtiles variations de lavande, du violet p\u00e2le au mauve doux, ce sac incarne l&rsquo;\u00e9l\u00e9gance et la l\u00e9g\u00e8ret\u00e9, tout en \u00e9tant un choix \u00e9coresponsable gr\u00e2ce [&hellip;]<\/p>\n","protected":false},"featured_media":328917,"comment_status":"closed","ping_status":"open","template":"","meta":{"_angie_page":false},"product_brand":[],"product_cat":[26832,26233,19652,19651,25842],"product_tag":[],"class_list":{"0":"post-234220","1":"product","2":"type-product","3":"status-publish","4":"has-post-thumbnail","6":"product_cat-floral","7":"product_cat-lavande","8":"product_cat-sacs-sacs-a-dos","9":"product_cat-sacs-ecologiques","10":"product_cat-senteurs-aromes","11":"pa_collection-recycled-big-rug-bags-fr","12":"pa_made-in-inde","14":"first","15":"instock","16":"purchasable","17":"product-type-simple"},"supplier_id":null,"supplier_sku":"RRBag-03","barcode":null,"atum_controlled":true,"out_stock_date":null,"out_stock_threshold":null,"inheritable":false,"inbound_stock":null,"stock_on_hold":0,"sold_today":0,"sales_last_days":0,"reserved_stock":null,"customer_returns":null,"warehouse_damage":null,"lost_in_post":null,"other_logs":null,"out_stock_days":0,"lost_sales":0,"has_location":null,"update_date":"2026-04-27T07:19:52","atum_locations":[],"atum_stock_status":"instock","restock_status":false,"low_stock_amount":"","sales_update_date":"2026-02-06T00:01:24","calc_backorders":null,"_links":{"self":[{"href":"https:\/\/aromasentia.com\/fr\/wp-json\/wp\/v2\/product\/234220","targetHints":{"allow":["GET"]}}],"collection":[{"href":"https:\/\/aromasentia.com\/fr\/wp-json\/wp\/v2\/product"}],"about":[{"href":"https:\/\/aromasentia.com\/fr\/wp-json\/wp\/v2\/types\/product"}],"replies":[{"embeddable":true,"href":"https:\/\/aromasentia.com\/fr\/wp-json\/wp\/v2\/comments?post=234220"}],"version-history":[{"count":0,"href":"https:\/\/aromasentia.com\/fr\/wp-json\/wp\/v2\/product\/234220\/revisions"}],"wp:featuredmedia":[{"embeddable":true,"href":"https:\/\/aromasentia.com\/fr\/wp-json\/wp\/v2\/media\/328917"}],"wp:attachment":[{"href":"https:\/\/aromasentia.com\/fr\/wp-json\/wp\/v2\/media?parent=234220"}],"wp:term":[{"taxonomy":"product_brand","embeddable":true,"href":"https:\/\/aromasentia.com\/fr\/wp-json\/wp\/v2\/product_brand?post=234220"},{"taxonomy":"product_cat","embeddable":true,"href":"https:\/\/aromasentia.com\/fr\/wp-json\/wp\/v2\/product_cat?post=234220"},{"taxonomy":"product_tag","embeddable":true,"href":"https:\/\/aromasentia.com\/fr\/wp-json\/wp\/v2\/product_tag?post=234220"}],"curies":[{"name":"wp","href":"https:\/\/api.w.org\/{rel}","templated":true}]}}