{"id":234216,"date":"2025-03-21T14:44:59","date_gmt":"2025-03-21T14:44:59","guid":{"rendered":"https:\/\/aromasentia.com\/product\/recycled-big-rug-bag-shades-of-pink\/"},"modified":"2025-06-23T18:57:16","modified_gmt":"2025-06-23T18:57:16","slug":"grand-sac-tapis-recycle-nuances-de-rose","status":"publish","type":"product","link":"https:\/\/aromasentia.com\/fr\/grand-sac-tapis-recycle-nuances-de-rose\/","title":{"rendered":"Grand Sac Tapis Recycl\u00e9 &#8211; Nuances de Rose"},"content":{"rendered":"<p><strong>Grand Sac Tapis Recycl\u00e9 &#8211; Nuances de Rose<\/strong><\/p>\n<p>Apportez une touche de douceur et d&rsquo;\u00e9l\u00e9gance \u00e0 votre collection avec notre Grand Sac Tapis Recycl\u00e9 &#8211; Nuances de Rose. Ses teintes d\u00e9licates, allant du rose poudr\u00e9 au vieux rose, en font un accessoire chic et f\u00e9minin, tout en \u00e9tant respectueux de l&rsquo;environnement gr\u00e2ce \u00e0 l&rsquo;utilisation de mat\u00e9riaux recycl\u00e9s.<\/p>\n<p>Caract\u00e9ristiques principales :<\/p>\n<ul>\n<li>Mat\u00e9riaux recycl\u00e9s : Fabriqu\u00e9 \u00e0 partir de tapis recycl\u00e9s, ce sac unique combine style et d\u00e9marche \u00e9coresponsable.<\/li>\n<li>Palette de roses raffin\u00e9s : Des tons subtils et harmonieux qui s&rsquo;adaptent aussi bien \u00e0 des tenues d\u00e9contract\u00e9es qu&rsquo;\u00e9l\u00e9gantes.<\/li>\n<li>Grande capacit\u00e9 : Id\u00e9al pour transporter vos essentiels quotidiens, faire du shopping ou partir en escapade.<\/li>\n<li>Sangle robuste et confortable : Con&ccedil;ue pour un usage quotidien, avec un port\u00e9 pratique \u00e0 l\u2019\u00e9paule ou \u00e0 la main.<\/li>\n<li>Qualit\u00e9 artisanale : Chaque sac est soigneusement confectionn\u00e9, garantissant une finition soign\u00e9e et une longue dur\u00e9e de vie.<\/li>\n<\/ul>\n<p>Pourquoi vos clients vont l&rsquo;adorer ?_x000D_<br \/>\nCe sac associe une esth\u00e9tique f\u00e9minine intemporelle et une conscience \u00e9cologique, r\u00e9pondant aux attentes des consommateurs modernes.<\/p>\n<p>?<strong>&nbsp;Ajoutez-le d\u00e8s maintenant \u00e0 votre gamme et s\u00e9duisez vos clients avec un produit qui allie charme, praticit\u00e9 et engagement durable !<\/strong><\/p>\n","protected":false},"excerpt":{"rendered":"<p>Grand Sac Tapis Recycl\u00e9 &#8211; Nuances de Rose Apportez une touche de douceur et d&rsquo;\u00e9l\u00e9gance \u00e0 votre collection avec notre Grand Sac Tapis Recycl\u00e9 &#8211; Nuances de Rose. Ses teintes d\u00e9licates, allant du rose poudr\u00e9 au vieux rose, en font un accessoire chic et f\u00e9minin, tout en \u00e9tant respectueux de l&rsquo;environnement gr\u00e2ce \u00e0 l&rsquo;utilisation de [&hellip;]<\/p>\n","protected":false},"featured_media":328908,"comment_status":"closed","ping_status":"open","template":"","meta":{"_angie_page":false},"product_brand":[],"product_cat":[19652,19651],"product_tag":[],"class_list":{"0":"post-234216","1":"product","2":"type-product","3":"status-publish","4":"has-post-thumbnail","6":"product_cat-sacs-sacs-a-dos","7":"product_cat-sacs-ecologiques","8":"pa_collection-recycled-big-rug-bags-fr","9":"pa_made-in-inde","11":"first","12":"instock","13":"purchasable","14":"product-type-simple"},"supplier_id":null,"supplier_sku":"RRBag-02","barcode":null,"atum_controlled":true,"out_stock_date":null,"out_stock_threshold":null,"inheritable":false,"inbound_stock":null,"stock_on_hold":0,"sold_today":0,"sales_last_days":0,"reserved_stock":null,"customer_returns":null,"warehouse_damage":null,"lost_in_post":null,"other_logs":null,"out_stock_days":0,"lost_sales":0,"has_location":null,"update_date":"2026-04-27T07:19:52","atum_locations":[],"atum_stock_status":"instock","restock_status":false,"low_stock_amount":"","sales_update_date":"2025-09-05T00:23:43","calc_backorders":null,"_links":{"self":[{"href":"https:\/\/aromasentia.com\/fr\/wp-json\/wp\/v2\/product\/234216","targetHints":{"allow":["GET"]}}],"collection":[{"href":"https:\/\/aromasentia.com\/fr\/wp-json\/wp\/v2\/product"}],"about":[{"href":"https:\/\/aromasentia.com\/fr\/wp-json\/wp\/v2\/types\/product"}],"replies":[{"embeddable":true,"href":"https:\/\/aromasentia.com\/fr\/wp-json\/wp\/v2\/comments?post=234216"}],"version-history":[{"count":0,"href":"https:\/\/aromasentia.com\/fr\/wp-json\/wp\/v2\/product\/234216\/revisions"}],"wp:featuredmedia":[{"embeddable":true,"href":"https:\/\/aromasentia.com\/fr\/wp-json\/wp\/v2\/media\/328908"}],"wp:attachment":[{"href":"https:\/\/aromasentia.com\/fr\/wp-json\/wp\/v2\/media?parent=234216"}],"wp:term":[{"taxonomy":"product_brand","embeddable":true,"href":"https:\/\/aromasentia.com\/fr\/wp-json\/wp\/v2\/product_brand?post=234216"},{"taxonomy":"product_cat","embeddable":true,"href":"https:\/\/aromasentia.com\/fr\/wp-json\/wp\/v2\/product_cat?post=234216"},{"taxonomy":"product_tag","embeddable":true,"href":"https:\/\/aromasentia.com\/fr\/wp-json\/wp\/v2\/product_tag?post=234216"}],"curies":[{"name":"wp","href":"https:\/\/api.w.org\/{rel}","templated":true}]}}