{"id":234172,"date":"2025-03-21T14:44:59","date_gmt":"2025-03-21T14:44:59","guid":{"rendered":"https:\/\/aromasentia.com\/product\/psychedelic-splash-bag-deep-dive\/"},"modified":"2025-06-23T18:57:11","modified_gmt":"2025-06-23T18:57:11","slug":"sac-psychedelique-plongee-profonde","status":"publish","type":"product","link":"https:\/\/aromasentia.com\/fr\/sac-psychedelique-plongee-profonde\/","title":{"rendered":"Sac Psych\u00e9d\u00e9lique &#8211; Plong\u00e9e profonde"},"content":{"rendered":"<p><strong><span style=\"color: rgb(75, 80, 88);\">Ce sac \u00e0 \u00e9claboussures psych\u00e9d\u00e9lique Plong\u00e9e profonde<\/span><\/strong> nous donne envie d&rsquo;\u00eatre au bord de la mer. Sa touche de couleur imprim\u00e9e vibrante nous rappelle les vacances d&rsquo;\u00e9t\u00e9 et les festivals.&nbsp;<\/p>\n<p>Ce sac est assez grand pour ranger tous vos essentiels. Il a une petite poche \u00e0 l&rsquo;int\u00e9rieur, deux bretelles et une fermeture zipp\u00e9e sur le dessus pour garder vos objets en s\u00e9curit\u00e9.&nbsp;<\/p>\n<p>Dimensions : 45 x 13,5 x 41,5 cm&nbsp;<\/p>\n<p>Longueur de chute de la bandouli\u00e8re : 30 cm&nbsp;<\/p>\n<p><strong><span style=\"color: rgb(141, 186, 216);\">Conception r\u00e9sistante Faites le plein aujourd&rsquo;hui pour r\u00e9aliser des ventes suppl\u00e9mentaires.<\/span><\/strong><\/p>\n","protected":false},"excerpt":{"rendered":"<p>Ce sac \u00e0 \u00e9claboussures psych\u00e9d\u00e9lique Plong\u00e9e profonde nous donne envie d&rsquo;\u00eatre au bord de la mer. Sa touche de couleur imprim\u00e9e vibrante nous rappelle les vacances d&rsquo;\u00e9t\u00e9 et les festivals.&nbsp; Ce sac est assez grand pour ranger tous vos essentiels. Il a une petite poche \u00e0 l&rsquo;int\u00e9rieur, deux bretelles et une fermeture zipp\u00e9e sur le [&hellip;]<\/p>\n","protected":false},"featured_media":328489,"comment_status":"closed","ping_status":"open","template":"","meta":{"_angie_page":false},"product_brand":[],"product_cat":[19652,19651],"product_tag":[],"class_list":{"0":"post-234172","1":"product","2":"type-product","3":"status-publish","4":"has-post-thumbnail","6":"product_cat-sacs-sacs-a-dos","7":"product_cat-sacs-ecologiques","8":"pa_made-in-chine","10":"first","11":"instock","12":"purchasable","13":"product-type-simple"},"supplier_id":null,"supplier_sku":"PSB-02","barcode":null,"atum_controlled":true,"out_stock_date":null,"out_stock_threshold":null,"inheritable":false,"inbound_stock":null,"stock_on_hold":0,"sold_today":0,"sales_last_days":0,"reserved_stock":null,"customer_returns":null,"warehouse_damage":null,"lost_in_post":null,"other_logs":null,"out_stock_days":0,"lost_sales":0,"has_location":null,"update_date":"2026-04-27T07:18:41","atum_locations":[],"atum_stock_status":"instock","restock_status":false,"low_stock_amount":"","sales_update_date":"2026-01-30T01:25:36","calc_backorders":null,"_links":{"self":[{"href":"https:\/\/aromasentia.com\/fr\/wp-json\/wp\/v2\/product\/234172","targetHints":{"allow":["GET"]}}],"collection":[{"href":"https:\/\/aromasentia.com\/fr\/wp-json\/wp\/v2\/product"}],"about":[{"href":"https:\/\/aromasentia.com\/fr\/wp-json\/wp\/v2\/types\/product"}],"replies":[{"embeddable":true,"href":"https:\/\/aromasentia.com\/fr\/wp-json\/wp\/v2\/comments?post=234172"}],"version-history":[{"count":0,"href":"https:\/\/aromasentia.com\/fr\/wp-json\/wp\/v2\/product\/234172\/revisions"}],"wp:featuredmedia":[{"embeddable":true,"href":"https:\/\/aromasentia.com\/fr\/wp-json\/wp\/v2\/media\/328489"}],"wp:attachment":[{"href":"https:\/\/aromasentia.com\/fr\/wp-json\/wp\/v2\/media?parent=234172"}],"wp:term":[{"taxonomy":"product_brand","embeddable":true,"href":"https:\/\/aromasentia.com\/fr\/wp-json\/wp\/v2\/product_brand?post=234172"},{"taxonomy":"product_cat","embeddable":true,"href":"https:\/\/aromasentia.com\/fr\/wp-json\/wp\/v2\/product_cat?post=234172"},{"taxonomy":"product_tag","embeddable":true,"href":"https:\/\/aromasentia.com\/fr\/wp-json\/wp\/v2\/product_tag?post=234172"}],"curies":[{"name":"wp","href":"https:\/\/api.w.org\/{rel}","templated":true}]}}