{"id":234140,"date":"2025-03-21T14:45:04","date_gmt":"2025-03-21T14:45:04","guid":{"rendered":"https:\/\/aromasentia.com\/product\/tye-dye-cotton-bag-6oz-38x42x12cm-elephants-multi-natural-handle\/"},"modified":"2025-06-23T18:57:06","modified_gmt":"2025-06-23T18:57:06","slug":"sac-en-coton-tye-dye-6oz-38x42x12cm-elephants-multi-anse-naturelle","status":"publish","type":"product","link":"https:\/\/aromasentia.com\/fr\/sac-en-coton-tye-dye-6oz-38x42x12cm-elephants-multi-anse-naturelle\/","title":{"rendered":"Sac en Coton Tye-Dye (6oz) &#8211; 38x42x12cm &#8211; \u00c9l\u00e9phants &#8211; Multi &#8211; Anse Naturelle"},"content":{"rendered":"<p><strong><span style=\"color: rgb(75, 80, 88);\">Sac en coton tie-dye avec un motif monoligne d&rsquo;\u00e9l\u00e9phants<\/span><\/strong>, dans une belle nuance de bleu, vert et jaune et dot\u00e9 d&rsquo;une poign\u00e9e naturelle.&nbsp;<\/p>\n<p>Fabriqu\u00e9 \u00e0 partir de coton de haute qualit\u00e9, ce sac est \u00e0 la fois doux et r\u00e9sistant, ce qui en fait un compagnon fiable pour tous vos voyages.&nbsp;<\/p>\n<p>La technique unique de tie-dye utilis\u00e9e pour cr\u00e9er le superbe motif du sac garantit qu&rsquo;il n&rsquo;y a pas deux sacs exactement identiques.&nbsp;<\/p>\n<p><em>Dimensions : 38x42x12 cm, longueur anse : 34 cm<\/em><\/p>\n","protected":false},"excerpt":{"rendered":"<p>Sac en coton tie-dye avec un motif monoligne d&rsquo;\u00e9l\u00e9phants, dans une belle nuance de bleu, vert et jaune et dot\u00e9 d&rsquo;une poign\u00e9e naturelle.&nbsp; Fabriqu\u00e9 \u00e0 partir de coton de haute qualit\u00e9, ce sac est \u00e0 la fois doux et r\u00e9sistant, ce qui en fait un compagnon fiable pour tous vos voyages.&nbsp; La technique unique de [&hellip;]<\/p>\n","protected":false},"featured_media":329409,"comment_status":"closed","ping_status":"open","template":"","meta":{"_angie_page":false},"product_brand":[],"product_cat":[19652,19651,19722],"product_tag":[],"class_list":{"0":"post-234140","1":"product","2":"type-product","3":"status-publish","4":"has-post-thumbnail","6":"product_cat-sacs-sacs-a-dos","7":"product_cat-sacs-ecologiques","8":"product_cat-sacs-ethno-nepalais-et-sacs-bandouliere","9":"pa_collection-tie-dye-cotton-bags-fr","10":"pa_made-in-inde","12":"first","13":"instock","14":"purchasable","15":"product-type-simple"},"supplier_id":null,"supplier_sku":"TDB-06","barcode":null,"atum_controlled":true,"out_stock_date":null,"out_stock_threshold":null,"inheritable":false,"inbound_stock":null,"stock_on_hold":0,"sold_today":0,"sales_last_days":0,"reserved_stock":null,"customer_returns":null,"warehouse_damage":null,"lost_in_post":null,"other_logs":null,"out_stock_days":0,"lost_sales":0,"has_location":null,"update_date":"2026-04-27T07:24:11","atum_locations":[],"atum_stock_status":"instock","restock_status":false,"low_stock_amount":"","sales_update_date":"2026-01-30T01:25:56","calc_backorders":null,"_links":{"self":[{"href":"https:\/\/aromasentia.com\/fr\/wp-json\/wp\/v2\/product\/234140","targetHints":{"allow":["GET"]}}],"collection":[{"href":"https:\/\/aromasentia.com\/fr\/wp-json\/wp\/v2\/product"}],"about":[{"href":"https:\/\/aromasentia.com\/fr\/wp-json\/wp\/v2\/types\/product"}],"replies":[{"embeddable":true,"href":"https:\/\/aromasentia.com\/fr\/wp-json\/wp\/v2\/comments?post=234140"}],"version-history":[{"count":0,"href":"https:\/\/aromasentia.com\/fr\/wp-json\/wp\/v2\/product\/234140\/revisions"}],"wp:featuredmedia":[{"embeddable":true,"href":"https:\/\/aromasentia.com\/fr\/wp-json\/wp\/v2\/media\/329409"}],"wp:attachment":[{"href":"https:\/\/aromasentia.com\/fr\/wp-json\/wp\/v2\/media?parent=234140"}],"wp:term":[{"taxonomy":"product_brand","embeddable":true,"href":"https:\/\/aromasentia.com\/fr\/wp-json\/wp\/v2\/product_brand?post=234140"},{"taxonomy":"product_cat","embeddable":true,"href":"https:\/\/aromasentia.com\/fr\/wp-json\/wp\/v2\/product_cat?post=234140"},{"taxonomy":"product_tag","embeddable":true,"href":"https:\/\/aromasentia.com\/fr\/wp-json\/wp\/v2\/product_tag?post=234140"}],"curies":[{"name":"wp","href":"https:\/\/api.w.org\/{rel}","templated":true}]}}