{"id":234100,"date":"2025-03-21T14:45:04","date_gmt":"2025-03-21T14:45:04","guid":{"rendered":"https:\/\/aromasentia.com\/product\/phone-holder-bag-black-and-multi-fox-decor\/"},"modified":"2025-06-23T18:57:01","modified_gmt":"2025-06-23T18:57:01","slug":"sac-support-telephone-noir-et-multi-decor-renard","status":"publish","type":"product","link":"https:\/\/aromasentia.com\/fr\/sac-support-telephone-noir-et-multi-decor-renard\/","title":{"rendered":"Sac Support T\u00e9l\u00e9phone Noir et Multi &#8211; D\u00e9cor Renard"},"content":{"rendered":"<p><strong>Sac Support T\u00e9l\u00e9phone Noir et Multi &#8211; D\u00e9cor Renard<\/strong><\/p>\n<p>Apportez une touche de style et de caract\u00e8re \u00e0 votre collection avec le Sac Support T\u00e9l\u00e9phone Noir et Multi &#8211; D\u00e9cor Renard. Ce mod\u00e8le combine des couleurs vibrantes avec une base noire \u00e9l\u00e9gante, et un d\u00e9cor mignon de renard, cr\u00e9ant ainsi un accessoire \u00e0 la fois pratique et original pour transporter le t\u00e9l\u00e9phone tout en ajoutant une touche de fantaisie.<\/p>\n<p><strong>Caract\u00e9ristiques principales :<\/strong><\/p>\n<ul>\n<li>Design unique et ludique : Le contraste entre les couleurs vives et la base noire met en valeur le d\u00e9cor renard, apportant une touche d\u2019originalit\u00e9 et de fun \u00e0 ce sac.<\/li>\n<li>Support s\u00e9curis\u00e9 pour t\u00e9l\u00e9phone : Con&ccedil;u pour maintenir le t\u00e9l\u00e9phone en toute s\u00e9curit\u00e9, tout en offrant un acc\u00e8s facile et rapide.<\/li>\n<li>Mat\u00e9riaux robustes : Fabriqu\u00e9 avec des tissus durables qui assurent une protection fiable contre les chocs et les rayures.<\/li>\n<\/ul>\n<p>Pourquoi ce sac va plaire \u00e0 vos clients ?_x000D_<br \/>\nAvec son design \u00e0 la fois tendance et mignon, ce sac est parfait pour ceux qui recherchent un accessoire fonctionnel, tout en apportant une touche d\u2019amusement et de style \u00e0 leur quotidien.<\/p>\n<p>?<strong>&nbsp;Ajoutez-le \u00e0 votre offre d\u00e8s aujourd\u2019hui et proposez \u00e0 vos clients un sac pratique et original pour leurs t\u00e9l\u00e9phones !<\/strong><\/p>\n","protected":false},"excerpt":{"rendered":"<p>Sac Support T\u00e9l\u00e9phone Noir et Multi &#8211; D\u00e9cor Renard Apportez une touche de style et de caract\u00e8re \u00e0 votre collection avec le Sac Support T\u00e9l\u00e9phone Noir et Multi &#8211; D\u00e9cor Renard. Ce mod\u00e8le combine des couleurs vibrantes avec une base noire \u00e9l\u00e9gante, et un d\u00e9cor mignon de renard, cr\u00e9ant ainsi un accessoire \u00e0 la fois [&hellip;]<\/p>\n","protected":false},"featured_media":329079,"comment_status":"closed","ping_status":"open","template":"","meta":{"_angie_page":false},"product_brand":[],"product_cat":[19652,19651],"product_tag":[],"class_list":{"0":"post-234100","1":"product","2":"type-product","3":"status-publish","4":"has-post-thumbnail","6":"product_cat-sacs-sacs-a-dos","7":"product_cat-sacs-ecologiques","8":"pa_collection-phone-holder-bags-fr","9":"pa_made-in-nepal","11":"first","12":"instock","13":"purchasable","14":"product-type-simple"},"supplier_id":null,"supplier_sku":"SBPN-04","barcode":null,"atum_controlled":true,"out_stock_date":null,"out_stock_threshold":null,"inheritable":false,"inbound_stock":null,"stock_on_hold":0,"sold_today":0,"sales_last_days":0,"reserved_stock":null,"customer_returns":null,"warehouse_damage":null,"lost_in_post":null,"other_logs":null,"out_stock_days":0,"lost_sales":0,"has_location":null,"update_date":"2026-04-27T07:20:29","atum_locations":[],"atum_stock_status":"instock","restock_status":false,"low_stock_amount":"","sales_update_date":"2026-01-30T01:26:15","calc_backorders":null,"_links":{"self":[{"href":"https:\/\/aromasentia.com\/fr\/wp-json\/wp\/v2\/product\/234100","targetHints":{"allow":["GET"]}}],"collection":[{"href":"https:\/\/aromasentia.com\/fr\/wp-json\/wp\/v2\/product"}],"about":[{"href":"https:\/\/aromasentia.com\/fr\/wp-json\/wp\/v2\/types\/product"}],"replies":[{"embeddable":true,"href":"https:\/\/aromasentia.com\/fr\/wp-json\/wp\/v2\/comments?post=234100"}],"version-history":[{"count":0,"href":"https:\/\/aromasentia.com\/fr\/wp-json\/wp\/v2\/product\/234100\/revisions"}],"wp:featuredmedia":[{"embeddable":true,"href":"https:\/\/aromasentia.com\/fr\/wp-json\/wp\/v2\/media\/329079"}],"wp:attachment":[{"href":"https:\/\/aromasentia.com\/fr\/wp-json\/wp\/v2\/media?parent=234100"}],"wp:term":[{"taxonomy":"product_brand","embeddable":true,"href":"https:\/\/aromasentia.com\/fr\/wp-json\/wp\/v2\/product_brand?post=234100"},{"taxonomy":"product_cat","embeddable":true,"href":"https:\/\/aromasentia.com\/fr\/wp-json\/wp\/v2\/product_cat?post=234100"},{"taxonomy":"product_tag","embeddable":true,"href":"https:\/\/aromasentia.com\/fr\/wp-json\/wp\/v2\/product_tag?post=234100"}],"curies":[{"name":"wp","href":"https:\/\/api.w.org\/{rel}","templated":true}]}}