{"id":234060,"date":"2025-03-21T14:45:09","date_gmt":"2025-03-21T14:45:09","guid":{"rendered":"https:\/\/aromasentia.com\/product\/yoga-and-festival-pants-aladdin-himalayan-print-on-orange\/"},"modified":"2025-06-23T18:56:54","modified_gmt":"2025-06-23T18:56:54","slug":"pantalon-de-yoga-festival-aladdin-imprimes-himalaya-orange","status":"publish","type":"product","link":"https:\/\/aromasentia.com\/fr\/pantalon-de-yoga-festival-aladdin-imprimes-himalaya-orange\/","title":{"rendered":"Pantalon de Yoga &#038; Festival  &#8211; Aladdin   Imprim\u00e9s Himalaya &#8211; Orange"},"content":{"rendered":"<p>Faites preuve d&rsquo;audace avec le<strong><span style=\"color: rgb(75, 80, 88);\">&nbsp;Pantalon de Yoga &amp; Festival &#8211; Aladdin Imprim\u00e9s Himalaya, d&rsquo;un orange vibrant.<\/span><\/strong>&nbsp;<\/p>\n<p>Ce pantalon unisexe privil\u00e9gie \u00e0 la fois le style et le confort, ce qui en fait un excellent choix pour les adeptes du yoga et des festivals qui recherchent un look distinctif.&nbsp;<\/p>\n<p>Chaque pantalon est unisexe et de taille unique, ce qui le rend parfait pour la plupart des clients.&nbsp;<\/p>\n<p><strong><span style=\"color: rgb(141, 186, 216);\">Pour offrir \u00e0 vos clients encore plus de satisfaction et une exp\u00e9rience unique, ces pantalons de yoga et de festival sont livr\u00e9s dans un petit sac en coton.<\/span><\/strong><\/p>\n","protected":false},"excerpt":{"rendered":"<p>Faites preuve d&rsquo;audace avec le&nbsp;Pantalon de Yoga &amp; Festival &#8211; Aladdin Imprim\u00e9s Himalaya, d&rsquo;un orange vibrant.&nbsp; Ce pantalon unisexe privil\u00e9gie \u00e0 la fois le style et le confort, ce qui en fait un excellent choix pour les adeptes du yoga et des festivals qui recherchent un look distinctif.&nbsp; Chaque pantalon est unisexe et de taille [&hellip;]<\/p>\n","protected":false},"featured_media":329643,"comment_status":"closed","ping_status":"open","template":"","meta":{"_angie_page":false},"product_brand":[],"product_cat":[26609,25836],"product_tag":[],"class_list":{"0":"post-234060","1":"product","2":"type-product","3":"status-publish","4":"has-post-thumbnail","6":"product_cat-pantalons","7":"product_cat-vetements","8":"pa_collection-yoga-and-festival-pants-fr","9":"pa_made-in-nepal","11":"first","12":"instock","13":"purchasable","14":"product-type-simple"},"supplier_id":null,"supplier_sku":"YFP-06","barcode":null,"atum_controlled":true,"out_stock_date":null,"out_stock_threshold":null,"inheritable":false,"inbound_stock":null,"stock_on_hold":0,"sold_today":0,"sales_last_days":0,"reserved_stock":null,"customer_returns":null,"warehouse_damage":null,"lost_in_post":null,"other_logs":null,"out_stock_days":0,"lost_sales":0,"has_location":null,"update_date":"2026-05-08T05:21:54","atum_locations":[],"atum_stock_status":"instock","restock_status":false,"low_stock_amount":"","sales_update_date":"2025-09-05T00:23:49","calc_backorders":null,"_links":{"self":[{"href":"https:\/\/aromasentia.com\/fr\/wp-json\/wp\/v2\/product\/234060","targetHints":{"allow":["GET"]}}],"collection":[{"href":"https:\/\/aromasentia.com\/fr\/wp-json\/wp\/v2\/product"}],"about":[{"href":"https:\/\/aromasentia.com\/fr\/wp-json\/wp\/v2\/types\/product"}],"replies":[{"embeddable":true,"href":"https:\/\/aromasentia.com\/fr\/wp-json\/wp\/v2\/comments?post=234060"}],"version-history":[{"count":0,"href":"https:\/\/aromasentia.com\/fr\/wp-json\/wp\/v2\/product\/234060\/revisions"}],"wp:featuredmedia":[{"embeddable":true,"href":"https:\/\/aromasentia.com\/fr\/wp-json\/wp\/v2\/media\/329643"}],"wp:attachment":[{"href":"https:\/\/aromasentia.com\/fr\/wp-json\/wp\/v2\/media?parent=234060"}],"wp:term":[{"taxonomy":"product_brand","embeddable":true,"href":"https:\/\/aromasentia.com\/fr\/wp-json\/wp\/v2\/product_brand?post=234060"},{"taxonomy":"product_cat","embeddable":true,"href":"https:\/\/aromasentia.com\/fr\/wp-json\/wp\/v2\/product_cat?post=234060"},{"taxonomy":"product_tag","embeddable":true,"href":"https:\/\/aromasentia.com\/fr\/wp-json\/wp\/v2\/product_tag?post=234060"}],"curies":[{"name":"wp","href":"https:\/\/api.w.org\/{rel}","templated":true}]}}