{"id":234012,"date":"2025-03-22T13:29:09","date_gmt":"2025-03-22T13:29:09","guid":{"rendered":"https:\/\/aromasentia.com\/product\/bag-of-12-medium-african-tumble-stones-tigers-eye-golden\/"},"modified":"2025-06-23T18:56:48","modified_gmt":"2025-06-23T18:56:48","slug":"pierres-roulees-africaines-moyennes-oeil-de-tigre-dore","status":"publish","type":"product","link":"https:\/\/aromasentia.com\/fr\/pierres-roulees-africaines-moyennes-oeil-de-tigre-dore\/","title":{"rendered":"Pierres roul\u00e9es Africaines Moyennes &#8211; Oeil de Tigre &#8211; Dor\u00e9"},"content":{"rendered":"<p><strong><span style=\"color: rgb(75, 80, 88);\">L&rsquo;oeil de tigre<\/span><\/strong> est un min\u00e9ral rare appartenant \u00e0 la famille des quartz. Il a une couleur jaune et jaune-brun, il est cassant et opaque. Il doit son nom \u00e0 la fois \u00e0 la couleur et aux effets optiques provoqu\u00e9s par les rayons solaires.<\/p>\n<p>L&rsquo;oeil de tigre est une pierre de collection et de d\u00e9coration appr\u00e9ci\u00e9e. Il est souvent utilis\u00e9 comme amulette.&nbsp;<\/p>\n<p>De nombreuses propri\u00e9t\u00e9s diff\u00e9rentes lui sont attribu\u00e9es. Les talismans avec un \u0153il de tigre \u00e9taient port\u00e9s par les guerriers. Aujourd&rsquo;hui, il est recommand\u00e9 aux hommes d&rsquo;affaires d\u00e9butants et aux personnes qui r\u00eavent de prosp\u00e9rit\u00e9 et d&rsquo;ind\u00e9pendance financi\u00e8re.<\/p>\n","protected":false},"excerpt":{"rendered":"<p>L&rsquo;oeil de tigre est un min\u00e9ral rare appartenant \u00e0 la famille des quartz. Il a une couleur jaune et jaune-brun, il est cassant et opaque. Il doit son nom \u00e0 la fois \u00e0 la couleur et aux effets optiques provoqu\u00e9s par les rayons solaires. L&rsquo;oeil de tigre est une pierre de collection et de d\u00e9coration [&hellip;]<\/p>\n","protected":false},"featured_media":330699,"comment_status":"closed","ping_status":"open","template":"","meta":{"_angie_page":false},"product_brand":[],"product_cat":[17264,18938],"product_tag":[],"class_list":{"0":"post-234012","1":"product","2":"type-product","3":"status-publish","4":"has-post-thumbnail","6":"product_cat-cadeaux-esoterique","7":"product_cat-pierres-roulees","8":"pa_collection-medium-african-tumble-stones-fr","9":"pa_made-in-afrique-du-sud","11":"first","12":"outofstock","13":"purchasable","14":"product-type-simple"},"supplier_id":null,"supplier_sku":"ATumbleM-10","barcode":null,"atum_controlled":true,"out_stock_date":"2026-04-25 15:19:39","out_stock_threshold":null,"inheritable":false,"inbound_stock":null,"stock_on_hold":0,"sold_today":0,"sales_last_days":0,"reserved_stock":null,"customer_returns":null,"warehouse_damage":null,"lost_in_post":null,"other_logs":null,"out_stock_days":0,"lost_sales":0,"has_location":null,"update_date":"2026-04-28T06:42:57","atum_locations":[],"atum_stock_status":"outofstock","restock_status":false,"low_stock_amount":"","sales_update_date":"2025-10-09T03:23:56","calc_backorders":null,"_links":{"self":[{"href":"https:\/\/aromasentia.com\/fr\/wp-json\/wp\/v2\/product\/234012","targetHints":{"allow":["GET"]}}],"collection":[{"href":"https:\/\/aromasentia.com\/fr\/wp-json\/wp\/v2\/product"}],"about":[{"href":"https:\/\/aromasentia.com\/fr\/wp-json\/wp\/v2\/types\/product"}],"replies":[{"embeddable":true,"href":"https:\/\/aromasentia.com\/fr\/wp-json\/wp\/v2\/comments?post=234012"}],"version-history":[{"count":0,"href":"https:\/\/aromasentia.com\/fr\/wp-json\/wp\/v2\/product\/234012\/revisions"}],"wp:featuredmedia":[{"embeddable":true,"href":"https:\/\/aromasentia.com\/fr\/wp-json\/wp\/v2\/media\/330699"}],"wp:attachment":[{"href":"https:\/\/aromasentia.com\/fr\/wp-json\/wp\/v2\/media?parent=234012"}],"wp:term":[{"taxonomy":"product_brand","embeddable":true,"href":"https:\/\/aromasentia.com\/fr\/wp-json\/wp\/v2\/product_brand?post=234012"},{"taxonomy":"product_cat","embeddable":true,"href":"https:\/\/aromasentia.com\/fr\/wp-json\/wp\/v2\/product_cat?post=234012"},{"taxonomy":"product_tag","embeddable":true,"href":"https:\/\/aromasentia.com\/fr\/wp-json\/wp\/v2\/product_tag?post=234012"}],"curies":[{"name":"wp","href":"https:\/\/api.w.org\/{rel}","templated":true}]}}