{"id":234000,"date":"2025-03-22T13:29:09","date_gmt":"2025-03-22T13:29:09","guid":{"rendered":"https:\/\/aromasentia.com\/product\/bag-of-12-medium-african-tumble-stones-jasper-nguni\/"},"modified":"2025-06-23T18:56:44","modified_gmt":"2025-06-23T18:56:44","slug":"pierres-roulees-africaines-moyennes-jasper-nguni","status":"publish","type":"product","link":"https:\/\/aromasentia.com\/fr\/pierres-roulees-africaines-moyennes-jasper-nguni\/","title":{"rendered":"Pierres roul\u00e9es Africaines moyennes &#8211; Jasper Nguni"},"content":{"rendered":"<p><strong><span style=\"color: rgb(75, 80, 88);\">Le jaspe Nguni<\/span><\/strong> est visuellement int\u00e9ressant avec ses dessins et ses marques, qui rappellent la peau du b\u00e9tail Nguni d&rsquo;Afrique du Sud.&nbsp;<\/p>\n<p>Les bovins Nguni sud-africains sont connus pour leur temp\u00e9rament sociable et doux et leur capacit\u00e9 \u00e0 s&rsquo;adapter aux conditions difficiles, c&rsquo;est pourquoi on pense que le jaspe nguni aide \u00e0 s&rsquo;adapter aux conditions environnementales difficiles et extr\u00eames.<\/p>\n","protected":false},"excerpt":{"rendered":"<p>Le jaspe Nguni est visuellement int\u00e9ressant avec ses dessins et ses marques, qui rappellent la peau du b\u00e9tail Nguni d&rsquo;Afrique du Sud.&nbsp; Les bovins Nguni sud-africains sont connus pour leur temp\u00e9rament sociable et doux et leur capacit\u00e9 \u00e0 s&rsquo;adapter aux conditions difficiles, c&rsquo;est pourquoi on pense que le jaspe nguni aide \u00e0 s&rsquo;adapter aux conditions [&hellip;]<\/p>\n","protected":false},"featured_media":330648,"comment_status":"closed","ping_status":"open","template":"","meta":{"_angie_page":false},"product_brand":[],"product_cat":[17264,25644,25226,18938],"product_tag":[],"class_list":{"0":"post-234000","1":"product","2":"type-product","3":"status-publish","4":"has-post-thumbnail","6":"product_cat-cadeaux-esoterique","7":"product_cat-jaspe","8":"product_cat-pierres-et-mineraux","9":"product_cat-pierres-roulees","10":"pa_collection-medium-african-tumble-stones-fr","11":"pa_made-in-afrique-du-sud","13":"first","14":"instock","15":"purchasable","16":"product-type-simple"},"supplier_id":null,"supplier_sku":"ATumbleM-06","barcode":null,"atum_controlled":true,"out_stock_date":null,"out_stock_threshold":null,"inheritable":false,"inbound_stock":null,"stock_on_hold":0,"sold_today":0,"sales_last_days":0,"reserved_stock":null,"customer_returns":null,"warehouse_damage":null,"lost_in_post":null,"other_logs":null,"out_stock_days":0,"lost_sales":0,"has_location":null,"update_date":"2026-04-27T06:51:33","atum_locations":[],"atum_stock_status":"instock","restock_status":false,"low_stock_amount":"","sales_update_date":"2026-02-06T00:02:35","calc_backorders":null,"_links":{"self":[{"href":"https:\/\/aromasentia.com\/fr\/wp-json\/wp\/v2\/product\/234000","targetHints":{"allow":["GET"]}}],"collection":[{"href":"https:\/\/aromasentia.com\/fr\/wp-json\/wp\/v2\/product"}],"about":[{"href":"https:\/\/aromasentia.com\/fr\/wp-json\/wp\/v2\/types\/product"}],"replies":[{"embeddable":true,"href":"https:\/\/aromasentia.com\/fr\/wp-json\/wp\/v2\/comments?post=234000"}],"version-history":[{"count":0,"href":"https:\/\/aromasentia.com\/fr\/wp-json\/wp\/v2\/product\/234000\/revisions"}],"wp:featuredmedia":[{"embeddable":true,"href":"https:\/\/aromasentia.com\/fr\/wp-json\/wp\/v2\/media\/330648"}],"wp:attachment":[{"href":"https:\/\/aromasentia.com\/fr\/wp-json\/wp\/v2\/media?parent=234000"}],"wp:term":[{"taxonomy":"product_brand","embeddable":true,"href":"https:\/\/aromasentia.com\/fr\/wp-json\/wp\/v2\/product_brand?post=234000"},{"taxonomy":"product_cat","embeddable":true,"href":"https:\/\/aromasentia.com\/fr\/wp-json\/wp\/v2\/product_cat?post=234000"},{"taxonomy":"product_tag","embeddable":true,"href":"https:\/\/aromasentia.com\/fr\/wp-json\/wp\/v2\/product_tag?post=234000"}],"curies":[{"name":"wp","href":"https:\/\/api.w.org\/{rel}","templated":true}]}}