{"id":233992,"date":"2025-03-22T13:29:09","date_gmt":"2025-03-22T13:29:09","guid":{"rendered":"https:\/\/aromasentia.com\/product\/bag-of-12-medium-african-tumble-stones-guinea-fowl-bag-of-12-medium\/"},"modified":"2025-06-23T18:56:43","modified_gmt":"2025-06-23T18:56:43","slug":"pierres-roulees-africaines-moyennes-pintade-medium","status":"publish","type":"product","link":"https:\/\/aromasentia.com\/fr\/pierres-roulees-africaines-moyennes-pintade-medium\/","title":{"rendered":"Pierres roul\u00e9es Africaines moyennes &#8211; Pintade Medium"},"content":{"rendered":"<p><strong><span style=\"color: rgb(75, 80, 88);\">Le jaspe de pintade<\/span><\/strong> est une pierre noire avec des taches blanches. Il ressemble aux plumes de pintade du Congo en Afrique.<\/p>\n<p>On pense qu&rsquo;il soutient la m\u00e9ditation et le d\u00e9veloppement de l&rsquo;intuition et de la cr\u00e9ativit\u00e9. Il ne doit pas \u00eatre plac\u00e9 au soleil.<\/p>\n","protected":false},"excerpt":{"rendered":"<p>Le jaspe de pintade est une pierre noire avec des taches blanches. Il ressemble aux plumes de pintade du Congo en Afrique. On pense qu&rsquo;il soutient la m\u00e9ditation et le d\u00e9veloppement de l&rsquo;intuition et de la cr\u00e9ativit\u00e9. Il ne doit pas \u00eatre plac\u00e9 au soleil.<\/p>\n","protected":false},"featured_media":330614,"comment_status":"closed","ping_status":"open","template":"","meta":{"_angie_page":false},"product_brand":[],"product_cat":[17264,18938],"product_tag":[],"class_list":{"0":"post-233992","1":"product","2":"type-product","3":"status-publish","4":"has-post-thumbnail","6":"product_cat-cadeaux-esoterique","7":"product_cat-pierres-roulees","8":"pa_collection-medium-african-tumble-stones-fr","9":"pa_made-in-afrique-du-sud","11":"first","12":"instock","13":"purchasable","14":"product-type-simple"},"supplier_id":null,"supplier_sku":"ATumbleM-04","barcode":null,"atum_controlled":true,"out_stock_date":null,"out_stock_threshold":null,"inheritable":false,"inbound_stock":null,"stock_on_hold":0,"sold_today":0,"sales_last_days":0,"reserved_stock":null,"customer_returns":null,"warehouse_damage":null,"lost_in_post":null,"other_logs":null,"out_stock_days":0,"lost_sales":0,"has_location":null,"update_date":"2026-04-27T06:51:33","atum_locations":[],"atum_stock_status":"instock","restock_status":false,"low_stock_amount":"","sales_update_date":"2025-10-09T03:23:56","calc_backorders":null,"_links":{"self":[{"href":"https:\/\/aromasentia.com\/fr\/wp-json\/wp\/v2\/product\/233992","targetHints":{"allow":["GET"]}}],"collection":[{"href":"https:\/\/aromasentia.com\/fr\/wp-json\/wp\/v2\/product"}],"about":[{"href":"https:\/\/aromasentia.com\/fr\/wp-json\/wp\/v2\/types\/product"}],"replies":[{"embeddable":true,"href":"https:\/\/aromasentia.com\/fr\/wp-json\/wp\/v2\/comments?post=233992"}],"version-history":[{"count":0,"href":"https:\/\/aromasentia.com\/fr\/wp-json\/wp\/v2\/product\/233992\/revisions"}],"wp:featuredmedia":[{"embeddable":true,"href":"https:\/\/aromasentia.com\/fr\/wp-json\/wp\/v2\/media\/330614"}],"wp:attachment":[{"href":"https:\/\/aromasentia.com\/fr\/wp-json\/wp\/v2\/media?parent=233992"}],"wp:term":[{"taxonomy":"product_brand","embeddable":true,"href":"https:\/\/aromasentia.com\/fr\/wp-json\/wp\/v2\/product_brand?post=233992"},{"taxonomy":"product_cat","embeddable":true,"href":"https:\/\/aromasentia.com\/fr\/wp-json\/wp\/v2\/product_cat?post=233992"},{"taxonomy":"product_tag","embeddable":true,"href":"https:\/\/aromasentia.com\/fr\/wp-json\/wp\/v2\/product_tag?post=233992"}],"curies":[{"name":"wp","href":"https:\/\/api.w.org\/{rel}","templated":true}]}}