{"id":233972,"date":"2025-03-22T13:29:09","date_gmt":"2025-03-22T13:29:09","guid":{"rendered":"https:\/\/aromasentia.com\/product\/bag-of-6-large-african-tumble-stones-picture-nguni\/"},"modified":"2025-06-23T18:56:41","modified_gmt":"2025-06-23T18:56:41","slug":"grandes-pierres-roulees-africaines-photo-nguni","status":"publish","type":"product","link":"https:\/\/aromasentia.com\/fr\/grandes-pierres-roulees-africaines-photo-nguni\/","title":{"rendered":"Grandes Pierres Roul\u00e9es Africaines &#8211; Photo Nguni"},"content":{"rendered":"<p><strong><span style=\"color: rgb(75, 80, 88);\">Photo Nguni<\/span><\/strong> est un jaspe avec des rayures et des motifs qui ressemblent \u00e0 la couleur du b\u00e9tail sud-africain Nguni. La pierre contient divers min\u00e9raux qui lui donnent cet aspect merveilleux.&nbsp;<\/p>\n<p>Il a des nuances terreuses de brun, jaune, rouge et gris. Une pierre tr\u00e8s int\u00e9ressante, surtout quand on la regarde de pr\u00e8s.<\/p>\n","protected":false},"excerpt":{"rendered":"<p>Photo Nguni est un jaspe avec des rayures et des motifs qui ressemblent \u00e0 la couleur du b\u00e9tail sud-africain Nguni. La pierre contient divers min\u00e9raux qui lui donnent cet aspect merveilleux.&nbsp; Il a des nuances terreuses de brun, jaune, rouge et gris. Une pierre tr\u00e8s int\u00e9ressante, surtout quand on la regarde de pr\u00e8s.<\/p>\n","protected":false},"featured_media":330521,"comment_status":"closed","ping_status":"open","template":"","meta":{"_angie_page":false},"product_brand":[],"product_cat":[17264,18938],"product_tag":[],"class_list":{"0":"post-233972","1":"product","2":"type-product","3":"status-publish","4":"has-post-thumbnail","6":"product_cat-cadeaux-esoterique","7":"product_cat-pierres-roulees","8":"pa_collection-large-african-tumble-stones-fr","9":"pa_made-in-afrique-du-sud","11":"first","12":"instock","13":"purchasable","14":"product-type-simple"},"supplier_id":null,"supplier_sku":"ATumbleL-21","barcode":null,"atum_controlled":true,"out_stock_date":null,"out_stock_threshold":null,"inheritable":false,"inbound_stock":null,"stock_on_hold":0,"sold_today":0,"sales_last_days":0,"reserved_stock":null,"customer_returns":null,"warehouse_damage":null,"lost_in_post":null,"other_logs":null,"out_stock_days":0,"lost_sales":0,"has_location":null,"update_date":"2026-04-27T06:51:26","atum_locations":[],"atum_stock_status":"instock","restock_status":false,"low_stock_amount":"","sales_update_date":"2026-01-30T01:26:29","calc_backorders":null,"_links":{"self":[{"href":"https:\/\/aromasentia.com\/fr\/wp-json\/wp\/v2\/product\/233972","targetHints":{"allow":["GET"]}}],"collection":[{"href":"https:\/\/aromasentia.com\/fr\/wp-json\/wp\/v2\/product"}],"about":[{"href":"https:\/\/aromasentia.com\/fr\/wp-json\/wp\/v2\/types\/product"}],"replies":[{"embeddable":true,"href":"https:\/\/aromasentia.com\/fr\/wp-json\/wp\/v2\/comments?post=233972"}],"version-history":[{"count":0,"href":"https:\/\/aromasentia.com\/fr\/wp-json\/wp\/v2\/product\/233972\/revisions"}],"wp:featuredmedia":[{"embeddable":true,"href":"https:\/\/aromasentia.com\/fr\/wp-json\/wp\/v2\/media\/330521"}],"wp:attachment":[{"href":"https:\/\/aromasentia.com\/fr\/wp-json\/wp\/v2\/media?parent=233972"}],"wp:term":[{"taxonomy":"product_brand","embeddable":true,"href":"https:\/\/aromasentia.com\/fr\/wp-json\/wp\/v2\/product_brand?post=233972"},{"taxonomy":"product_cat","embeddable":true,"href":"https:\/\/aromasentia.com\/fr\/wp-json\/wp\/v2\/product_cat?post=233972"},{"taxonomy":"product_tag","embeddable":true,"href":"https:\/\/aromasentia.com\/fr\/wp-json\/wp\/v2\/product_tag?post=233972"}],"curies":[{"name":"wp","href":"https:\/\/api.w.org\/{rel}","templated":true}]}}