{"id":233960,"date":"2025-03-22T13:29:09","date_gmt":"2025-03-22T13:29:09","guid":{"rendered":"https:\/\/aromasentia.com\/product\/bag-of-6-large-african-tumble-stones-aventurine\/"},"modified":"2025-06-23T18:56:40","modified_gmt":"2025-06-23T18:56:40","slug":"grandes-pierres-roulees-africaines-aventurine","status":"publish","type":"product","link":"https:\/\/aromasentia.com\/fr\/grandes-pierres-roulees-africaines-aventurine\/","title":{"rendered":"Grandes Pierres Roul\u00e9es Africaines &#8211; Aventurine"},"content":{"rendered":"<p><strong><span style=\"color: rgb(75, 80, 88);\">L&rsquo;aventurine<\/span><\/strong> n&rsquo;est pas un min\u00e9ral \u00e0 proprement parler, mais plut\u00f4t un agr\u00e9gat compos\u00e9 de grains de quartz et d&rsquo;\u00e9cailles de mica. Certaines sources affirment que des outils en aventurine \u00e9taient d\u00e9j\u00e0 utilis\u00e9s par les hommes primitifs.&nbsp;<\/p>\n<p>En g\u00e9n\u00e9ral, elle est consid\u00e9r\u00e9e comme une pierre qui symbolise la chance et le succ\u00e8s.&nbsp;<\/p>\n<p>Taille approx : 30 &#8211; 50 [mm]\/ 33 pierres par 1kg<\/p>\n","protected":false},"excerpt":{"rendered":"<p>L&rsquo;aventurine n&rsquo;est pas un min\u00e9ral \u00e0 proprement parler, mais plut\u00f4t un agr\u00e9gat compos\u00e9 de grains de quartz et d&rsquo;\u00e9cailles de mica. Certaines sources affirment que des outils en aventurine \u00e9taient d\u00e9j\u00e0 utilis\u00e9s par les hommes primitifs.&nbsp; En g\u00e9n\u00e9ral, elle est consid\u00e9r\u00e9e comme une pierre qui symbolise la chance et le succ\u00e8s.&nbsp; Taille approx : 30 [&hellip;]<\/p>\n","protected":false},"featured_media":330470,"comment_status":"closed","ping_status":"open","template":"","meta":{"_angie_page":false},"product_brand":[],"product_cat":[25557,17264,25226,18938],"product_tag":[],"class_list":{"0":"post-233960","1":"product","2":"type-product","3":"status-publish","4":"has-post-thumbnail","6":"product_cat-aventurine","7":"product_cat-cadeaux-esoterique","8":"product_cat-pierres-et-mineraux","9":"product_cat-pierres-roulees","10":"pa_collection-large-african-tumble-stones-fr","11":"pa_made-in-afrique-du-sud","13":"first","14":"instock","15":"purchasable","16":"product-type-simple"},"supplier_id":null,"supplier_sku":"ATumbleL-18","barcode":null,"atum_controlled":true,"out_stock_date":null,"out_stock_threshold":null,"inheritable":false,"inbound_stock":null,"stock_on_hold":0,"sold_today":0,"sales_last_days":0,"reserved_stock":null,"customer_returns":null,"warehouse_damage":null,"lost_in_post":null,"other_logs":null,"out_stock_days":0,"lost_sales":0,"has_location":null,"update_date":"2026-04-27T06:51:26","atum_locations":[],"atum_stock_status":"instock","restock_status":false,"low_stock_amount":"","sales_update_date":"2026-01-30T01:24:53","calc_backorders":null,"_links":{"self":[{"href":"https:\/\/aromasentia.com\/fr\/wp-json\/wp\/v2\/product\/233960","targetHints":{"allow":["GET"]}}],"collection":[{"href":"https:\/\/aromasentia.com\/fr\/wp-json\/wp\/v2\/product"}],"about":[{"href":"https:\/\/aromasentia.com\/fr\/wp-json\/wp\/v2\/types\/product"}],"replies":[{"embeddable":true,"href":"https:\/\/aromasentia.com\/fr\/wp-json\/wp\/v2\/comments?post=233960"}],"version-history":[{"count":0,"href":"https:\/\/aromasentia.com\/fr\/wp-json\/wp\/v2\/product\/233960\/revisions"}],"wp:featuredmedia":[{"embeddable":true,"href":"https:\/\/aromasentia.com\/fr\/wp-json\/wp\/v2\/media\/330470"}],"wp:attachment":[{"href":"https:\/\/aromasentia.com\/fr\/wp-json\/wp\/v2\/media?parent=233960"}],"wp:term":[{"taxonomy":"product_brand","embeddable":true,"href":"https:\/\/aromasentia.com\/fr\/wp-json\/wp\/v2\/product_brand?post=233960"},{"taxonomy":"product_cat","embeddable":true,"href":"https:\/\/aromasentia.com\/fr\/wp-json\/wp\/v2\/product_cat?post=233960"},{"taxonomy":"product_tag","embeddable":true,"href":"https:\/\/aromasentia.com\/fr\/wp-json\/wp\/v2\/product_tag?post=233960"}],"curies":[{"name":"wp","href":"https:\/\/api.w.org\/{rel}","templated":true}]}}