{"id":233956,"date":"2025-03-22T13:29:09","date_gmt":"2025-03-22T13:29:09","guid":{"rendered":"https:\/\/aromasentia.com\/product\/bag-of-6-large-african-tumble-stones-amethyst\/"},"modified":"2025-06-23T18:56:39","modified_gmt":"2025-06-23T18:56:39","slug":"grandes-pierres-roulees-africaines-amethyste","status":"publish","type":"product","link":"https:\/\/aromasentia.com\/fr\/grandes-pierres-roulees-africaines-amethyste\/","title":{"rendered":"Grandes Pierres Roul\u00e9es Africaines &#8211; Am\u00e9thyste"},"content":{"rendered":"<p><strong><span style=\"color: rgb(75, 80, 88);\">L&rsquo;am\u00e9thyste<\/span><\/strong> est une pierre semi-pr\u00e9cieuse et l&rsquo;une des plus belles vari\u00e9t\u00e9s de quartz, qui se d\u00e9cline dans de nombreuses nuances de violet. Il doit sa belle couleur \u00e0 des traces d&rsquo;aluminium et de fer int\u00e9gr\u00e9es dans le dioxyde de silicium dont il est fait.&nbsp;<\/p>\n<p>L&rsquo;am\u00e9thyste est appel\u00e9e la \u00ab\u00a0pierre de l&rsquo;harmonie et de la relaxation\u00a0\u00bb.<\/p>\n","protected":false},"excerpt":{"rendered":"<p>L&rsquo;am\u00e9thyste est une pierre semi-pr\u00e9cieuse et l&rsquo;une des plus belles vari\u00e9t\u00e9s de quartz, qui se d\u00e9cline dans de nombreuses nuances de violet. Il doit sa belle couleur \u00e0 des traces d&rsquo;aluminium et de fer int\u00e9gr\u00e9es dans le dioxyde de silicium dont il est fait.&nbsp; L&rsquo;am\u00e9thyste est appel\u00e9e la \u00ab\u00a0pierre de l&rsquo;harmonie et de la relaxation\u00a0\u00bb.<\/p>\n","protected":false},"featured_media":330453,"comment_status":"closed","ping_status":"open","template":"","meta":[],"product_brand":[],"product_cat":[25543,17264,25226,18938],"product_tag":[],"class_list":{"0":"post-233956","1":"product","2":"type-product","3":"status-publish","4":"has-post-thumbnail","6":"product_cat-amethyste","7":"product_cat-cadeaux-esoterique","8":"product_cat-pierres-et-mineraux","9":"product_cat-pierres-roulees","10":"pa_collection-large-african-tumble-stones-fr","11":"pa_made-in-afrique-du-sud","13":"first","14":"outofstock","15":"purchasable","16":"product-type-simple"},"supplier_id":null,"supplier_sku":"ATumbleL-17","barcode":null,"atum_controlled":true,"out_stock_date":"2025-09-04 21:16:00","out_stock_threshold":null,"inheritable":false,"inbound_stock":null,"stock_on_hold":0,"sold_today":0,"sales_last_days":0,"reserved_stock":null,"customer_returns":null,"warehouse_damage":null,"lost_in_post":null,"other_logs":null,"out_stock_days":34,"lost_sales":0,"has_location":null,"update_date":"2026-02-12T05:41:56","atum_locations":[],"atum_stock_status":"outofstock","restock_status":false,"low_stock_amount":"","sales_update_date":"2025-10-09T03:23:55","calc_backorders":null,"_links":{"self":[{"href":"https:\/\/aromasentia.com\/fr\/wp-json\/wp\/v2\/product\/233956","targetHints":{"allow":["GET"]}}],"collection":[{"href":"https:\/\/aromasentia.com\/fr\/wp-json\/wp\/v2\/product"}],"about":[{"href":"https:\/\/aromasentia.com\/fr\/wp-json\/wp\/v2\/types\/product"}],"replies":[{"embeddable":true,"href":"https:\/\/aromasentia.com\/fr\/wp-json\/wp\/v2\/comments?post=233956"}],"version-history":[{"count":0,"href":"https:\/\/aromasentia.com\/fr\/wp-json\/wp\/v2\/product\/233956\/revisions"}],"wp:featuredmedia":[{"embeddable":true,"href":"https:\/\/aromasentia.com\/fr\/wp-json\/wp\/v2\/media\/330453"}],"wp:attachment":[{"href":"https:\/\/aromasentia.com\/fr\/wp-json\/wp\/v2\/media?parent=233956"}],"wp:term":[{"taxonomy":"product_brand","embeddable":true,"href":"https:\/\/aromasentia.com\/fr\/wp-json\/wp\/v2\/product_brand?post=233956"},{"taxonomy":"product_cat","embeddable":true,"href":"https:\/\/aromasentia.com\/fr\/wp-json\/wp\/v2\/product_cat?post=233956"},{"taxonomy":"product_tag","embeddable":true,"href":"https:\/\/aromasentia.com\/fr\/wp-json\/wp\/v2\/product_tag?post=233956"}],"curies":[{"name":"wp","href":"https:\/\/api.w.org\/{rel}","templated":true}]}}