{"id":233948,"date":"2025-03-22T13:29:09","date_gmt":"2025-03-22T13:29:09","guid":{"rendered":"https:\/\/aromasentia.com\/product\/bag-of-6-large-african-tumble-stones-jasper-red\/"},"modified":"2025-06-23T18:56:38","modified_gmt":"2025-06-23T18:56:38","slug":"grandes-pierres-roulees-africaines-jaspe-rouge","status":"publish","type":"product","link":"https:\/\/aromasentia.com\/fr\/grandes-pierres-roulees-africaines-jaspe-rouge\/","title":{"rendered":"Grandes Pierres Roul\u00e9es Africaines &#8211; Jaspe &#8211; Rouge"},"content":{"rendered":"<p><strong><span style=\"color: rgb(75, 80, 88);\">Le Jaspe rouge<\/span><\/strong> est une roche s\u00e9dimentaire compacte et \u00e0 grain fin form\u00e9e de calc\u00e9doine et de quartz en quantit\u00e9s variables. Il a une couleur rouge et chaude et des stries color\u00e9es sur la surface.&nbsp;<\/p>\n<p>Le jaspe rouge est connu comme la pierre de l&rsquo;endurance qui apporte force et \u00e9nergie physique.<\/p>\n","protected":false},"excerpt":{"rendered":"<p>Le Jaspe rouge est une roche s\u00e9dimentaire compacte et \u00e0 grain fin form\u00e9e de calc\u00e9doine et de quartz en quantit\u00e9s variables. Il a une couleur rouge et chaude et des stries color\u00e9es sur la surface.&nbsp; Le jaspe rouge est connu comme la pierre de l&rsquo;endurance qui apporte force et \u00e9nergie physique.<\/p>\n","protected":false},"featured_media":330419,"comment_status":"closed","ping_status":"open","template":"","meta":{"_angie_page":false},"product_brand":[],"product_cat":[17264,25644,25226,18938],"product_tag":[],"class_list":{"0":"post-233948","1":"product","2":"type-product","3":"status-publish","4":"has-post-thumbnail","6":"product_cat-cadeaux-esoterique","7":"product_cat-jaspe","8":"product_cat-pierres-et-mineraux","9":"product_cat-pierres-roulees","10":"pa_collection-large-african-tumble-stones-fr","11":"pa_made-in-afrique-du-sud","13":"first","14":"instock","15":"purchasable","16":"product-type-simple"},"supplier_id":null,"supplier_sku":"ATumbleL-14","barcode":null,"atum_controlled":true,"out_stock_date":null,"out_stock_threshold":null,"inheritable":false,"inbound_stock":null,"stock_on_hold":0,"sold_today":0,"sales_last_days":0,"reserved_stock":null,"customer_returns":null,"warehouse_damage":null,"lost_in_post":null,"other_logs":null,"out_stock_days":0,"lost_sales":0,"has_location":null,"update_date":"2026-04-27T06:51:26","atum_locations":[],"atum_stock_status":"instock","restock_status":false,"low_stock_amount":"","sales_update_date":"2026-02-06T00:02:35","calc_backorders":null,"_links":{"self":[{"href":"https:\/\/aromasentia.com\/fr\/wp-json\/wp\/v2\/product\/233948","targetHints":{"allow":["GET"]}}],"collection":[{"href":"https:\/\/aromasentia.com\/fr\/wp-json\/wp\/v2\/product"}],"about":[{"href":"https:\/\/aromasentia.com\/fr\/wp-json\/wp\/v2\/types\/product"}],"replies":[{"embeddable":true,"href":"https:\/\/aromasentia.com\/fr\/wp-json\/wp\/v2\/comments?post=233948"}],"version-history":[{"count":0,"href":"https:\/\/aromasentia.com\/fr\/wp-json\/wp\/v2\/product\/233948\/revisions"}],"wp:featuredmedia":[{"embeddable":true,"href":"https:\/\/aromasentia.com\/fr\/wp-json\/wp\/v2\/media\/330419"}],"wp:attachment":[{"href":"https:\/\/aromasentia.com\/fr\/wp-json\/wp\/v2\/media?parent=233948"}],"wp:term":[{"taxonomy":"product_brand","embeddable":true,"href":"https:\/\/aromasentia.com\/fr\/wp-json\/wp\/v2\/product_brand?post=233948"},{"taxonomy":"product_cat","embeddable":true,"href":"https:\/\/aromasentia.com\/fr\/wp-json\/wp\/v2\/product_cat?post=233948"},{"taxonomy":"product_tag","embeddable":true,"href":"https:\/\/aromasentia.com\/fr\/wp-json\/wp\/v2\/product_tag?post=233948"}],"curies":[{"name":"wp","href":"https:\/\/api.w.org\/{rel}","templated":true}]}}