{"id":233944,"date":"2025-03-22T13:29:09","date_gmt":"2025-03-22T13:29:09","guid":{"rendered":"https:\/\/aromasentia.com\/product\/bag-of-6-large-african-tumble-stones-black-onyx\/"},"modified":"2025-06-23T18:56:38","modified_gmt":"2025-06-23T18:56:38","slug":"grandes-pierres-roulees-africaines-onyx-noir","status":"publish","type":"product","link":"https:\/\/aromasentia.com\/fr\/grandes-pierres-roulees-africaines-onyx-noir\/","title":{"rendered":"Grandes Pierres Roul\u00e9es Africaines &#8211; Onyx Noir"},"content":{"rendered":"<p><strong><span style=\"color: rgb(75, 80, 88);\">L&rsquo;onyx<\/span><\/strong> est une pierre qui est une vari\u00e9t\u00e9 de calc\u00e9doine et se trouve dans les roches volcaniques. L&rsquo;origine du nom vient de la langue grecque, o\u00f9\u00a0\u00bbonix\u00a0\u00bb signifie une griffe.&nbsp;<\/p>\n<p>L&rsquo;Onyx noir est appel\u00e9 la \u00ab\u00a0pierre de la force int\u00e9rieure\u00a0\u00bb.<\/p>\n","protected":false},"excerpt":{"rendered":"<p>L&rsquo;onyx est une pierre qui est une vari\u00e9t\u00e9 de calc\u00e9doine et se trouve dans les roches volcaniques. L&rsquo;origine du nom vient de la langue grecque, o\u00f9\u00a0\u00bbonix\u00a0\u00bb signifie une griffe.&nbsp; L&rsquo;Onyx noir est appel\u00e9 la \u00ab\u00a0pierre de la force int\u00e9rieure\u00a0\u00bb.<\/p>\n","protected":false},"featured_media":330402,"comment_status":"closed","ping_status":"open","template":"","meta":{"_angie_page":false},"product_brand":[],"product_cat":[17264,25701,25226,18938],"product_tag":[],"class_list":{"0":"post-233944","1":"product","2":"type-product","3":"status-publish","4":"has-post-thumbnail","6":"product_cat-cadeaux-esoterique","7":"product_cat-onyx","8":"product_cat-pierres-et-mineraux","9":"product_cat-pierres-roulees","10":"pa_collection-large-african-tumble-stones-fr","11":"pa_made-in-afrique-du-sud","13":"first","14":"outofstock","15":"purchasable","16":"product-type-simple"},"supplier_id":null,"supplier_sku":"ATumbleL-13","barcode":null,"atum_controlled":true,"out_stock_date":"2025-09-04 21:15:53","out_stock_threshold":null,"inheritable":false,"inbound_stock":null,"stock_on_hold":0,"sold_today":0,"sales_last_days":0,"reserved_stock":null,"customer_returns":null,"warehouse_damage":null,"lost_in_post":null,"other_logs":null,"out_stock_days":34,"lost_sales":0,"has_location":null,"update_date":"2026-04-27T06:51:26","atum_locations":[],"atum_stock_status":"outofstock","restock_status":false,"low_stock_amount":"","sales_update_date":"2025-10-09T03:23:55","calc_backorders":null,"_links":{"self":[{"href":"https:\/\/aromasentia.com\/fr\/wp-json\/wp\/v2\/product\/233944","targetHints":{"allow":["GET"]}}],"collection":[{"href":"https:\/\/aromasentia.com\/fr\/wp-json\/wp\/v2\/product"}],"about":[{"href":"https:\/\/aromasentia.com\/fr\/wp-json\/wp\/v2\/types\/product"}],"replies":[{"embeddable":true,"href":"https:\/\/aromasentia.com\/fr\/wp-json\/wp\/v2\/comments?post=233944"}],"version-history":[{"count":0,"href":"https:\/\/aromasentia.com\/fr\/wp-json\/wp\/v2\/product\/233944\/revisions"}],"wp:featuredmedia":[{"embeddable":true,"href":"https:\/\/aromasentia.com\/fr\/wp-json\/wp\/v2\/media\/330402"}],"wp:attachment":[{"href":"https:\/\/aromasentia.com\/fr\/wp-json\/wp\/v2\/media?parent=233944"}],"wp:term":[{"taxonomy":"product_brand","embeddable":true,"href":"https:\/\/aromasentia.com\/fr\/wp-json\/wp\/v2\/product_brand?post=233944"},{"taxonomy":"product_cat","embeddable":true,"href":"https:\/\/aromasentia.com\/fr\/wp-json\/wp\/v2\/product_cat?post=233944"},{"taxonomy":"product_tag","embeddable":true,"href":"https:\/\/aromasentia.com\/fr\/wp-json\/wp\/v2\/product_tag?post=233944"}],"curies":[{"name":"wp","href":"https:\/\/api.w.org\/{rel}","templated":true}]}}