{"id":233896,"date":"2025-03-22T13:29:09","date_gmt":"2025-03-22T13:29:09","guid":{"rendered":"https:\/\/aromasentia.com\/product\/esoteric-fringed-altar-cloth-moon-sun-chart\/"},"modified":"2025-06-23T18:56:30","modified_gmt":"2025-06-23T18:56:30","slug":"nappe-dautel-esoterique-a-franges-carte-lune-et-soleil","status":"publish","type":"product","link":"https:\/\/aromasentia.com\/fr\/nappe-dautel-esoterique-a-franges-carte-lune-et-soleil\/","title":{"rendered":"Nappe d&rsquo;Autel \u00c9sot\u00e9rique \u00e0 Franges &#8211; Carte Lune et Soleil"},"content":{"rendered":"<h1>Lot de 6 Nappes d&rsquo;Autel \u00e9sot\u00e9riques \u00e0 Franges &ndash; Carte Lune et Soleil<\/h1>\n<p>&nbsp;Offrez \u00e0 vos clients une nappe d&rsquo;autel inspirante avec ce lot de 6 nappes \u00ab\u00a0Carte Lune et Soleil\u00a0\u00bb, rehauss\u00e9es de franges \u00e9l\u00e9gantes.&nbsp;<\/p>\n<p>Ce motif \u00e9sot\u00e9rique, repr\u00e9sentant la dualit\u00e9 puissante de la lune et du soleil, invite \u00e0 l\u2019harmonie et \u00e0 l\u2019\u00e9quilibre entre les \u00e9nergies f\u00e9minine et masculine, l\u2019ombre et la lumi\u00e8re.&nbsp;<\/p>\n<p>Id\u00e9ales pour orner des autels d\u00e9di\u00e9s aux rituels, m\u00e9ditations et c\u00e9l\u00e9brations spirituelles, ces nappes cr\u00e9ent une ambiance mystique et apaisante.&nbsp;<\/p>\n<p><strong>\u00e9largissez votre gamme avec cette nappe unique et attirez l\u2019int\u00e9r\u00eat de vos clients amateurs de spiritualit\u00e9 ! Commandez ce lot d\u00e8s aujourd&rsquo;hui.<\/strong><\/p>\n<p><strong><strong><em>Dimensions : 50x50cm<\/em><\/strong><\/strong><\/p>\n","protected":false},"excerpt":{"rendered":"<p>Lot de 6 Nappes d&rsquo;Autel \u00e9sot\u00e9riques \u00e0 Franges &ndash; Carte Lune et Soleil &nbsp;Offrez \u00e0 vos clients une nappe d&rsquo;autel inspirante avec ce lot de 6 nappes \u00ab\u00a0Carte Lune et Soleil\u00a0\u00bb, rehauss\u00e9es de franges \u00e9l\u00e9gantes.&nbsp; Ce motif \u00e9sot\u00e9rique, repr\u00e9sentant la dualit\u00e9 puissante de la lune et du soleil, invite \u00e0 l\u2019harmonie et \u00e0 l\u2019\u00e9quilibre entre [&hellip;]<\/p>\n","protected":false},"featured_media":330190,"comment_status":"closed","ping_status":"open","template":"","meta":{"_angie_page":false},"product_brand":[],"product_cat":[18868,14446],"product_tag":[],"class_list":{"0":"post-233896","1":"product","2":"type-product","3":"status-publish","4":"has-post-thumbnail","6":"product_cat-bols-chantants-et-cloches","7":"product_cat-maison-et-jardin","8":"pa_collection-esoteric-altar-cloth-fr","9":"pa_made-in-inde","11":"first","12":"instock","13":"purchasable","14":"product-type-simple"},"supplier_id":null,"supplier_sku":"AltC-04","barcode":null,"atum_controlled":true,"out_stock_date":null,"out_stock_threshold":null,"inheritable":false,"inbound_stock":null,"stock_on_hold":0,"sold_today":0,"sales_last_days":0,"reserved_stock":null,"customer_returns":null,"warehouse_damage":null,"lost_in_post":null,"other_logs":null,"out_stock_days":0,"lost_sales":0,"has_location":null,"update_date":"2026-05-04T00:02:49","atum_locations":[],"atum_stock_status":"instock","restock_status":false,"low_stock_amount":"","sales_update_date":"2025-10-09T03:23:13","calc_backorders":null,"_links":{"self":[{"href":"https:\/\/aromasentia.com\/fr\/wp-json\/wp\/v2\/product\/233896","targetHints":{"allow":["GET"]}}],"collection":[{"href":"https:\/\/aromasentia.com\/fr\/wp-json\/wp\/v2\/product"}],"about":[{"href":"https:\/\/aromasentia.com\/fr\/wp-json\/wp\/v2\/types\/product"}],"replies":[{"embeddable":true,"href":"https:\/\/aromasentia.com\/fr\/wp-json\/wp\/v2\/comments?post=233896"}],"version-history":[{"count":0,"href":"https:\/\/aromasentia.com\/fr\/wp-json\/wp\/v2\/product\/233896\/revisions"}],"wp:featuredmedia":[{"embeddable":true,"href":"https:\/\/aromasentia.com\/fr\/wp-json\/wp\/v2\/media\/330190"}],"wp:attachment":[{"href":"https:\/\/aromasentia.com\/fr\/wp-json\/wp\/v2\/media?parent=233896"}],"wp:term":[{"taxonomy":"product_brand","embeddable":true,"href":"https:\/\/aromasentia.com\/fr\/wp-json\/wp\/v2\/product_brand?post=233896"},{"taxonomy":"product_cat","embeddable":true,"href":"https:\/\/aromasentia.com\/fr\/wp-json\/wp\/v2\/product_cat?post=233896"},{"taxonomy":"product_tag","embeddable":true,"href":"https:\/\/aromasentia.com\/fr\/wp-json\/wp\/v2\/product_tag?post=233896"}],"curies":[{"name":"wp","href":"https:\/\/api.w.org\/{rel}","templated":true}]}}