{"id":233892,"date":"2025-03-22T13:29:09","date_gmt":"2025-03-22T13:29:09","guid":{"rendered":"https:\/\/aromasentia.com\/product\/esoteric-fringed-altar-cloth-life-death-rebirth\/"},"modified":"2025-06-23T18:56:30","modified_gmt":"2025-06-23T18:56:30","slug":"nappe-dautel-esoterique-a-franges-vie-mort-renaissance","status":"publish","type":"product","link":"https:\/\/aromasentia.com\/fr\/nappe-dautel-esoterique-a-franges-vie-mort-renaissance\/","title":{"rendered":"Nappe d&rsquo;Autel \u00c9sot\u00e9rique \u00e0 Franges &#8211; Vie Mort Renaissance"},"content":{"rendered":"<h1>Lot de 6 Nappes d&rsquo;Autel \u00e9sot\u00e9riques \u00e0 Franges &ndash; Vie, Mort, Renaissance<\/h1>\n<p>\u00e9levez vos offres avec ce lot de 6 nappes d&rsquo;autel \u00e9sot\u00e9riques \u00ab\u00a0Vie, Mort, Renaissance\u00a0\u00bb, dot\u00e9es de franges d\u00e9licates.&nbsp;<\/p>\n<p>Chacune de ces nappes repr\u00e9sente le cycle sacr\u00e9 de la vie, de la mort et de la renaissance, id\u00e9al pour ceux qui souhaitent honorer et m\u00e9diter sur les cycles de la nature et de l&rsquo;existence.&nbsp;<\/p>\n<p>Con&ccedil;ues pour des autels spirituels, elles ajoutent une atmosph\u00e8re mystique et sacr\u00e9e, parfaite pour les rituels et les pratiques introspectives.&nbsp;<\/p>\n<p><strong>Enrichissez votre collection et proposez \u00e0 vos clients un accessoire unique et symbolique ! Commandez ce lot d\u00e8s aujourd&rsquo;hui.<\/strong><\/p>\n<p><strong><em>Dimensions : 50x50cm<\/em><\/strong><\/p>\n","protected":false},"excerpt":{"rendered":"<p>Lot de 6 Nappes d&rsquo;Autel \u00e9sot\u00e9riques \u00e0 Franges &ndash; Vie, Mort, Renaissance \u00e9levez vos offres avec ce lot de 6 nappes d&rsquo;autel \u00e9sot\u00e9riques \u00ab\u00a0Vie, Mort, Renaissance\u00a0\u00bb, dot\u00e9es de franges d\u00e9licates.&nbsp; Chacune de ces nappes repr\u00e9sente le cycle sacr\u00e9 de la vie, de la mort et de la renaissance, id\u00e9al pour ceux qui souhaitent honorer et [&hellip;]<\/p>\n","protected":false},"featured_media":330165,"comment_status":"closed","ping_status":"open","template":"","meta":[],"product_brand":[],"product_cat":[18868,14446],"product_tag":[],"class_list":{"0":"post-233892","1":"product","2":"type-product","3":"status-publish","4":"has-post-thumbnail","6":"product_cat-bols-chantants-et-cloches","7":"product_cat-maison-et-jardin","8":"pa_collection-esoteric-altar-cloth-fr","9":"pa_made-in-inde","11":"first","12":"instock","13":"purchasable","14":"product-type-simple"},"supplier_id":null,"supplier_sku":"AltC-03","barcode":null,"atum_controlled":true,"out_stock_date":null,"out_stock_threshold":null,"inheritable":false,"inbound_stock":null,"stock_on_hold":0,"sold_today":0,"sales_last_days":0,"reserved_stock":null,"customer_returns":null,"warehouse_damage":null,"lost_in_post":null,"other_logs":null,"out_stock_days":0,"lost_sales":0,"has_location":null,"update_date":"2026-02-05T22:37:34","atum_locations":[],"atum_stock_status":"instock","restock_status":false,"low_stock_amount":"","sales_update_date":"2025-10-09T03:23:13","calc_backorders":null,"_links":{"self":[{"href":"https:\/\/aromasentia.com\/fr\/wp-json\/wp\/v2\/product\/233892","targetHints":{"allow":["GET"]}}],"collection":[{"href":"https:\/\/aromasentia.com\/fr\/wp-json\/wp\/v2\/product"}],"about":[{"href":"https:\/\/aromasentia.com\/fr\/wp-json\/wp\/v2\/types\/product"}],"replies":[{"embeddable":true,"href":"https:\/\/aromasentia.com\/fr\/wp-json\/wp\/v2\/comments?post=233892"}],"version-history":[{"count":0,"href":"https:\/\/aromasentia.com\/fr\/wp-json\/wp\/v2\/product\/233892\/revisions"}],"wp:featuredmedia":[{"embeddable":true,"href":"https:\/\/aromasentia.com\/fr\/wp-json\/wp\/v2\/media\/330165"}],"wp:attachment":[{"href":"https:\/\/aromasentia.com\/fr\/wp-json\/wp\/v2\/media?parent=233892"}],"wp:term":[{"taxonomy":"product_brand","embeddable":true,"href":"https:\/\/aromasentia.com\/fr\/wp-json\/wp\/v2\/product_brand?post=233892"},{"taxonomy":"product_cat","embeddable":true,"href":"https:\/\/aromasentia.com\/fr\/wp-json\/wp\/v2\/product_cat?post=233892"},{"taxonomy":"product_tag","embeddable":true,"href":"https:\/\/aromasentia.com\/fr\/wp-json\/wp\/v2\/product_tag?post=233892"}],"curies":[{"name":"wp","href":"https:\/\/api.w.org\/{rel}","templated":true}]}}