{"id":233884,"date":"2025-03-22T13:29:09","date_gmt":"2025-03-22T13:29:09","guid":{"rendered":"https:\/\/aromasentia.com\/product\/esoteric-fringed-altar-cloth-pentagon\/"},"modified":"2025-06-23T18:56:29","modified_gmt":"2025-06-23T18:56:29","slug":"nappe-dautel-esoterique-a-franges-pentagone","status":"publish","type":"product","link":"https:\/\/aromasentia.com\/fr\/nappe-dautel-esoterique-a-franges-pentagone\/","title":{"rendered":"Nappe d&rsquo;Autel \u00c9sot\u00e9rique \u00e0 Franges &#8211; Pentagone"},"content":{"rendered":"<p>D\u00e9couvrez notre <strong>Nappe<\/strong><strong>&nbsp;d&rsquo;autel \u00e9sot\u00e9rique<\/strong><strong>&nbsp;\u00e0 Franges &#8211; Pentagone<\/strong>, une pi\u00e8ce unique et soigneusement con&ccedil;ue pour les passionn\u00e9s de pratiques spirituelles et \u00e9sot\u00e9riques.<\/p>\n<p>Avec son design en forme de pentagone, symbole puissant de protection et d\u2019\u00e9quilibre, et ses franges \u00e9l\u00e9gantes, ce tissu transforme chaque autel en un espace sacr\u00e9.&nbsp;<\/p>\n<p>Fabriqu\u00e9e \u00e0 partir de mat\u00e9riaux de qualit\u00e9, elle est id\u00e9ale pour des rituels, m\u00e9ditations et autres pratiques magiques, offrant \u00e0 la fois esth\u00e9tique et utilit\u00e9. &nbsp;&nbsp;<\/p>\n<p>Ajoutez ce tissu mystique \u00e0 votre collection et proposez \u00e0 vos clients un accessoire inspirant et fonctionnel qui enrichira leurs exp\u00e9riences spirituelles.&nbsp;<\/p>\n<p><strong>Commandez d\u00e8s maintenant et \u00e9levez votre s\u00e9lection \u00e9sot\u00e9rique avec cette pi\u00e8ce incontournable !<\/strong><\/p>\n<p><strong>Dimensions : 50x50cm<\/strong><\/p>\n","protected":false},"excerpt":{"rendered":"<p>D\u00e9couvrez notre Nappe&nbsp;d&rsquo;autel \u00e9sot\u00e9rique&nbsp;\u00e0 Franges &#8211; Pentagone, une pi\u00e8ce unique et soigneusement con&ccedil;ue pour les passionn\u00e9s de pratiques spirituelles et \u00e9sot\u00e9riques. Avec son design en forme de pentagone, symbole puissant de protection et d\u2019\u00e9quilibre, et ses franges \u00e9l\u00e9gantes, ce tissu transforme chaque autel en un espace sacr\u00e9.&nbsp; Fabriqu\u00e9e \u00e0 partir de mat\u00e9riaux de qualit\u00e9, elle [&hellip;]<\/p>\n","protected":false},"featured_media":330123,"comment_status":"closed","ping_status":"open","template":"","meta":[],"product_brand":[],"product_cat":[18868,14446],"product_tag":[],"class_list":{"0":"post-233884","1":"product","2":"type-product","3":"status-publish","4":"has-post-thumbnail","6":"product_cat-bols-chantants-et-cloches","7":"product_cat-maison-et-jardin","8":"pa_collection-esoteric-altar-cloth-fr","9":"pa_made-in-inde","11":"first","12":"instock","13":"purchasable","14":"product-type-simple"},"supplier_id":null,"supplier_sku":"AltC-01","barcode":null,"atum_controlled":true,"out_stock_date":null,"out_stock_threshold":null,"inheritable":false,"inbound_stock":null,"stock_on_hold":0,"sold_today":0,"sales_last_days":0,"reserved_stock":null,"customer_returns":null,"warehouse_damage":null,"lost_in_post":null,"other_logs":null,"out_stock_days":0,"lost_sales":0,"has_location":null,"update_date":"2026-02-11T18:09:15","atum_locations":[],"atum_stock_status":"instock","restock_status":false,"low_stock_amount":"","sales_update_date":"2025-10-09T03:23:13","calc_backorders":null,"_links":{"self":[{"href":"https:\/\/aromasentia.com\/fr\/wp-json\/wp\/v2\/product\/233884","targetHints":{"allow":["GET"]}}],"collection":[{"href":"https:\/\/aromasentia.com\/fr\/wp-json\/wp\/v2\/product"}],"about":[{"href":"https:\/\/aromasentia.com\/fr\/wp-json\/wp\/v2\/types\/product"}],"replies":[{"embeddable":true,"href":"https:\/\/aromasentia.com\/fr\/wp-json\/wp\/v2\/comments?post=233884"}],"version-history":[{"count":0,"href":"https:\/\/aromasentia.com\/fr\/wp-json\/wp\/v2\/product\/233884\/revisions"}],"wp:featuredmedia":[{"embeddable":true,"href":"https:\/\/aromasentia.com\/fr\/wp-json\/wp\/v2\/media\/330123"}],"wp:attachment":[{"href":"https:\/\/aromasentia.com\/fr\/wp-json\/wp\/v2\/media?parent=233884"}],"wp:term":[{"taxonomy":"product_brand","embeddable":true,"href":"https:\/\/aromasentia.com\/fr\/wp-json\/wp\/v2\/product_brand?post=233884"},{"taxonomy":"product_cat","embeddable":true,"href":"https:\/\/aromasentia.com\/fr\/wp-json\/wp\/v2\/product_cat?post=233884"},{"taxonomy":"product_tag","embeddable":true,"href":"https:\/\/aromasentia.com\/fr\/wp-json\/wp\/v2\/product_tag?post=233884"}],"curies":[{"name":"wp","href":"https:\/\/api.w.org\/{rel}","templated":true}]}}