{"id":233860,"date":"2025-03-22T13:29:09","date_gmt":"2025-03-22T13:29:09","guid":{"rendered":"https:\/\/aromasentia.com\/product\/lrg-gemstone-tree-multi-stones-on-natural-agate-base-100-stones\/"},"modified":"2025-06-23T18:56:26","modified_gmt":"2025-06-23T18:56:26","slug":"grand-arbre-de-pierres-precieuses-multiples-pierres-sur-base-dagate-naturelle-100-pierres","status":"publish","type":"product","link":"https:\/\/aromasentia.com\/fr\/grand-arbre-de-pierres-precieuses-multiples-pierres-sur-base-dagate-naturelle-100-pierres\/","title":{"rendered":"Grand Arbre de Pierres Pr\u00e9cieuses &#8211; Multiples pierres sur Base d&rsquo;Agate Naturelle (100 pierres)"},"content":{"rendered":"<p>Ces cr\u00e9ations remarquables sont une symphonie de couleurs, d&rsquo;\u00e9nergie et de style qui captivera vraiment vos clients.&nbsp;<\/p>\n<p>Fabriqu\u00e9 avec soin et finesse artistique, chaque arbre de pierres pr\u00e9cieuses est con&ccedil;u pour ravir l&rsquo;\u0153il et harmoniser votre espace.&nbsp;<\/p>\n<p><strong><span style=\"color: rgb(75, 80, 88);\">Le grand arbre de pierres pr\u00e9cieuses, avec ses 100 pierres, est un v\u00e9ritable spectacle. <\/span><\/strong><\/p>\n<p>Sa multitude de pierres pr\u00e9cieuses offre polyvalence et transformation, cr\u00e9ant une pi\u00e8ce ma\u00eetresse remarquable. Les branches de ces arbres sont fabriqu\u00e9es \u00e0 partir d&rsquo;un fil m\u00e9tallique flexible, de sorte que les clients peuvent les ajuster \u00e0 leur guise, cr\u00e9ant ainsi une pr\u00e9sentation dynamique et unique.&nbsp;<\/p>\n<p><strong><span style=\"color: rgb(141, 186, 216);\">Vos clients seront attir\u00e9s par ces pi\u00e8ces exquises qui allient l&rsquo;esth\u00e9tique \u00e0 la gu\u00e9rison et \u00e0 la transformation. <\/span><\/strong><\/p>\n<p><em>Dimensions : 9 x 5 x 13 cm : 9 x 5 x 13 cm<\/em><\/p>\n","protected":false},"excerpt":{"rendered":"<p>Ces cr\u00e9ations remarquables sont une symphonie de couleurs, d&rsquo;\u00e9nergie et de style qui captivera vraiment vos clients.&nbsp; Fabriqu\u00e9 avec soin et finesse artistique, chaque arbre de pierres pr\u00e9cieuses est con&ccedil;u pour ravir l&rsquo;\u0153il et harmoniser votre espace.&nbsp; Le grand arbre de pierres pr\u00e9cieuses, avec ses 100 pierres, est un v\u00e9ritable spectacle. Sa multitude de pierres [&hellip;]<\/p>\n","protected":false},"featured_media":329941,"comment_status":"closed","ping_status":"open","template":"","meta":[],"product_brand":[],"product_cat":[25536,19265,17264,25226],"product_tag":[],"class_list":{"0":"post-233860","1":"product","2":"type-product","3":"status-publish","4":"has-post-thumbnail","6":"product_cat-agate","7":"product_cat-bijoux-en-pierre-precieuse-et-accessoires","8":"product_cat-cadeaux-esoterique","9":"product_cat-pierres-et-mineraux","10":"pa_collection-gemstone-trees-with-agate-base-fr","11":"pa_made-in-inde","13":"first","14":"instock","15":"purchasable","16":"product-type-simple"},"supplier_id":null,"supplier_sku":"AGemT-07","barcode":null,"atum_controlled":true,"out_stock_date":null,"out_stock_threshold":null,"inheritable":false,"inbound_stock":null,"stock_on_hold":0,"sold_today":0,"sales_last_days":0,"reserved_stock":null,"customer_returns":null,"warehouse_damage":null,"lost_in_post":null,"other_logs":null,"out_stock_days":0,"lost_sales":0,"has_location":null,"update_date":"2026-02-09T08:34:20","atum_locations":[],"atum_stock_status":"instock","restock_status":false,"low_stock_amount":"","sales_update_date":"2026-02-06T00:02:42","calc_backorders":null,"_links":{"self":[{"href":"https:\/\/aromasentia.com\/fr\/wp-json\/wp\/v2\/product\/233860","targetHints":{"allow":["GET"]}}],"collection":[{"href":"https:\/\/aromasentia.com\/fr\/wp-json\/wp\/v2\/product"}],"about":[{"href":"https:\/\/aromasentia.com\/fr\/wp-json\/wp\/v2\/types\/product"}],"replies":[{"embeddable":true,"href":"https:\/\/aromasentia.com\/fr\/wp-json\/wp\/v2\/comments?post=233860"}],"version-history":[{"count":0,"href":"https:\/\/aromasentia.com\/fr\/wp-json\/wp\/v2\/product\/233860\/revisions"}],"wp:featuredmedia":[{"embeddable":true,"href":"https:\/\/aromasentia.com\/fr\/wp-json\/wp\/v2\/media\/329941"}],"wp:attachment":[{"href":"https:\/\/aromasentia.com\/fr\/wp-json\/wp\/v2\/media?parent=233860"}],"wp:term":[{"taxonomy":"product_brand","embeddable":true,"href":"https:\/\/aromasentia.com\/fr\/wp-json\/wp\/v2\/product_brand?post=233860"},{"taxonomy":"product_cat","embeddable":true,"href":"https:\/\/aromasentia.com\/fr\/wp-json\/wp\/v2\/product_cat?post=233860"},{"taxonomy":"product_tag","embeddable":true,"href":"https:\/\/aromasentia.com\/fr\/wp-json\/wp\/v2\/product_tag?post=233860"}],"curies":[{"name":"wp","href":"https:\/\/api.w.org\/{rel}","templated":true}]}}