{"id":233848,"date":"2025-03-22T13:29:09","date_gmt":"2025-03-22T13:29:09","guid":{"rendered":"https:\/\/aromasentia.com\/product\/gemstone-tree-green-aventurine-on-green-agate-base-35-stones\/"},"modified":"2025-06-23T18:56:24","modified_gmt":"2025-06-23T18:56:24","slug":"arbre-a-pierres-precieuses-aventurine-verte-sur-base-dagate-naturelle-verte-35-pierres","status":"publish","type":"product","link":"https:\/\/aromasentia.com\/fr\/arbre-a-pierres-precieuses-aventurine-verte-sur-base-dagate-naturelle-verte-35-pierres\/","title":{"rendered":"Arbre \u00e0 Pierres Pr\u00e9cieuses &#8211; Aventurine Verte sur Base d&rsquo;Agate Naturelle Verte (35 pierres)"},"content":{"rendered":"<p>Ces cr\u00e9ations remarquables sont une symphonie de couleurs, d&rsquo;\u00e9nergie et de style qui captivera vraiment vos clients.&nbsp;<\/p>\n<p>Fabriqu\u00e9 avec soin et finesse artistique, chaque arbre de pierres pr\u00e9cieuses est con&ccedil;u pour ravir l&rsquo;\u0153il et harmoniser votre espace. &nbsp;<\/p>\n<p><strong><span style=\"color: rgb(75, 80, 88);\">L&rsquo;arbre de 35 pierres pr\u00e9cieuses en aventurine verte r\u00e9sonne avec les \u00e9nergies de la prosp\u00e9rit\u00e9 et du d\u00e9veloppement personnel.&nbsp;<\/span><\/strong><\/p>\n<p>C&rsquo;est comme un mini jardin d&rsquo;abondance. Les branches de ces arbres sont fabriqu\u00e9es \u00e0 partir d&rsquo;un fil m\u00e9tallique flexible, de sorte que les clients peuvent les ajuster \u00e0 leur guise, cr\u00e9ant ainsi une pr\u00e9sentation dynamique et unique.&nbsp;<\/p>\n<p><strong><span style=\"color: rgb(141, 186, 216);\">Vos clients seront attir\u00e9s par ces pi\u00e8ces exquises qui allient l&rsquo;esth\u00e9tique \u00e0 la gu\u00e9rison et \u00e0 la transformation. <\/span><\/strong><\/p>\n<p><em>Dimensions : 7 4,5 x 10 cm : 7 4,5 x 10cm<\/em><\/p>\n","protected":false},"excerpt":{"rendered":"<p>Ces cr\u00e9ations remarquables sont une symphonie de couleurs, d&rsquo;\u00e9nergie et de style qui captivera vraiment vos clients.&nbsp; Fabriqu\u00e9 avec soin et finesse artistique, chaque arbre de pierres pr\u00e9cieuses est con&ccedil;u pour ravir l&rsquo;\u0153il et harmoniser votre espace. &nbsp; L&rsquo;arbre de 35 pierres pr\u00e9cieuses en aventurine verte r\u00e9sonne avec les \u00e9nergies de la prosp\u00e9rit\u00e9 et du [&hellip;]<\/p>\n","protected":false},"featured_media":329850,"comment_status":"closed","ping_status":"open","template":"","meta":[],"product_brand":[],"product_cat":[25536,25557,19265,17264,25226],"product_tag":[],"class_list":{"0":"post-233848","1":"product","2":"type-product","3":"status-publish","4":"has-post-thumbnail","6":"product_cat-agate","7":"product_cat-aventurine","8":"product_cat-bijoux-en-pierre-precieuse-et-accessoires","9":"product_cat-cadeaux-esoterique","10":"product_cat-pierres-et-mineraux","11":"pa_collection-gemstone-trees-with-agate-base-fr","12":"pa_made-in-inde","14":"first","15":"instock","16":"purchasable","17":"product-type-simple"},"supplier_id":null,"supplier_sku":"AGemT-04","barcode":null,"atum_controlled":true,"out_stock_date":null,"out_stock_threshold":null,"inheritable":false,"inbound_stock":null,"stock_on_hold":0,"sold_today":0,"sales_last_days":0,"reserved_stock":null,"customer_returns":null,"warehouse_damage":null,"lost_in_post":null,"other_logs":null,"out_stock_days":0,"lost_sales":0,"has_location":null,"update_date":"2026-02-10T16:33:41","atum_locations":[],"atum_stock_status":"instock","restock_status":false,"low_stock_amount":"","sales_update_date":"2025-10-09T03:22:56","calc_backorders":null,"_links":{"self":[{"href":"https:\/\/aromasentia.com\/fr\/wp-json\/wp\/v2\/product\/233848","targetHints":{"allow":["GET"]}}],"collection":[{"href":"https:\/\/aromasentia.com\/fr\/wp-json\/wp\/v2\/product"}],"about":[{"href":"https:\/\/aromasentia.com\/fr\/wp-json\/wp\/v2\/types\/product"}],"replies":[{"embeddable":true,"href":"https:\/\/aromasentia.com\/fr\/wp-json\/wp\/v2\/comments?post=233848"}],"version-history":[{"count":0,"href":"https:\/\/aromasentia.com\/fr\/wp-json\/wp\/v2\/product\/233848\/revisions"}],"wp:featuredmedia":[{"embeddable":true,"href":"https:\/\/aromasentia.com\/fr\/wp-json\/wp\/v2\/media\/329850"}],"wp:attachment":[{"href":"https:\/\/aromasentia.com\/fr\/wp-json\/wp\/v2\/media?parent=233848"}],"wp:term":[{"taxonomy":"product_brand","embeddable":true,"href":"https:\/\/aromasentia.com\/fr\/wp-json\/wp\/v2\/product_brand?post=233848"},{"taxonomy":"product_cat","embeddable":true,"href":"https:\/\/aromasentia.com\/fr\/wp-json\/wp\/v2\/product_cat?post=233848"},{"taxonomy":"product_tag","embeddable":true,"href":"https:\/\/aromasentia.com\/fr\/wp-json\/wp\/v2\/product_tag?post=233848"}],"curies":[{"name":"wp","href":"https:\/\/api.w.org\/{rel}","templated":true}]}}