{"id":233840,"date":"2025-03-22T13:29:09","date_gmt":"2025-03-22T13:29:09","guid":{"rendered":"https:\/\/aromasentia.com\/product\/gemstone-tree-amethyst-on-natural-agate-base-35-stones\/"},"modified":"2025-06-23T18:56:21","modified_gmt":"2025-06-23T18:56:21","slug":"arbre-a-pierres-precieuses-amethyste-sur-base-dagate-naturelle-35-pierres","status":"publish","type":"product","link":"https:\/\/aromasentia.com\/fr\/arbre-a-pierres-precieuses-amethyste-sur-base-dagate-naturelle-35-pierres\/","title":{"rendered":"Arbre \u00e0 Pierres Pr\u00e9cieuses &#8211; Am\u00e9thyste sur Base d&rsquo;Agate Naturelle (35 pierres)"},"content":{"rendered":"<p>Ces cr\u00e9ations remarquables sont une symphonie de couleurs, d&rsquo;\u00e9nergie et de style qui captivera vraiment vos clients.&nbsp;<\/p>\n<p>Fabriqu\u00e9 avec soin et finesse artistique, chaque arbre de pierres pr\u00e9cieuses est con&ccedil;u pour ravir l&rsquo;\u0153il et harmoniser votre espace.&nbsp;<\/p>\n<p><strong><span style=\"color: rgb(75, 80, 88);\">L&rsquo;arbre de 35 pierres pr\u00e9cieuses en am\u00e9thyste respire la s\u00e9r\u00e9nit\u00e9 et la sagesse.<\/span><\/strong> Ses teintes violettes royales apportent une aura de calme et de clart\u00e9 mentale \u00e0 n&rsquo;importe quel endroit. Les branches de ces arbres sont fabriqu\u00e9es \u00e0 partir d&rsquo;un fil m\u00e9tallique flexible, de sorte que les clients peuvent les ajuster \u00e0 leur guise, cr\u00e9ant ainsi une pr\u00e9sentation dynamique et unique.&nbsp;<\/p>\n<p><strong><span style=\"color: rgb(141, 186, 216);\">Vos clients seront attir\u00e9s par ces pi\u00e8ces exquises qui allient l&rsquo;esth\u00e9tique \u00e0 la gu\u00e9rison et \u00e0 la transformation. <\/span><\/strong><\/p>\n<p><em>Dimensions : 7 x 4,5 x 10 cm : 7 x 4,5 x 10cm<\/em><\/p>\n","protected":false},"excerpt":{"rendered":"<p>Ces cr\u00e9ations remarquables sont une symphonie de couleurs, d&rsquo;\u00e9nergie et de style qui captivera vraiment vos clients.&nbsp; Fabriqu\u00e9 avec soin et finesse artistique, chaque arbre de pierres pr\u00e9cieuses est con&ccedil;u pour ravir l&rsquo;\u0153il et harmoniser votre espace.&nbsp; L&rsquo;arbre de 35 pierres pr\u00e9cieuses en am\u00e9thyste respire la s\u00e9r\u00e9nit\u00e9 et la sagesse. Ses teintes violettes royales apportent [&hellip;]<\/p>\n","protected":false},"featured_media":329792,"comment_status":"closed","ping_status":"open","template":"","meta":[],"product_brand":[],"product_cat":[25536,25543,19265,17264,25226],"product_tag":[],"class_list":{"0":"post-233840","1":"product","2":"type-product","3":"status-publish","4":"has-post-thumbnail","6":"product_cat-agate","7":"product_cat-amethyste","8":"product_cat-bijoux-en-pierre-precieuse-et-accessoires","9":"product_cat-cadeaux-esoterique","10":"product_cat-pierres-et-mineraux","11":"pa_collection-gemstone-trees-with-agate-base-fr","12":"pa_made-in-inde","14":"first","15":"instock","16":"purchasable","17":"product-type-simple"},"supplier_id":null,"supplier_sku":"AGemT-02","barcode":null,"atum_controlled":true,"out_stock_date":null,"out_stock_threshold":null,"inheritable":false,"inbound_stock":null,"stock_on_hold":0,"sold_today":0,"sales_last_days":0,"reserved_stock":null,"customer_returns":null,"warehouse_damage":null,"lost_in_post":null,"other_logs":null,"out_stock_days":0,"lost_sales":0,"has_location":null,"update_date":"2026-02-11T12:53:25","atum_locations":[],"atum_stock_status":"instock","restock_status":false,"low_stock_amount":"","sales_update_date":"2025-10-09T03:22:56","calc_backorders":null,"_links":{"self":[{"href":"https:\/\/aromasentia.com\/fr\/wp-json\/wp\/v2\/product\/233840","targetHints":{"allow":["GET"]}}],"collection":[{"href":"https:\/\/aromasentia.com\/fr\/wp-json\/wp\/v2\/product"}],"about":[{"href":"https:\/\/aromasentia.com\/fr\/wp-json\/wp\/v2\/types\/product"}],"replies":[{"embeddable":true,"href":"https:\/\/aromasentia.com\/fr\/wp-json\/wp\/v2\/comments?post=233840"}],"version-history":[{"count":0,"href":"https:\/\/aromasentia.com\/fr\/wp-json\/wp\/v2\/product\/233840\/revisions"}],"wp:featuredmedia":[{"embeddable":true,"href":"https:\/\/aromasentia.com\/fr\/wp-json\/wp\/v2\/media\/329792"}],"wp:attachment":[{"href":"https:\/\/aromasentia.com\/fr\/wp-json\/wp\/v2\/media?parent=233840"}],"wp:term":[{"taxonomy":"product_brand","embeddable":true,"href":"https:\/\/aromasentia.com\/fr\/wp-json\/wp\/v2\/product_brand?post=233840"},{"taxonomy":"product_cat","embeddable":true,"href":"https:\/\/aromasentia.com\/fr\/wp-json\/wp\/v2\/product_cat?post=233840"},{"taxonomy":"product_tag","embeddable":true,"href":"https:\/\/aromasentia.com\/fr\/wp-json\/wp\/v2\/product_tag?post=233840"}],"curies":[{"name":"wp","href":"https:\/\/api.w.org\/{rel}","templated":true}]}}