{"id":233816,"date":"2025-03-22T13:29:17","date_gmt":"2025-03-22T13:29:17","guid":{"rendered":"https:\/\/aromasentia.com\/product\/bag-of-24-small-african-tumble-stones-bloodstone-sephtonite\/"},"modified":"2025-06-23T18:56:19","modified_gmt":"2025-06-23T18:56:19","slug":"petites-pierres-roulees-africaines-bloodstone-sephtonite","status":"publish","type":"product","link":"https:\/\/aromasentia.com\/fr\/petites-pierres-roulees-africaines-bloodstone-sephtonite\/","title":{"rendered":"Petites Pierres Roul\u00e9es Africaines &#8211; Bloodstone &#8211; Sephtonite"},"content":{"rendered":"<p><strong><span style=\"color: rgb(75, 80, 88);\">La Pierre de sang&nbsp;<\/span><\/strong>est une vari\u00e9t\u00e9 rare de calc\u00e9doine. C&rsquo;est une pierre vert fonc\u00e9 avec des taches rouges en raison de la teneur en oxyde de fer.&nbsp;<\/p>\n<p>Les inclusions rouges peuvent prendre plusieurs formes : taches, rayures et peuvent \u00eatre fonc\u00e9es ou presque invisibles. Beau et s\u00e9duisant min\u00e9ral appr\u00e9ci\u00e9 des collectionneurs.&nbsp;<\/p>\n<p>La pierre de sang est consid\u00e9r\u00e9e comme une pierre de courage et de gagnants.<\/p>\n","protected":false},"excerpt":{"rendered":"<p>La Pierre de sang&nbsp;est une vari\u00e9t\u00e9 rare de calc\u00e9doine. C&rsquo;est une pierre vert fonc\u00e9 avec des taches rouges en raison de la teneur en oxyde de fer.&nbsp; Les inclusions rouges peuvent prendre plusieurs formes : taches, rayures et peuvent \u00eatre fonc\u00e9es ou presque invisibles. Beau et s\u00e9duisant min\u00e9ral appr\u00e9ci\u00e9 des collectionneurs.&nbsp; La pierre de sang [&hellip;]<\/p>\n","protected":false},"featured_media":331151,"comment_status":"closed","ping_status":"open","template":"","meta":{"_angie_page":false},"product_brand":[],"product_cat":[17264,25565,25226,18938],"product_tag":[],"class_list":{"0":"post-233816","1":"product","2":"type-product","3":"status-publish","4":"has-post-thumbnail","6":"product_cat-cadeaux-esoterique","7":"product_cat-pierre-de-sang","8":"product_cat-pierres-et-mineraux","9":"product_cat-pierres-roulees","10":"pa_made-in-afrique-du-sud","12":"first","13":"instock","14":"purchasable","15":"product-type-simple"},"supplier_id":null,"supplier_sku":"ATumbleS-19","barcode":null,"atum_controlled":true,"out_stock_date":null,"out_stock_threshold":null,"inheritable":false,"inbound_stock":null,"stock_on_hold":0,"sold_today":0,"sales_last_days":0,"reserved_stock":null,"customer_returns":null,"warehouse_damage":null,"lost_in_post":null,"other_logs":null,"out_stock_days":0,"lost_sales":0,"has_location":null,"update_date":"2026-04-27T06:51:38","atum_locations":[],"atum_stock_status":"instock","restock_status":false,"low_stock_amount":"","sales_update_date":"2026-01-30T01:24:48","calc_backorders":null,"_links":{"self":[{"href":"https:\/\/aromasentia.com\/fr\/wp-json\/wp\/v2\/product\/233816","targetHints":{"allow":["GET"]}}],"collection":[{"href":"https:\/\/aromasentia.com\/fr\/wp-json\/wp\/v2\/product"}],"about":[{"href":"https:\/\/aromasentia.com\/fr\/wp-json\/wp\/v2\/types\/product"}],"replies":[{"embeddable":true,"href":"https:\/\/aromasentia.com\/fr\/wp-json\/wp\/v2\/comments?post=233816"}],"version-history":[{"count":0,"href":"https:\/\/aromasentia.com\/fr\/wp-json\/wp\/v2\/product\/233816\/revisions"}],"wp:featuredmedia":[{"embeddable":true,"href":"https:\/\/aromasentia.com\/fr\/wp-json\/wp\/v2\/media\/331151"}],"wp:attachment":[{"href":"https:\/\/aromasentia.com\/fr\/wp-json\/wp\/v2\/media?parent=233816"}],"wp:term":[{"taxonomy":"product_brand","embeddable":true,"href":"https:\/\/aromasentia.com\/fr\/wp-json\/wp\/v2\/product_brand?post=233816"},{"taxonomy":"product_cat","embeddable":true,"href":"https:\/\/aromasentia.com\/fr\/wp-json\/wp\/v2\/product_cat?post=233816"},{"taxonomy":"product_tag","embeddable":true,"href":"https:\/\/aromasentia.com\/fr\/wp-json\/wp\/v2\/product_tag?post=233816"}],"curies":[{"name":"wp","href":"https:\/\/api.w.org\/{rel}","templated":true}]}}