{"id":233812,"date":"2025-03-22T13:29:17","date_gmt":"2025-03-22T13:29:17","guid":{"rendered":"https:\/\/aromasentia.com\/product\/bag-of-24-small-african-tumble-stones-aventurine\/"},"modified":"2025-06-23T18:56:18","modified_gmt":"2025-06-23T18:56:18","slug":"petites-pierres-roulees-africaines-aventurine","status":"publish","type":"product","link":"https:\/\/aromasentia.com\/fr\/petites-pierres-roulees-africaines-aventurine\/","title":{"rendered":"Petites Pierres Roul\u00e9es Africaines &#8211; Aventurine"},"content":{"rendered":"<p><strong><span style=\"color: rgb(75, 80, 88);\">L&rsquo;Aventurine&nbsp;<\/span><\/strong>n&rsquo;est pas r\u00e9ellement un min\u00e9ral, mais plut\u00f4t un agr\u00e9gat compos\u00e9 de grains de quartz et d&rsquo;\u00e9cailles de mica.&nbsp;<\/p>\n<p>Certaines sources disent que les outils en aventurine \u00e9taient d\u00e9j\u00e0 utilis\u00e9s par les humains primitifs.&nbsp;<\/p>\n<p>En g\u00e9n\u00e9ral, elle est consid\u00e9r\u00e9e comme une pierre qui symbolise la chance et le succ\u00e8s.<\/p>\n","protected":false},"excerpt":{"rendered":"<p>L&rsquo;Aventurine&nbsp;n&rsquo;est pas r\u00e9ellement un min\u00e9ral, mais plut\u00f4t un agr\u00e9gat compos\u00e9 de grains de quartz et d&rsquo;\u00e9cailles de mica.&nbsp; Certaines sources disent que les outils en aventurine \u00e9taient d\u00e9j\u00e0 utilis\u00e9s par les humains primitifs.&nbsp; En g\u00e9n\u00e9ral, elle est consid\u00e9r\u00e9e comme une pierre qui symbolise la chance et le succ\u00e8s.<\/p>\n","protected":false},"featured_media":331134,"comment_status":"closed","ping_status":"open","template":"","meta":{"_angie_page":false},"product_brand":[],"product_cat":[25557,17264,25226,18938],"product_tag":[],"class_list":{"0":"post-233812","1":"product","2":"type-product","3":"status-publish","4":"has-post-thumbnail","6":"product_cat-aventurine","7":"product_cat-cadeaux-esoterique","8":"product_cat-pierres-et-mineraux","9":"product_cat-pierres-roulees","10":"pa_made-in-afrique-du-sud","12":"first","13":"instock","14":"purchasable","15":"product-type-simple"},"supplier_id":null,"supplier_sku":"ATumbleS-18","barcode":null,"atum_controlled":true,"out_stock_date":null,"out_stock_threshold":null,"inheritable":false,"inbound_stock":null,"stock_on_hold":0,"sold_today":0,"sales_last_days":0,"reserved_stock":null,"customer_returns":null,"warehouse_damage":null,"lost_in_post":null,"other_logs":null,"out_stock_days":0,"lost_sales":0,"has_location":null,"update_date":"2026-04-27T06:51:38","atum_locations":[],"atum_stock_status":"instock","restock_status":false,"low_stock_amount":"","sales_update_date":"2025-10-09T03:24:05","calc_backorders":null,"_links":{"self":[{"href":"https:\/\/aromasentia.com\/fr\/wp-json\/wp\/v2\/product\/233812","targetHints":{"allow":["GET"]}}],"collection":[{"href":"https:\/\/aromasentia.com\/fr\/wp-json\/wp\/v2\/product"}],"about":[{"href":"https:\/\/aromasentia.com\/fr\/wp-json\/wp\/v2\/types\/product"}],"replies":[{"embeddable":true,"href":"https:\/\/aromasentia.com\/fr\/wp-json\/wp\/v2\/comments?post=233812"}],"version-history":[{"count":0,"href":"https:\/\/aromasentia.com\/fr\/wp-json\/wp\/v2\/product\/233812\/revisions"}],"wp:featuredmedia":[{"embeddable":true,"href":"https:\/\/aromasentia.com\/fr\/wp-json\/wp\/v2\/media\/331134"}],"wp:attachment":[{"href":"https:\/\/aromasentia.com\/fr\/wp-json\/wp\/v2\/media?parent=233812"}],"wp:term":[{"taxonomy":"product_brand","embeddable":true,"href":"https:\/\/aromasentia.com\/fr\/wp-json\/wp\/v2\/product_brand?post=233812"},{"taxonomy":"product_cat","embeddable":true,"href":"https:\/\/aromasentia.com\/fr\/wp-json\/wp\/v2\/product_cat?post=233812"},{"taxonomy":"product_tag","embeddable":true,"href":"https:\/\/aromasentia.com\/fr\/wp-json\/wp\/v2\/product_tag?post=233812"}],"curies":[{"name":"wp","href":"https:\/\/api.w.org\/{rel}","templated":true}]}}