{"id":233800,"date":"2025-03-22T13:29:17","date_gmt":"2025-03-22T13:29:17","guid":{"rendered":"https:\/\/aromasentia.com\/product\/bag-of-24-small-african-tumble-stones-sodalite-pure-blue\/"},"modified":"2025-06-23T18:56:17","modified_gmt":"2025-06-23T18:56:17","slug":"petites-pierres-roulees-africaines-sodalite-bleu-pur","status":"publish","type":"product","link":"https:\/\/aromasentia.com\/fr\/petites-pierres-roulees-africaines-sodalite-bleu-pur\/","title":{"rendered":"Petites Pierres Roul\u00e9es Africaines &#8211; Sodalite &#8211; Bleu pur"},"content":{"rendered":"<p><strong><span style=\"color: rgb(75, 80, 88);\">La Sodalite<\/span><\/strong> est un min\u00e9ral du groupe des silicates. C&rsquo;est une pierre rare et tr\u00e8s recherch\u00e9e. Sa couleur est douce et apaisante.&nbsp;<\/p>\n<p>La sodalite est consid\u00e9r\u00e9e comme la pierre qui \u00ab\u00a0ouvre\u00a0\u00bb notre esprit.<\/p>\n","protected":false},"excerpt":{"rendered":"<p>La Sodalite est un min\u00e9ral du groupe des silicates. C&rsquo;est une pierre rare et tr\u00e8s recherch\u00e9e. Sa couleur est douce et apaisante.&nbsp; La sodalite est consid\u00e9r\u00e9e comme la pierre qui \u00ab\u00a0ouvre\u00a0\u00bb notre esprit.<\/p>\n","protected":false},"featured_media":331083,"comment_status":"closed","ping_status":"open","template":"","meta":{"_angie_page":false},"product_brand":[],"product_cat":[17264,25226,18938,25772],"product_tag":[],"class_list":{"0":"post-233800","1":"product","2":"type-product","3":"status-publish","4":"has-post-thumbnail","6":"product_cat-cadeaux-esoterique","7":"product_cat-pierres-et-mineraux","8":"product_cat-pierres-roulees","9":"product_cat-sodalite","10":"pa_made-in-afrique-du-sud","12":"first","13":"outofstock","14":"purchasable","15":"product-type-simple"},"supplier_id":null,"supplier_sku":"ATumbleS-15","barcode":null,"atum_controlled":true,"out_stock_date":"2026-04-25 15:19:40","out_stock_threshold":null,"inheritable":false,"inbound_stock":null,"stock_on_hold":0,"sold_today":0,"sales_last_days":0,"reserved_stock":null,"customer_returns":null,"warehouse_damage":null,"lost_in_post":null,"other_logs":null,"out_stock_days":0,"lost_sales":0,"has_location":null,"update_date":"2026-04-27T06:51:38","atum_locations":[],"atum_stock_status":"outofstock","restock_status":false,"low_stock_amount":"","sales_update_date":"2025-10-09T03:24:01","calc_backorders":null,"_links":{"self":[{"href":"https:\/\/aromasentia.com\/fr\/wp-json\/wp\/v2\/product\/233800","targetHints":{"allow":["GET"]}}],"collection":[{"href":"https:\/\/aromasentia.com\/fr\/wp-json\/wp\/v2\/product"}],"about":[{"href":"https:\/\/aromasentia.com\/fr\/wp-json\/wp\/v2\/types\/product"}],"replies":[{"embeddable":true,"href":"https:\/\/aromasentia.com\/fr\/wp-json\/wp\/v2\/comments?post=233800"}],"version-history":[{"count":0,"href":"https:\/\/aromasentia.com\/fr\/wp-json\/wp\/v2\/product\/233800\/revisions"}],"wp:featuredmedia":[{"embeddable":true,"href":"https:\/\/aromasentia.com\/fr\/wp-json\/wp\/v2\/media\/331083"}],"wp:attachment":[{"href":"https:\/\/aromasentia.com\/fr\/wp-json\/wp\/v2\/media?parent=233800"}],"wp:term":[{"taxonomy":"product_brand","embeddable":true,"href":"https:\/\/aromasentia.com\/fr\/wp-json\/wp\/v2\/product_brand?post=233800"},{"taxonomy":"product_cat","embeddable":true,"href":"https:\/\/aromasentia.com\/fr\/wp-json\/wp\/v2\/product_cat?post=233800"},{"taxonomy":"product_tag","embeddable":true,"href":"https:\/\/aromasentia.com\/fr\/wp-json\/wp\/v2\/product_tag?post=233800"}],"curies":[{"name":"wp","href":"https:\/\/api.w.org\/{rel}","templated":true}]}}