{"id":233784,"date":"2025-03-22T13:29:17","date_gmt":"2025-03-22T13:29:17","guid":{"rendered":"https:\/\/aromasentia.com\/product\/bag-of-24-small-african-tumble-stones-unakite\/"},"modified":"2025-06-23T18:56:15","modified_gmt":"2025-06-23T18:56:15","slug":"petites-pierres-roulees-africaines-unakite","status":"publish","type":"product","link":"https:\/\/aromasentia.com\/fr\/petites-pierres-roulees-africaines-unakite\/","title":{"rendered":"Petites Pierres Roul\u00e9es Africaines &#8211; Unakite"},"content":{"rendered":"<p><strong><span style=\"color: rgb(75, 80, 88);\">L&rsquo;Unakite<\/span><\/strong> n&rsquo;est pas vraiment un min\u00e9ral, mais une roche granitique m\u00e9tamorphique &#8211; elle est le r\u00e9sultat de transformations hydrothermales.&nbsp;<\/p>\n<p>Cette roche est constitu\u00e9e d&rsquo;\u00e9pidote, d&rsquo;orthose et de quartz. Son charme r\u00e9side dans le naturel et la douceur de ses couleurs.<\/p>\n","protected":false},"excerpt":{"rendered":"<p>L&rsquo;Unakite n&rsquo;est pas vraiment un min\u00e9ral, mais une roche granitique m\u00e9tamorphique &#8211; elle est le r\u00e9sultat de transformations hydrothermales.&nbsp; Cette roche est constitu\u00e9e d&rsquo;\u00e9pidote, d&rsquo;orthose et de quartz. Son charme r\u00e9side dans le naturel et la douceur de ses couleurs.<\/p>\n","protected":false},"featured_media":331015,"comment_status":"closed","ping_status":"open","template":"","meta":{"_angie_page":false},"product_brand":[],"product_cat":[17264,18938],"product_tag":[],"class_list":{"0":"post-233784","1":"product","2":"type-product","3":"status-publish","4":"has-post-thumbnail","6":"product_cat-cadeaux-esoterique","7":"product_cat-pierres-roulees","8":"pa_made-in-afrique-du-sud","10":"first","11":"instock","12":"purchasable","13":"product-type-simple"},"supplier_id":null,"supplier_sku":"ATumbleS-11","barcode":null,"atum_controlled":true,"out_stock_date":null,"out_stock_threshold":null,"inheritable":false,"inbound_stock":null,"stock_on_hold":0,"sold_today":0,"sales_last_days":0,"reserved_stock":null,"customer_returns":null,"warehouse_damage":null,"lost_in_post":null,"other_logs":null,"out_stock_days":0,"lost_sales":0,"has_location":null,"update_date":"2026-04-27T06:51:38","atum_locations":[],"atum_stock_status":"instock","restock_status":false,"low_stock_amount":"","sales_update_date":"2026-01-30T01:24:53","calc_backorders":null,"_links":{"self":[{"href":"https:\/\/aromasentia.com\/fr\/wp-json\/wp\/v2\/product\/233784","targetHints":{"allow":["GET"]}}],"collection":[{"href":"https:\/\/aromasentia.com\/fr\/wp-json\/wp\/v2\/product"}],"about":[{"href":"https:\/\/aromasentia.com\/fr\/wp-json\/wp\/v2\/types\/product"}],"replies":[{"embeddable":true,"href":"https:\/\/aromasentia.com\/fr\/wp-json\/wp\/v2\/comments?post=233784"}],"version-history":[{"count":0,"href":"https:\/\/aromasentia.com\/fr\/wp-json\/wp\/v2\/product\/233784\/revisions"}],"wp:featuredmedia":[{"embeddable":true,"href":"https:\/\/aromasentia.com\/fr\/wp-json\/wp\/v2\/media\/331015"}],"wp:attachment":[{"href":"https:\/\/aromasentia.com\/fr\/wp-json\/wp\/v2\/media?parent=233784"}],"wp:term":[{"taxonomy":"product_brand","embeddable":true,"href":"https:\/\/aromasentia.com\/fr\/wp-json\/wp\/v2\/product_brand?post=233784"},{"taxonomy":"product_cat","embeddable":true,"href":"https:\/\/aromasentia.com\/fr\/wp-json\/wp\/v2\/product_cat?post=233784"},{"taxonomy":"product_tag","embeddable":true,"href":"https:\/\/aromasentia.com\/fr\/wp-json\/wp\/v2\/product_tag?post=233784"}],"curies":[{"name":"wp","href":"https:\/\/api.w.org\/{rel}","templated":true}]}}