{"id":233776,"date":"2025-03-22T13:29:17","date_gmt":"2025-03-22T13:29:17","guid":{"rendered":"https:\/\/aromasentia.com\/product\/bag-of-24-small-african-tumble-stones-tigers-eye-blue\/"},"modified":"2025-06-23T18:56:14","modified_gmt":"2025-06-23T18:56:14","slug":"petites-pierresroulees-africaines-oeil-de-tigre-bleu","status":"publish","type":"product","link":"https:\/\/aromasentia.com\/fr\/petites-pierresroulees-africaines-oeil-de-tigre-bleu\/","title":{"rendered":"Petites PierresRoul\u00e9es Africaines &#8211; Oeil de tigre &#8211; Bleu"},"content":{"rendered":"<p>Rencontrez la teinte non standard, mais tout aussi belle de<strong><span style=\"color: rgb(75, 80, 88);\">&nbsp;<\/span><\/strong><span style=\"color: rgb(75, 80, 88);\">l&rsquo;\u0153il du tigre<\/span> &#8211; le bleu! Cette pierre pr\u00e9sente un effet optique d&rsquo;oeil de chat, qui appara\u00eet comme une ligne \u00e9troite de lumi\u00e8re, ressemblant aux pupilles d&rsquo;un tigre.<\/p>\n<p><strong><span style=\"color: rgb(75, 80, 88);\">L&rsquo;Oeil de Tigre Bleu<\/span><\/strong> est avidement choisi comme min\u00e9ral de collection, utilis\u00e9 dans des accessoires de d\u00e9coration tels que bo\u00eetes, cendriers, etc. On pense que cette pierre permet de vaincre la peur et de se donner du courage.&nbsp;<\/p>\n<p>Dans les temps anciens, il \u00e9tait consid\u00e9r\u00e9 comme un min\u00e9ral porteur de chance et de succ\u00e8s.<\/p>\n","protected":false},"excerpt":{"rendered":"<p>Rencontrez la teinte non standard, mais tout aussi belle de&nbsp;l&rsquo;\u0153il du tigre &#8211; le bleu! Cette pierre pr\u00e9sente un effet optique d&rsquo;oeil de chat, qui appara\u00eet comme une ligne \u00e9troite de lumi\u00e8re, ressemblant aux pupilles d&rsquo;un tigre. L&rsquo;Oeil de Tigre Bleu est avidement choisi comme min\u00e9ral de collection, utilis\u00e9 dans des accessoires de d\u00e9coration tels [&hellip;]<\/p>\n","protected":false},"featured_media":330981,"comment_status":"closed","ping_status":"open","template":"","meta":{"_angie_page":false},"product_brand":[],"product_cat":[17264,18938],"product_tag":[],"class_list":{"0":"post-233776","1":"product","2":"type-product","3":"status-publish","4":"has-post-thumbnail","6":"product_cat-cadeaux-esoterique","7":"product_cat-pierres-roulees","8":"pa_made-in-afrique-du-sud","10":"first","11":"instock","12":"purchasable","13":"product-type-simple"},"supplier_id":null,"supplier_sku":"ATumbleS-09","barcode":null,"atum_controlled":true,"out_stock_date":null,"out_stock_threshold":null,"inheritable":false,"inbound_stock":null,"stock_on_hold":0,"sold_today":0,"sales_last_days":0,"reserved_stock":null,"customer_returns":null,"warehouse_damage":null,"lost_in_post":null,"other_logs":null,"out_stock_days":0,"lost_sales":0,"has_location":null,"update_date":"2026-04-27T06:51:38","atum_locations":[],"atum_stock_status":"instock","restock_status":false,"low_stock_amount":"","sales_update_date":"2025-10-09T03:24:00","calc_backorders":null,"_links":{"self":[{"href":"https:\/\/aromasentia.com\/fr\/wp-json\/wp\/v2\/product\/233776","targetHints":{"allow":["GET"]}}],"collection":[{"href":"https:\/\/aromasentia.com\/fr\/wp-json\/wp\/v2\/product"}],"about":[{"href":"https:\/\/aromasentia.com\/fr\/wp-json\/wp\/v2\/types\/product"}],"replies":[{"embeddable":true,"href":"https:\/\/aromasentia.com\/fr\/wp-json\/wp\/v2\/comments?post=233776"}],"version-history":[{"count":0,"href":"https:\/\/aromasentia.com\/fr\/wp-json\/wp\/v2\/product\/233776\/revisions"}],"wp:featuredmedia":[{"embeddable":true,"href":"https:\/\/aromasentia.com\/fr\/wp-json\/wp\/v2\/media\/330981"}],"wp:attachment":[{"href":"https:\/\/aromasentia.com\/fr\/wp-json\/wp\/v2\/media?parent=233776"}],"wp:term":[{"taxonomy":"product_brand","embeddable":true,"href":"https:\/\/aromasentia.com\/fr\/wp-json\/wp\/v2\/product_brand?post=233776"},{"taxonomy":"product_cat","embeddable":true,"href":"https:\/\/aromasentia.com\/fr\/wp-json\/wp\/v2\/product_cat?post=233776"},{"taxonomy":"product_tag","embeddable":true,"href":"https:\/\/aromasentia.com\/fr\/wp-json\/wp\/v2\/product_tag?post=233776"}],"curies":[{"name":"wp","href":"https:\/\/api.w.org\/{rel}","templated":true}]}}