{"id":233756,"date":"2025-03-22T13:29:17","date_gmt":"2025-03-22T13:29:17","guid":{"rendered":"https:\/\/aromasentia.com\/product\/bag-of-24-small-african-tumble-stones-epidote-snowflake\/"},"modified":"2025-06-23T18:56:10","modified_gmt":"2025-06-23T18:56:10","slug":"petites-pierres-roulees-africaines-flocon-de-neige-depidote","status":"publish","type":"product","link":"https:\/\/aromasentia.com\/fr\/petites-pierres-roulees-africaines-flocon-de-neige-depidote\/","title":{"rendered":"Petites Pierres Roul\u00e9es Africaines &#8211; Flocon de neige d&rsquo;\u00e9pidote"},"content":{"rendered":"<p><strong><span style=\"color: rgb(75, 80, 88);\">Flocon de Neige Epidote&nbsp;<\/span><\/strong>a une teneur en quartz l\u00e9g\u00e8rement sup\u00e9rieure \u00e0 la moyenne, et donc &#8211; une couleur plus claire. C&rsquo;est de l\u00e0 que vient son nom d&rsquo;origine.&nbsp;<\/p>\n<p>Quant \u00e0 ses propri\u00e9t\u00e9s curatives, on pense que l&rsquo;\u00e9pidote de flocon de neige aide \u00e0 se manifester et vous permet de vous d\u00e9barrasser de l&rsquo;\u00e9nergie n\u00e9gative.<\/p>\n","protected":false},"excerpt":{"rendered":"<p>Flocon de Neige Epidote&nbsp;a une teneur en quartz l\u00e9g\u00e8rement sup\u00e9rieure \u00e0 la moyenne, et donc &#8211; une couleur plus claire. C&rsquo;est de l\u00e0 que vient son nom d&rsquo;origine.&nbsp; Quant \u00e0 ses propri\u00e9t\u00e9s curatives, on pense que l&rsquo;\u00e9pidote de flocon de neige aide \u00e0 se manifester et vous permet de vous d\u00e9barrasser de l&rsquo;\u00e9nergie n\u00e9gative.<\/p>\n","protected":false},"featured_media":330904,"comment_status":"closed","ping_status":"open","template":"","meta":[],"product_brand":[],"product_cat":[17264,25596,25226,18938],"product_tag":[],"class_list":{"0":"post-233756","1":"product","2":"type-product","3":"status-publish","4":"has-post-thumbnail","6":"product_cat-cadeaux-esoterique","7":"product_cat-epidote","8":"product_cat-pierres-et-mineraux","9":"product_cat-pierres-roulees","10":"pa_made-in-afrique-du-sud","12":"first","13":"instock","14":"purchasable","15":"product-type-simple"},"supplier_id":null,"supplier_sku":"ATumbleS-03","barcode":null,"atum_controlled":true,"out_stock_date":null,"out_stock_threshold":null,"inheritable":false,"inbound_stock":null,"stock_on_hold":0,"sold_today":0,"sales_last_days":0,"reserved_stock":null,"customer_returns":null,"warehouse_damage":null,"lost_in_post":null,"other_logs":null,"out_stock_days":0,"lost_sales":0,"has_location":null,"update_date":"2026-02-06T00:02:34","atum_locations":[],"atum_stock_status":"instock","restock_status":false,"low_stock_amount":"","sales_update_date":"2026-02-06T00:02:34","calc_backorders":null,"_links":{"self":[{"href":"https:\/\/aromasentia.com\/fr\/wp-json\/wp\/v2\/product\/233756","targetHints":{"allow":["GET"]}}],"collection":[{"href":"https:\/\/aromasentia.com\/fr\/wp-json\/wp\/v2\/product"}],"about":[{"href":"https:\/\/aromasentia.com\/fr\/wp-json\/wp\/v2\/types\/product"}],"replies":[{"embeddable":true,"href":"https:\/\/aromasentia.com\/fr\/wp-json\/wp\/v2\/comments?post=233756"}],"version-history":[{"count":0,"href":"https:\/\/aromasentia.com\/fr\/wp-json\/wp\/v2\/product\/233756\/revisions"}],"wp:featuredmedia":[{"embeddable":true,"href":"https:\/\/aromasentia.com\/fr\/wp-json\/wp\/v2\/media\/330904"}],"wp:attachment":[{"href":"https:\/\/aromasentia.com\/fr\/wp-json\/wp\/v2\/media?parent=233756"}],"wp:term":[{"taxonomy":"product_brand","embeddable":true,"href":"https:\/\/aromasentia.com\/fr\/wp-json\/wp\/v2\/product_brand?post=233756"},{"taxonomy":"product_cat","embeddable":true,"href":"https:\/\/aromasentia.com\/fr\/wp-json\/wp\/v2\/product_cat?post=233756"},{"taxonomy":"product_tag","embeddable":true,"href":"https:\/\/aromasentia.com\/fr\/wp-json\/wp\/v2\/product_tag?post=233756"}],"curies":[{"name":"wp","href":"https:\/\/api.w.org\/{rel}","templated":true}]}}