{"id":233752,"date":"2025-03-22T13:29:17","date_gmt":"2025-03-22T13:29:17","guid":{"rendered":"https:\/\/aromasentia.com\/product\/bag-of-24-small-african-tumble-stones-dragon-stones\/"},"modified":"2025-06-23T18:56:09","modified_gmt":"2025-06-23T18:56:09","slug":"petites-pierres-roulees-africaines-dragon-stones","status":"publish","type":"product","link":"https:\/\/aromasentia.com\/fr\/petites-pierres-roulees-africaines-dragon-stones\/","title":{"rendered":"Petites Pierres Roul\u00e9es Africaines &#8211; Dragon Stones"},"content":{"rendered":"<p>Le nom original de cette pierre vient d&rsquo;une l\u00e9gende populaire \u00e0 Madagascar. Selon elle, lorsque les dragons mouraient, leurs restes s&rsquo;ossifiaient et se d\u00e9posaient au fond de la mer.&nbsp;<\/p>\n<p>Et \u00e0 partir d&rsquo;eux, des Dragon Stones ont \u00e9t\u00e9 form\u00e9es, avec un m\u00e9lange extraordinaire de jaune, de brun dor\u00e9 et de noir, avec une touche de gris. Cette pierre pr\u00e9cieuse est le plus souvent compos\u00e9e de calcite, d&rsquo;aragonite et de calcaire gris, et est constitu\u00e9e de s\u00e9diments marins par des \u00e9ruptions volcaniques.&nbsp;<\/p>\n<p>Cependant, son caract\u00e8re unique signifie \u00e9galement de nombreuses surprises dans la composition. On peut trouver des sp\u00e9cimens contenant, entre autres, de l&rsquo;h\u00e9matite, du silex, du jaspe, de la dolomite et de la pyrite.&nbsp;<\/p>\n<p>Dragon Stone est consid\u00e9r\u00e9e comme la pierre parfaite pour les personnes avides de connaissances.<\/p>\n","protected":false},"excerpt":{"rendered":"<p>Le nom original de cette pierre vient d&rsquo;une l\u00e9gende populaire \u00e0 Madagascar. Selon elle, lorsque les dragons mouraient, leurs restes s&rsquo;ossifiaient et se d\u00e9posaient au fond de la mer.&nbsp; Et \u00e0 partir d&rsquo;eux, des Dragon Stones ont \u00e9t\u00e9 form\u00e9es, avec un m\u00e9lange extraordinaire de jaune, de brun dor\u00e9 et de noir, avec une touche de [&hellip;]<\/p>\n","protected":false},"featured_media":330887,"comment_status":"closed","ping_status":"open","template":"","meta":[],"product_brand":[],"product_cat":[17264,18938],"product_tag":[],"class_list":{"0":"post-233752","1":"product","2":"type-product","3":"status-publish","4":"has-post-thumbnail","6":"product_cat-cadeaux-esoterique","7":"product_cat-pierres-roulees","8":"pa_made-in-afrique-du-sud","10":"first","11":"instock","12":"purchasable","13":"product-type-simple"},"supplier_id":null,"supplier_sku":"ATumbleS-02","barcode":null,"atum_controlled":true,"out_stock_date":null,"out_stock_threshold":null,"inheritable":false,"inbound_stock":null,"stock_on_hold":0,"sold_today":0,"sales_last_days":0,"reserved_stock":null,"customer_returns":null,"warehouse_damage":null,"lost_in_post":null,"other_logs":null,"out_stock_days":0,"lost_sales":0,"has_location":null,"update_date":"2026-02-09T06:42:42","atum_locations":[],"atum_stock_status":"instock","restock_status":false,"low_stock_amount":"","sales_update_date":"2026-01-30T01:24:44","calc_backorders":null,"_links":{"self":[{"href":"https:\/\/aromasentia.com\/fr\/wp-json\/wp\/v2\/product\/233752","targetHints":{"allow":["GET"]}}],"collection":[{"href":"https:\/\/aromasentia.com\/fr\/wp-json\/wp\/v2\/product"}],"about":[{"href":"https:\/\/aromasentia.com\/fr\/wp-json\/wp\/v2\/types\/product"}],"replies":[{"embeddable":true,"href":"https:\/\/aromasentia.com\/fr\/wp-json\/wp\/v2\/comments?post=233752"}],"version-history":[{"count":0,"href":"https:\/\/aromasentia.com\/fr\/wp-json\/wp\/v2\/product\/233752\/revisions"}],"wp:featuredmedia":[{"embeddable":true,"href":"https:\/\/aromasentia.com\/fr\/wp-json\/wp\/v2\/media\/330887"}],"wp:attachment":[{"href":"https:\/\/aromasentia.com\/fr\/wp-json\/wp\/v2\/media?parent=233752"}],"wp:term":[{"taxonomy":"product_brand","embeddable":true,"href":"https:\/\/aromasentia.com\/fr\/wp-json\/wp\/v2\/product_brand?post=233752"},{"taxonomy":"product_cat","embeddable":true,"href":"https:\/\/aromasentia.com\/fr\/wp-json\/wp\/v2\/product_cat?post=233752"},{"taxonomy":"product_tag","embeddable":true,"href":"https:\/\/aromasentia.com\/fr\/wp-json\/wp\/v2\/product_tag?post=233752"}],"curies":[{"name":"wp","href":"https:\/\/api.w.org\/{rel}","templated":true}]}}