{"id":233720,"date":"2025-03-22T13:29:17","date_gmt":"2025-03-22T13:29:17","guid":{"rendered":"https:\/\/aromasentia.com\/product\/chakra-massage-wand-80-90mm\/"},"modified":"2025-06-23T18:56:05","modified_gmt":"2025-06-23T18:56:05","slug":"baguette-de-massage-chakra-80-90mm","status":"publish","type":"product","link":"https:\/\/aromasentia.com\/fr\/baguette-de-massage-chakra-80-90mm\/","title":{"rendered":"Baguette de Massage Chakra 80-90mm"},"content":{"rendered":"<p><strong><span style=\"color: rgb(75, 80, 88);\">Fabriqu\u00e9e avec soin, chaque pierre est fabriqu\u00e9e \u00e0 la main \u00e0 partir des plus belles pierres pr\u00e9cieuses, avec sept couleurs distinctes repr\u00e9sentant les chakras individuels.&nbsp;<\/span><\/strong><\/p>\n<p>Originaires de la terre mystique de l\u2019Inde, ces pierres de chakra li\u00e9es incarnent des traditions s\u00e9culaires de gu\u00e9rison par les pierres pr\u00e9cieuses. Les pierres de chakra li\u00e9es sont plus que de belles d\u00e9corations ; ce sont des outils profonds pour am\u00e9liorer le bien-\u00eatre et l\u2019harmonie spirituelle.&nbsp;<\/p>\n<p>Ces pierres pr\u00e9cieuses \u00e9sot\u00e9riques sont destin\u00e9es \u00e0 captiver vos clients et collectionneurs amateurs de pierres pr\u00e9cieuses.&nbsp;<\/p>\n<p>D\u00e9couvrez le toucher apaisant de notre Baguette de massage des chakras, taill\u00e9e dans les pierres pr\u00e9cieuses les plus fines.&nbsp;<\/p>\n<p>Ces baguettes ne sont pas seulement tr\u00e8s esth\u00e9tiques, elles sont aussi des outils polyvalents pour le travail \u00e9nerg\u00e9tique. Avec leurs extr\u00e9mit\u00e9s pointues, elles peuvent \u00eatre utilis\u00e9es pour diriger le flux d&rsquo;\u00e9nergie pendant les s\u00e9ances de gu\u00e9rison, favorisant la gu\u00e9rison et la relaxation tout en alignant vos chakras.<\/p>\n<p><strong><span style=\"color: rgb(141, 186, 216);\">Veuillez noter que ces Baguettes de massage des chakras sont fabriqu\u00e9es de mani\u00e8re artisanale et que de l\u00e9g\u00e8res variations de taille et de poids peuvent survenir en raison de leur nature artisanale.<\/span><\/strong><\/p>\n","protected":false},"excerpt":{"rendered":"<p>Fabriqu\u00e9e avec soin, chaque pierre est fabriqu\u00e9e \u00e0 la main \u00e0 partir des plus belles pierres pr\u00e9cieuses, avec sept couleurs distinctes repr\u00e9sentant les chakras individuels.&nbsp; Originaires de la terre mystique de l\u2019Inde, ces pierres de chakra li\u00e9es incarnent des traditions s\u00e9culaires de gu\u00e9rison par les pierres pr\u00e9cieuses. Les pierres de chakra li\u00e9es sont plus que [&hellip;]<\/p>\n","protected":false},"featured_media":331921,"comment_status":"closed","ping_status":"open","template":"","meta":[],"product_brand":[],"product_cat":[17264,19073],"product_tag":[],"class_list":{"0":"post-233720","1":"product","2":"type-product","3":"status-publish","4":"has-post-thumbnail","6":"product_cat-cadeaux-esoterique","7":"product_cat-pendentifs-pendules-et-jeu-de-runes","8":"pa_collection-bonded-chakra-stones-fr","9":"pa_made-in-inde","11":"first","12":"instock","13":"purchasable","14":"product-type-simple"},"supplier_id":null,"supplier_sku":"BBCs-06","barcode":null,"atum_controlled":true,"out_stock_date":null,"out_stock_threshold":null,"inheritable":false,"inbound_stock":null,"stock_on_hold":0,"sold_today":0,"sales_last_days":0,"reserved_stock":null,"customer_returns":null,"warehouse_damage":null,"lost_in_post":null,"other_logs":null,"out_stock_days":0,"lost_sales":0,"has_location":null,"update_date":"2026-02-06T00:02:09","atum_locations":[],"atum_stock_status":"instock","restock_status":false,"low_stock_amount":"","sales_update_date":"2026-02-06T00:02:09","calc_backorders":null,"_links":{"self":[{"href":"https:\/\/aromasentia.com\/fr\/wp-json\/wp\/v2\/product\/233720","targetHints":{"allow":["GET"]}}],"collection":[{"href":"https:\/\/aromasentia.com\/fr\/wp-json\/wp\/v2\/product"}],"about":[{"href":"https:\/\/aromasentia.com\/fr\/wp-json\/wp\/v2\/types\/product"}],"replies":[{"embeddable":true,"href":"https:\/\/aromasentia.com\/fr\/wp-json\/wp\/v2\/comments?post=233720"}],"version-history":[{"count":0,"href":"https:\/\/aromasentia.com\/fr\/wp-json\/wp\/v2\/product\/233720\/revisions"}],"wp:featuredmedia":[{"embeddable":true,"href":"https:\/\/aromasentia.com\/fr\/wp-json\/wp\/v2\/media\/331921"}],"wp:attachment":[{"href":"https:\/\/aromasentia.com\/fr\/wp-json\/wp\/v2\/media?parent=233720"}],"wp:term":[{"taxonomy":"product_brand","embeddable":true,"href":"https:\/\/aromasentia.com\/fr\/wp-json\/wp\/v2\/product_brand?post=233720"},{"taxonomy":"product_cat","embeddable":true,"href":"https:\/\/aromasentia.com\/fr\/wp-json\/wp\/v2\/product_cat?post=233720"},{"taxonomy":"product_tag","embeddable":true,"href":"https:\/\/aromasentia.com\/fr\/wp-json\/wp\/v2\/product_tag?post=233720"}],"curies":[{"name":"wp","href":"https:\/\/api.w.org\/{rel}","templated":true}]}}